{"id":38021,"date":"2019-07-17T15:09:56","date_gmt":"2019-07-17T13:09:56","guid":{"rendered":"https:\/\/mss-gmbh.net\/?page_id=38021"},"modified":"2019-07-17T15:25:20","modified_gmt":"2019-07-17T13:25:20","slug":"corropipe-grey_bewerung_beton","status":"publish","type":"page","link":"https:\/\/mss-gmbh.net\/en\/corropipe-grey_bewerung_beton\/","title":{"rendered":"CORROPIPE\u00ae grey \u2013 Korrosionsschutz f\u00fcr Bewehrung, Beton und Stahl"},"content":{"rendered":"<div class=\"wpb-content-wrapper\"><div class=\"vc_row wpb_row vc_row-fluid dt-default\" style=\"margin-top: 0px;margin-bottom: 0px\"><div class=\"wpb_column vc_column_container vc_col-sm-12\"><div class=\"vc_column-inner\"><div class=\"wpb_wrapper\">\n\t<div  class=\"wpb_single_image wpb_content_element vc_align_center\">\n\t\t\n\t\t<figure class=\"wpb_wrapper vc_figure\">\n\t\t\t<div class=\"vc_single_image-wrapper   vc_box_border_grey\"><img loading=\"lazy\" decoding=\"async\" width=\"300\" height=\"69\" src=\"https:\/\/mss-gmbh.net\/wp-content\/uploads\/2018\/09\/CORROPIPE-300x69.png\" class=\"vc_single_image-img attachment-medium\" alt=\"\" title=\"CORROPIPE\" srcset=\"https:\/\/mss-gmbh.net\/wp-content\/uploads\/2018\/09\/CORROPIPE-300x69.png 300w, https:\/\/mss-gmbh.net\/wp-content\/uploads\/2018\/09\/CORROPIPE.png 709w\" sizes=\"auto, (max-width: 300px) 100vw, 300px\"  data-dt-location=\"https:\/\/mss-gmbh.net\/en\/corropipe-2\/\" \/><\/div>\n\t\t<\/figure>\n\t<\/div>\n<\/div><\/div><\/div><\/div><div class=\"vc_row wpb_row vc_row-fluid vc_custom_1555325595586\"><div class=\"wpb_column vc_column_container vc_col-sm-12\"><div class=\"vc_column-inner\"><div class=\"wpb_wrapper\">\n\t<div class=\"wpb_text_column wpb_content_element\" >\n\t\t<div class=\"wpb_wrapper\">\n\t\t\t<h3>CORROPIPE\u00ae grey &#8211; Korrosionsschutz f\u00fcr Bewehrung und Beton<\/h3>\n<p>Betonbr\u00fccken, Parkh\u00e4user und Parkdecks unterscheiden sich von vielen anderen Bauwerken durch besondere Konstruktions- und Beanspruchungsmerkmale. Sie sind einer st\u00e4ndigen mechanischen Oberfl\u00e4chenbeanspruchung ausgesetzt und werden durch Regen- und Schmelzwassermengen beansprucht. Daher ist die Schadensanf\u00e4lligkeit dieser Bauten sehr hoch. Durch mangelhafte Planung, Ausf\u00fchrung und falsch ausgew\u00e4hlte<br \/>\nBaustoffe wird die Dauerhaftigkeit von Betonbr\u00fccken und Parkh\u00e4usern drastisch verringert. Ein langlebiger und effektiver Korrosionsschutz stellt somit einen wesentlichen und wichtigen Bestandteil bei der Erhaltung und Pflege von Stahl- und Betonoberfl\u00e4chen dar.<\/p>\n<p>MSS GmbH offers with CORROPIPE\u00ae grey, a practicable, robust and economical corrosion protection coating for various surfaces and applications. The combination of selected natural minerals plus a high-grade reactive fluid produces the ready-to-use mixture CORROPIPE\u00ae grey.<\/p>\n<p>Die MSS GmbH bietet neben der mineralischen Beschichtung CORROPIPE\u00ae grey auch Komplettl\u00f6sungen f\u00fcr die Instandsetzung von Stahl und Beton.<\/p>\n\n\t\t<\/div>\n\t<\/div>\n<div class=\"vc_separator wpb_content_element vc_separator_align_center vc_sep_width_100 vc_sep_border_width_2 vc_sep_pos_align_center vc_separator_no_text vc_sep_color_white wpb_content_element  wpb_content_element\" ><span class=\"vc_sep_holder vc_sep_holder_l\"><span class=\"vc_sep_line\"><\/span><\/span><span class=\"vc_sep_holder vc_sep_holder_r\"><span class=\"vc_sep_line\"><\/span><\/span>\n<\/div>\n\t<div class=\"wpb_text_column wpb_content_element\" >\n\t\t<div class=\"wpb_wrapper\">\n\t\t\t<h3>Korrosionssch\u00e4den auf Betonbr\u00fccken, Parkpl\u00e4tzen und Parkdecks<\/h3>\n\n\t\t<\/div>\n\t<\/div>\n<div class=\"vc_row wpb_row vc_inner vc_row-fluid\"><div class=\"wpb_column vc_column_container vc_col-sm-4\"><div class=\"vc_column-inner\"><div class=\"wpb_wrapper\">\n\t<div  class=\"wpb_single_image wpb_content_element vc_align_left\">\n\t\t\n\t\t<figure class=\"wpb_wrapper vc_figure\">\n\t\t\t<div class=\"vc_single_image-wrapper   vc_box_border_grey\"><img loading=\"lazy\" decoding=\"async\" width=\"300\" height=\"300\" src=\"https:\/\/mss-gmbh.net\/wp-content\/uploads\/2019\/07\/1-e1563369431214-300x300.jpg\" class=\"vc_single_image-img attachment-medium\" alt=\"\" title=\"1\" srcset=\"https:\/\/mss-gmbh.net\/wp-content\/uploads\/2019\/07\/1-e1563369431214-300x300.jpg 300w, https:\/\/mss-gmbh.net\/wp-content\/uploads\/2019\/07\/1-e1563369431214-150x150.jpg 150w, https:\/\/mss-gmbh.net\/wp-content\/uploads\/2019\/07\/1-e1563369431214.jpg 504w\" sizes=\"auto, (max-width: 300px) 100vw, 300px\"  data-dt-location=\"https:\/\/mss-gmbh.net\/en\/corropipe-grey_bewerung_beton\/attachment\/1\/\" \/><\/div>\n\t\t<\/figure>\n\t<\/div>\n\n\t<div class=\"wpb_text_column wpb_content_element  vc_custom_1563369268738\" >\n\t\t<div class=\"wpb_wrapper\">\n\t\t\t<p><em>Korrosionssch\u00e4den an einer\u00a0<\/em><i>Stahlbeton-St\u00fctze<\/i><\/p>\n\n\t\t<\/div>\n\t<\/div>\n<\/div><\/div><\/div><div class=\"wpb_column vc_column_container vc_col-sm-4\"><div class=\"vc_column-inner\"><div class=\"wpb_wrapper\">\n\t<div  class=\"wpb_single_image wpb_content_element vc_align_left\">\n\t\t\n\t\t<figure class=\"wpb_wrapper vc_figure\">\n\t\t\t<div class=\"vc_single_image-wrapper   vc_box_border_grey\"><img loading=\"lazy\" decoding=\"async\" width=\"300\" height=\"300\" src=\"https:\/\/mss-gmbh.net\/wp-content\/uploads\/2019\/07\/3-e1563369398426-300x300.jpg\" class=\"vc_single_image-img attachment-medium\" alt=\"\" title=\"3\" srcset=\"https:\/\/mss-gmbh.net\/wp-content\/uploads\/2019\/07\/3-e1563369398426-300x300.jpg 300w, https:\/\/mss-gmbh.net\/wp-content\/uploads\/2019\/07\/3-e1563369398426-150x150.jpg 150w, https:\/\/mss-gmbh.net\/wp-content\/uploads\/2019\/07\/3-e1563369398426.jpg 497w\" sizes=\"auto, (max-width: 300px) 100vw, 300px\"  data-dt-location=\"https:\/\/mss-gmbh.net\/en\/corropipe-grey_bewerung_beton\/attachment\/3\/\" \/><\/div>\n\t\t<\/figure>\n\t<\/div>\n\n\t<div class=\"wpb_text_column wpb_content_element  vc_custom_1563369277814\" >\n\t\t<div class=\"wpb_wrapper\">\n\t\t\t<p><em>Durchgerostete Abflussrohre<\/em><\/p>\n\n\t\t<\/div>\n\t<\/div>\n<\/div><\/div><\/div><div class=\"wpb_column vc_column_container vc_col-sm-4\"><div class=\"vc_column-inner\"><div class=\"wpb_wrapper\">\n\t<div  class=\"wpb_single_image wpb_content_element vc_align_left\">\n\t\t\n\t\t<figure class=\"wpb_wrapper vc_figure\">\n\t\t\t<div class=\"vc_single_image-wrapper   vc_box_border_grey\"><img loading=\"lazy\" decoding=\"async\" width=\"300\" height=\"300\" src=\"https:\/\/mss-gmbh.net\/wp-content\/uploads\/2019\/07\/5-e1563369348245-300x300.jpg\" class=\"vc_single_image-img attachment-medium\" alt=\"\" title=\"5\" srcset=\"https:\/\/mss-gmbh.net\/wp-content\/uploads\/2019\/07\/5-e1563369348245-300x300.jpg 300w, https:\/\/mss-gmbh.net\/wp-content\/uploads\/2019\/07\/5-e1563369348245-150x150.jpg 150w, https:\/\/mss-gmbh.net\/wp-content\/uploads\/2019\/07\/5-e1563369348245.jpg 522w\" sizes=\"auto, (max-width: 300px) 100vw, 300px\"  data-dt-location=\"https:\/\/mss-gmbh.net\/en\/corropipe-grey_bewerung_beton\/attachment\/5\/\" \/><\/div>\n\t\t<\/figure>\n\t<\/div>\n\n\t<div class=\"wpb_text_column wpb_content_element  vc_custom_1563369287539\" >\n\t\t<div class=\"wpb_wrapper\">\n\t\t\t<p><em>Korrosionssch\u00e4den an der Betonoberfl\u00e4che<\/em><\/p>\n\n\t\t<\/div>\n\t<\/div>\n<\/div><\/div><\/div><\/div><div class=\"vc_separator wpb_content_element vc_separator_align_center vc_sep_width_100 vc_sep_border_width_2 vc_sep_pos_align_center vc_separator_no_text vc_sep_color_white wpb_content_element  wpb_content_element\" ><span class=\"vc_sep_holder vc_sep_holder_l\"><span class=\"vc_sep_line\"><\/span><\/span><span class=\"vc_sep_holder vc_sep_holder_r\"><span class=\"vc_sep_line\"><\/span><\/span>\n<\/div>\n\t<div class=\"wpb_text_column wpb_content_element\" >\n\t\t<div class=\"wpb_wrapper\">\n\t\t\t<h3>Outstanding product properties<\/h3>\n\n\t\t<\/div>\n\t<\/div>\n<div class=\"vc_row wpb_row vc_inner vc_row-fluid\"><div class=\"wpb_column vc_column_container vc_col-sm-6\"><div class=\"vc_column-inner\"><div class=\"wpb_wrapper\">\n\t<div class=\"wpb_text_column wpb_content_element\" >\n\t\t<div class=\"wpb_wrapper\">\n\t\t\t<p>Mit CORROPIPE\u00ae grey bietet die MSS GmbH ein elastisches und zugleich robustes sowie gepr\u00fcftes, praxistaugliches und wirtschaftliches Korrosionsschutz-System f\u00fcr Beton- und Stahloberfl\u00e4chen.<\/p>\n<p>CORROPIPE\u00ae grey wird insbesondere auf Beton und rostigen Stahloberfl\u00e4chen verarbeitet, wo es keiner speziellen Untergrundvorbereitung bedarf. F\u00fcr die Verarbeitung reicht ein Reinheitsgrad nach ISO 8501-1 Sa1.<\/p>\n\n\t\t<\/div>\n\t<\/div>\n<\/div><\/div><\/div><div class=\"wpb_column vc_column_container vc_col-sm-6\"><div class=\"vc_column-inner\"><div class=\"wpb_wrapper\">\n\t<div class=\"wpb_text_column wpb_content_element\" >\n\t\t<div class=\"wpb_wrapper\">\n\t\t\t<h4>Vorteile gegen\u00fcber anderen Beschichtungen<\/h4>\n<ul>\n<li>wartungsfrei \u00fcber viele Jahre<\/li>\n<li>keine Grundinstandsetzung des Untergrundes notwendig<\/li>\n<li>besonders geeignet f\u00fcr Fl\u00e4chen mit hoher Restfeuchte<\/li>\n<li>fl\u00fcssigkeitsdicht bei gleichzeitiger Wasserdampfoffenheit<\/li>\n<li>hohe Druckbelastung bei sehr gutem Biegeverhalten<\/li>\n<li>flexible, dauerhafte Anbindung zu Beton und Stahl<\/li>\n<li>hohe Frost- und Lastwechselbest\u00e4ndigkeit<\/li>\n<\/ul>\n\n\t\t<\/div>\n\t<\/div>\n<\/div><\/div><\/div><\/div><div class=\"vc_row wpb_row vc_inner vc_row-fluid\"><div class=\"wpb_column vc_column_container vc_col-sm-6\"><div class=\"vc_column-inner\"><div class=\"wpb_wrapper\">\n\t<div  class=\"wpb_single_image wpb_content_element vc_align_center\">\n\t\t\n\t\t<figure class=\"wpb_wrapper vc_figure\">\n\t\t\t<div class=\"vc_single_image-wrapper   vc_box_border_grey\"><img loading=\"lazy\" decoding=\"async\" width=\"1000\" height=\"628\" src=\"https:\/\/mss-gmbh.net\/wp-content\/uploads\/2019\/07\/Airless_MSS-GmbH.jpg\" class=\"vc_single_image-img attachment-large\" alt=\"\" title=\"Airless_MSS-GmbH\" srcset=\"https:\/\/mss-gmbh.net\/wp-content\/uploads\/2019\/07\/Airless_MSS-GmbH.jpg 1000w, https:\/\/mss-gmbh.net\/wp-content\/uploads\/2019\/07\/Airless_MSS-GmbH-300x188.jpg 300w, https:\/\/mss-gmbh.net\/wp-content\/uploads\/2019\/07\/Airless_MSS-GmbH-768x482.jpg 768w\" sizes=\"auto, (max-width: 1000px) 100vw, 1000px\"  data-dt-location=\"https:\/\/mss-gmbh.net\/en\/corropipe-grey_bewerung_beton\/airless_mss-gmbh\/\" \/><\/div>\n\t\t<\/figure>\n\t<\/div>\n<\/div><\/div><\/div><div class=\"wpb_column vc_column_container vc_col-sm-6\"><div class=\"vc_column-inner\"><div class=\"wpb_wrapper\">\n\t<div class=\"wpb_text_column wpb_content_element\" >\n\t\t<div class=\"wpb_wrapper\">\n\t\t\t<h4>Besonderheiten von CORROPIPE\u00ae grey<\/h4>\n<ul>\n<li>very good application on stable, rusty steel &amp; all mineral surfaces<\/li>\n<li>no rust infi ltration of the coating<\/li>\n<li>high-alkaline medium ensures active long-term corrosion protection<\/li>\n<li>temperature stability of -40\u00b0C to +180\u00b0C in the humid environment<\/li>\n<li>high resistance to acids and bases from pH 3,5 to pH 14<\/li>\n<li>high adhesion force to steel that does not diminish even with multiple load changes<\/li>\n<li>the expansion coeffi cient of the material is the same as that of steel<\/li>\n<li>vapour permeability<\/li>\n<li>resistant against demineralised water<\/li>\n<li>neutral regarding drinking water<\/li>\n<li>extremely low shrinkage of the material<\/li>\n<li>flame-retardant, high level of fire protection<\/li>\n<li>environmentally-friendly, solvent-free, low-pollution, not a hazardous material<\/li>\n<\/ul>\n\n\t\t<\/div>\n\t<\/div>\n<\/div><\/div><\/div><\/div><\/div><\/div><\/div><\/div><!-- Row Backgrounds --><div class=\"upb_color\" data-bg-override=\"0\" data-bg-color=\"#f4f4f4\" data-fadeout=\"\" data-fadeout-percentage=\"30\" data-parallax-content=\"\" data-parallax-content-sense=\"30\" data-row-effect-mobile-disable=\"true\" data-img-parallax-mobile-disable=\"true\" data-rtl=\"false\"  data-custom-vc-row=\"\"  data-vc=\"8.7.2\"  data-is_old_vc=\"\"  data-theme-support=\"\"   data-overlay=\"false\" data-overlay-color=\"\" data-overlay-pattern=\"\" data-overlay-pattern-opacity=\"\" data-overlay-pattern-size=\"\"    ><\/div><div class=\"vc_row wpb_row vc_row-fluid vc_custom_1555326870260\"><div class=\"wpb_column vc_column_container vc_col-sm-6\"><div class=\"vc_column-inner\"><div class=\"wpb_wrapper\">\n\t<div class=\"wpb_text_column wpb_content_element\" >\n\t\t<div class=\"wpb_wrapper\">\n\t\t\t<h3>Download<\/h3>\n\n\t\t<\/div>\n\t<\/div>\n<div class=\"aio-icon-component  vc_custom_1558531466534   style_2\"><a class=\"aio-icon-box-link\" href=\"https:\/\/mss-gmbh.net\/wp-content\/uploads\/2019\/04\/DE_CORROPIPE_grey.pdf\" target=\"_blank\" rel=\"noopener\" ><div id=\"Info-box-wrap-7121\" class=\"aio-icon-box left-icon\" style=\"\"  ><div class=\"aio-icon-left\"><div class=\"ult-just-icon-wrapper\"><div class=\"align-icon\" style=\"text-align:center;\">\n<div class=\"aio-icon none\"  style=\"color:#333;font-size:20px;display:inline-block;\">\n\t<i class=\"Defaults-file-pdf-o\"><\/i>\n<\/div><\/div><\/div><\/div><div class=\"aio-ibd-block\"><div class=\"aio-icon-header\" ><h4 class=\"aio-icon-title ult-responsive\"  data-ultimate-target='#Info-box-wrap-7121 .aio-icon-title'  data-responsive-json-new='{\"font-size\":\"\",\"line-height\":\"\"}'  style=\"\">Technical data sheet<\/h4><\/div> <!-- header --><\/div> <!-- aio-ibd-block --><\/div> <!-- aio-icon-box --><\/a><\/div> <!-- aio-icon-component --><div class=\"aio-icon-component  vc_custom_1563369024602   style_2\"><a class=\"aio-icon-box-link\" href=\"https:\/\/mss-gmbh.net\/wp-content\/uploads\/2019\/07\/CORROPIPE-grey_Beton_Bewerung_DE.pdf\" target=\"_blank\" rel=\"noopener\" ><div id=\"Info-box-wrap-1845\" class=\"aio-icon-box left-icon\" style=\"\"  ><div class=\"aio-icon-left\"><div class=\"ult-just-icon-wrapper\"><div class=\"align-icon\" style=\"text-align:center;\">\n<div class=\"aio-icon none\"  style=\"color:#333;font-size:20px;display:inline-block;\">\n\t<i class=\"Defaults-file-pdf-o\"><\/i>\n<\/div><\/div><\/div><\/div><div class=\"aio-ibd-block\"><div class=\"aio-icon-header\" ><h4 class=\"aio-icon-title ult-responsive\"  data-ultimate-target='#Info-box-wrap-1845 .aio-icon-title'  data-responsive-json-new='{\"font-size\":\"\",\"line-height\":\"\"}'  style=\"\">Flyer<\/h4><\/div> <!-- header --><\/div> <!-- aio-ibd-block --><\/div> <!-- aio-icon-box --><\/a><\/div> <!-- aio-icon-component --><\/div><\/div><\/div><div class=\"wpb_column vc_column_container vc_col-sm-6\"><div class=\"vc_column-inner\"><div class=\"wpb_wrapper\">\n\t<div class=\"wpb_text_column wpb_content_element\" >\n\t\t<div class=\"wpb_wrapper\">\n\t\t\t<h3>Do you have any questions?<\/h3>\n\n\t\t<\/div>\n\t<\/div>\n<form class=\"dt-contact-form dt-form\" method=\"post\" action=\"\"><input type=\"hidden\" name=\"widget_id\" value=\"presscore-contact-form-widget--1\" \/><input type=\"hidden\" name=\"send_message\" value=\"\" \/><input type=\"hidden\" name=\"security_token\" value=\"143a6f42396702d87264\"\/><div class=\"form-fields\"><span class=\"form-name\"><label class=\"assistive-text\">Name *<\/label><input type=\"text\" class=\"validate[required]\" placeholder=\"Name *\" name=\"name\" value=\"\" aria-required=\"true\">\n<\/span><span class=\"form-mail\"><label class=\"assistive-text\">E-mail *<\/label><input type=\"text\" class=\"validate[required,custom[email]]\" placeholder=\"E-mail *\" name=\"email\" value=\"\" aria-required=\"true\">\n<\/span><\/div><span class=\"form-message\"><label class=\"assistive-text\">Message *<\/label><textarea class=\"validate[required]\" placeholder=\"Message *\" name=\"message\" rows=\"3\" aria-required=\"true\"><\/textarea>\n<\/span><p><a href=\"#\" class=\"dt-btn dt-btn-m dt-btn-submit\" rel=\"nofollow\"><span>Send<\/span><\/a><input class=\"assistive-text\" type=\"submit\" value=\"submit\"><\/p><input type=\"hidden\" name=\"trp-form-language\" value=\"en\"\/><\/form>\n<\/div><\/div><\/div><\/div>\n<\/div>","protected":false},"excerpt":{"rendered":"<p>CORROPIPE\u00ae grey &#8211; Korrosionsschutz f\u00fcr Bewehrung und Beton Betonbr\u00fccken, Parkh\u00e4user und Parkdecks unterscheiden sich von vielen anderen Bauwerken durch besondere Konstruktions- und Beanspruchungsmerkmale. Sie sind einer st\u00e4ndigen mechanischen Oberfl\u00e4chenbeanspruchung ausgesetzt und werden durch Regen- und Schmelzwassermengen beansprucht. Daher ist die Schadensanf\u00e4lligkeit dieser Bauten sehr hoch. Durch mangelhafte Planung, Ausf\u00fchrung und falsch ausgew\u00e4hlte Baustoffe wird die&hellip;<\/p>","protected":false},"author":4,"featured_media":0,"parent":0,"menu_order":0,"comment_status":"closed","ping_status":"closed","template":"","meta":{"footnotes":""},"class_list":["post-38021","page","type-page","status-publish","hentry","description-off"],"yoast_head":"<!-- This site is optimized with the Yoast SEO plugin v26.4 - https:\/\/yoast.com\/wordpress\/plugins\/seo\/ -->\n<title>CORROPIPE\u00ae grey \u2013 Korrosionsschutz f\u00fcr Bewehrung, Beton und Stahl - MSS GmbH<\/title>\n<meta name=\"robots\" content=\"index, follow, max-snippet:-1, max-image-preview:large, max-video-preview:-1\" \/>\n<link rel=\"canonical\" href=\"https:\/\/mss-gmbh.net\/en\/corropipe-grey_bewerung_beton\/\" \/>\n<meta property=\"og:locale\" content=\"en_GB\" \/>\n<meta property=\"og:type\" content=\"article\" \/>\n<meta property=\"og:title\" content=\"CORROPIPE\u00ae grey \u2013 Korrosionsschutz f\u00fcr Bewehrung, Beton und Stahl - MSS GmbH\" \/>\n<meta property=\"og:url\" content=\"https:\/\/mss-gmbh.net\/en\/corropipe-grey_bewerung_beton\/\" \/>\n<meta property=\"og:site_name\" content=\"MSS GmbH\" \/>\n<meta property=\"article:publisher\" content=\"https:\/\/www.facebook.com\/mineco.eu\/\" \/>\n<meta property=\"article:modified_time\" content=\"2019-07-17T13:25:20+00:00\" \/>\n<meta name=\"twitter:card\" content=\"summary_large_image\" \/>\n<script type=\"application\/ld+json\" class=\"yoast-schema-graph\">{\"@context\":\"https:\/\/schema.org\",\"@graph\":[{\"@type\":\"WebPage\",\"@id\":\"https:\/\/mss-gmbh.net\/corropipe-grey_bewerung_beton\/\",\"url\":\"https:\/\/mss-gmbh.net\/corropipe-grey_bewerung_beton\/\",\"name\":\"CORROPIPE\u00ae grey \u2013 Korrosionsschutz f\u00fcr Bewehrung, Beton und Stahl - MSS GmbH\",\"isPartOf\":{\"@id\":\"https:\/\/mss-gmbh.net\/#website\"},\"datePublished\":\"2019-07-17T13:09:56+00:00\",\"dateModified\":\"2019-07-17T13:25:20+00:00\",\"breadcrumb\":{\"@id\":\"https:\/\/mss-gmbh.net\/corropipe-grey_bewerung_beton\/#breadcrumb\"},\"inLanguage\":\"en-GB\",\"potentialAction\":[{\"@type\":\"ReadAction\",\"target\":[\"https:\/\/mss-gmbh.net\/corropipe-grey_bewerung_beton\/\"]}]},{\"@type\":\"BreadcrumbList\",\"@id\":\"https:\/\/mss-gmbh.net\/corropipe-grey_bewerung_beton\/#breadcrumb\",\"itemListElement\":[{\"@type\":\"ListItem\",\"position\":1,\"name\":\"Startseite\",\"item\":\"https:\/\/mss-gmbh.net\/\"},{\"@type\":\"ListItem\",\"position\":2,\"name\":\"CORROPIPE\u00ae grey \u2013 Korrosionsschutz f\u00fcr Bewehrung, Beton und Stahl\"}]},{\"@type\":\"WebSite\",\"@id\":\"https:\/\/mss-gmbh.net\/#website\",\"url\":\"https:\/\/mss-gmbh.net\/\",\"name\":\"MINECO\",\"description\":\"\",\"potentialAction\":[{\"@type\":\"SearchAction\",\"target\":{\"@type\":\"EntryPoint\",\"urlTemplate\":\"https:\/\/mss-gmbh.net\/?s={search_term_string}\"},\"query-input\":{\"@type\":\"PropertyValueSpecification\",\"valueRequired\":true,\"valueName\":\"search_term_string\"}}],\"inLanguage\":\"en-GB\"}]}<\/script>\n<!-- \/ Yoast SEO plugin. -->","yoast_head_json":{"title":"CORROPIPE\u00ae grey \u2013 Korrosionsschutz f\u00fcr Bewehrung, Beton und Stahl - MSS GmbH","robots":{"index":"index","follow":"follow","max-snippet":"max-snippet:-1","max-image-preview":"max-image-preview:large","max-video-preview":"max-video-preview:-1"},"canonical":"https:\/\/mss-gmbh.net\/en\/corropipe-grey_bewerung_beton\/","og_locale":"en_GB","og_type":"article","og_title":"CORROPIPE\u00ae grey \u2013 Korrosionsschutz f\u00fcr Bewehrung, Beton und Stahl - MSS GmbH","og_url":"https:\/\/mss-gmbh.net\/en\/corropipe-grey_bewerung_beton\/","og_site_name":"MSS GmbH","article_publisher":"https:\/\/www.facebook.com\/mineco.eu\/","article_modified_time":"2019-07-17T13:25:20+00:00","twitter_card":"summary_large_image","schema":{"@context":"https:\/\/schema.org","@graph":[{"@type":"WebPage","@id":"https:\/\/mss-gmbh.net\/corropipe-grey_bewerung_beton\/","url":"https:\/\/mss-gmbh.net\/corropipe-grey_bewerung_beton\/","name":"CORROPIPE\u00ae grey \u2013 Korrosionsschutz f\u00fcr Bewehrung, Beton und Stahl - MSS GmbH","isPartOf":{"@id":"https:\/\/mss-gmbh.net\/#website"},"datePublished":"2019-07-17T13:09:56+00:00","dateModified":"2019-07-17T13:25:20+00:00","breadcrumb":{"@id":"https:\/\/mss-gmbh.net\/corropipe-grey_bewerung_beton\/#breadcrumb"},"inLanguage":"en-GB","potentialAction":[{"@type":"ReadAction","target":["https:\/\/mss-gmbh.net\/corropipe-grey_bewerung_beton\/"]}]},{"@type":"BreadcrumbList","@id":"https:\/\/mss-gmbh.net\/corropipe-grey_bewerung_beton\/#breadcrumb","itemListElement":[{"@type":"ListItem","position":1,"name":"Startseite","item":"https:\/\/mss-gmbh.net\/"},{"@type":"ListItem","position":2,"name":"CORROPIPE\u00ae grey \u2013 Korrosionsschutz f\u00fcr Bewehrung, Beton und Stahl"}]},{"@type":"WebSite","@id":"https:\/\/mss-gmbh.net\/#website","url":"https:\/\/mss-gmbh.net\/","name":"MINECO","description":"","potentialAction":[{"@type":"SearchAction","target":{"@type":"EntryPoint","urlTemplate":"https:\/\/mss-gmbh.net\/?s={search_term_string}"},"query-input":{"@type":"PropertyValueSpecification","valueRequired":true,"valueName":"search_term_string"}}],"inLanguage":"en-GB"}]}},"_links":{"self":[{"href":"https:\/\/mss-gmbh.net\/en\/wp-json\/wp\/v2\/pages\/38021","targetHints":{"allow":["GET"]}}],"collection":[{"href":"https:\/\/mss-gmbh.net\/en\/wp-json\/wp\/v2\/pages"}],"about":[{"href":"https:\/\/mss-gmbh.net\/en\/wp-json\/wp\/v2\/types\/page"}],"author":[{"embeddable":true,"href":"https:\/\/mss-gmbh.net\/en\/wp-json\/wp\/v2\/users\/4"}],"replies":[{"embeddable":true,"href":"https:\/\/mss-gmbh.net\/en\/wp-json\/wp\/v2\/comments?post=38021"}],"version-history":[{"count":12,"href":"https:\/\/mss-gmbh.net\/en\/wp-json\/wp\/v2\/pages\/38021\/revisions"}],"predecessor-version":[{"id":38040,"href":"https:\/\/mss-gmbh.net\/en\/wp-json\/wp\/v2\/pages\/38021\/revisions\/38040"}],"wp:attachment":[{"href":"https:\/\/mss-gmbh.net\/en\/wp-json\/wp\/v2\/media?parent=38021"}],"curies":[{"name":"wp","href":"https:\/\/api.w.org\/{rel}","templated":true}]}}