{"id":37713,"date":"2018-09-18T22:16:09","date_gmt":"2018-09-18T20:16:09","guid":{"rendered":"https:\/\/mss-gmbh.net\/?page_id=37713"},"modified":"2019-06-05T14:17:26","modified_gmt":"2019-06-05T12:17:26","slug":"ultraschalldiagnostik","status":"publish","type":"page","link":"https:\/\/mss-gmbh.net\/en\/ultraschalldiagnostik\/","title":{"rendered":"Ultrasonic diagnostics of pipelines"},"content":{"rendered":"<div class=\"wpb-content-wrapper\"><div class=\"vc_row wpb_row vc_row-fluid vc_custom_1559734474741\"><div class=\"wpb_column vc_column_container vc_col-sm-6\"><div class=\"vc_column-inner\"><div class=\"wpb_wrapper\"><style type=\"text\/css\" data-type=\"the7_shortcodes-inline-css\">.shortcode-single-image-wrap.shortcode-single-image-e1a25bcbdb48451ec9ab8926e6e46605.enable-bg-rollover .rollover i,\n.shortcode-single-image-wrap.shortcode-single-image-e1a25bcbdb48451ec9ab8926e6e46605.enable-bg-rollover .rollover-video i {\n  background: ;\n  background: -webkit-linear-gradient();\n  background: linear-gradient();\n}\n.shortcode-single-image-wrap.shortcode-single-image-e1a25bcbdb48451ec9ab8926e6e46605 .rollover-icon {\n  font-size: 32px;\n  color: #ffffff;\n  min-width: 44px;\n  min-height: 44px;\n  line-height: 44px;\n  border-radius: 100px;\n  border-style: solid;\n  border-width: 0px;\n}\n.dt-icon-bg-on.shortcode-single-image-wrap.shortcode-single-image-e1a25bcbdb48451ec9ab8926e6e46605 .rollover-icon {\n  background: rgba(255,255,255,0.3);\n  -webkit-box-shadow: none;\n  box-shadow: none;\n}\n<\/style><div class=\"shortcode-single-image-wrap shortcode-single-image-e1a25bcbdb48451ec9ab8926e6e46605 alignleft  enable-bg-rollover dt-icon-bg-off\" style=\"margin-top:0px; margin-bottom:0px; margin-left:0px; margin-right:0px; width:700px;\"><div class=\"shortcode-single-image\"><div class=\"fancy-media-wrap  layzr-bg\" style=\"\"><img fetchpriority=\"high\" decoding=\"async\" class=\"preload-me lazy-load aspect\" src=\"data:image\/svg+xml,%3Csvg%20xmlns%3D&#39;http%3A%2F%2Fwww.w3.org%2F2000%2Fsvg&#39;%20viewBox%3D&#39;0%200%20700%20466&#39;%2F%3E\" data-src=\"https:\/\/mss-gmbh.net\/wp-content\/uploads\/2019\/06\/Pipeline-e1559734425357-700x466.jpg\" data-srcset=\"https:\/\/mss-gmbh.net\/wp-content\/uploads\/2019\/06\/Pipeline-e1559734425357-700x466.jpg 700w, https:\/\/mss-gmbh.net\/wp-content\/uploads\/2019\/06\/Pipeline-e1559734425357.jpg 999w\" loading=\"eager\" sizes=\"(max-width: 700px) 100vw, 700px\" width=\"700\" height=\"466\"  data-dt-location=\"https:\/\/mss-gmbh.net\/en\/ultraschalldiagnostik\/pipeline\/\" style=\"--ratio: 700 \/ 466;\" alt=\"\" \/><\/div><\/div><\/div><\/div><\/div><\/div><div class=\"wpb_column vc_column_container vc_col-sm-6\"><div class=\"vc_column-inner\"><div class=\"wpb_wrapper\"><style type=\"text\/css\" data-type=\"the7_shortcodes-inline-css\">.shortcode-single-image-wrap.shortcode-single-image-053fc3731b2d495ef21d0c7a7d909d62.enable-bg-rollover .rollover i,\n.shortcode-single-image-wrap.shortcode-single-image-053fc3731b2d495ef21d0c7a7d909d62.enable-bg-rollover .rollover-video i {\n  background: ;\n  background: -webkit-linear-gradient();\n  background: linear-gradient();\n}\n.shortcode-single-image-wrap.shortcode-single-image-053fc3731b2d495ef21d0c7a7d909d62 .rollover-icon {\n  font-size: 32px;\n  color: #ffffff;\n  min-width: 44px;\n  min-height: 44px;\n  line-height: 44px;\n  border-radius: 100px;\n  border-style: solid;\n  border-width: 0px;\n}\n.dt-icon-bg-on.shortcode-single-image-wrap.shortcode-single-image-053fc3731b2d495ef21d0c7a7d909d62 .rollover-icon {\n  background: rgba(255,255,255,0.3);\n  -webkit-box-shadow: none;\n  box-shadow: none;\n}\n<\/style><div class=\"shortcode-single-image-wrap shortcode-single-image-053fc3731b2d495ef21d0c7a7d909d62 alignleft  enable-bg-rollover dt-icon-bg-off\" style=\"margin-top:0px; margin-bottom:0px; margin-left:0px; margin-right:0px; width:700px;\"><div class=\"shortcode-single-image\"><div class=\"fancy-media-wrap  layzr-bg\" style=\"\"><img decoding=\"async\" class=\"preload-me lazy-load aspect\" src=\"data:image\/svg+xml,%3Csvg%20xmlns%3D&#39;http%3A%2F%2Fwww.w3.org%2F2000%2Fsvg&#39;%20viewBox%3D&#39;0%200%20700%20444&#39;%2F%3E\" data-src=\"https:\/\/mss-gmbh.net\/wp-content\/uploads\/2018\/09\/Ultraschalldiagnostik-MSS-GmbH-e1537301236118-700x444.jpg\" data-srcset=\"https:\/\/mss-gmbh.net\/wp-content\/uploads\/2018\/09\/Ultraschalldiagnostik-MSS-GmbH-e1537301236118-700x444.jpg 700w, https:\/\/mss-gmbh.net\/wp-content\/uploads\/2018\/09\/Ultraschalldiagnostik-MSS-GmbH-e1537301236118.jpg 1000w\" loading=\"eager\" sizes=\"(max-width: 700px) 100vw, 700px\" width=\"700\" height=\"444\"  data-dt-location=\"https:\/\/mss-gmbh.net\/en\/ultraschalldiagnostik\/ultraschalldiagnostik-mss-gmbh\/\" style=\"--ratio: 700 \/ 444;\" alt=\"\" \/><\/div><\/div><\/div><\/div><\/div><\/div><div class=\"wpb_column vc_column_container vc_col-sm-12\"><div class=\"vc_column-inner vc_custom_1559735054205\"><div class=\"wpb_wrapper\">\n\t<div class=\"wpb_text_column wpb_content_element\" >\n\t\t<div class=\"wpb_wrapper\">\n\t\t\t<p>Until now, installed pipelines could only be inspected qualitatively. With the pipe inspection system from MSS GmbH, it is possible to scan the pipe either separately or during TV inspection. The diameter of a pipe can be measured cost-effectively by a robust mechanical scanning process.<\/p>\n<p><strong>The main areas of application are:<\/strong><br \/>\n\u2022 Caliber determination for remedial measures<br \/>\n\u2022 Quality assurance after remedial measures<br \/>\n\u2022 Deformation measurement for quality assurance<\/p>\n\n\t\t<\/div>\n\t<\/div>\n<\/div><\/div><\/div><\/div><div class=\"vc_row wpb_row vc_row-fluid vc_custom_1559735243812\"><div class=\"wpb_column vc_column_container vc_col-sm-6\"><div class=\"vc_column-inner\"><div class=\"wpb_wrapper\"><style type=\"text\/css\" data-type=\"the7_shortcodes-inline-css\">.shortcode-single-image-wrap.shortcode-single-image-33e6504d5f0750f2d1776ae797f6d0d6.enable-bg-rollover .rollover i,\n.shortcode-single-image-wrap.shortcode-single-image-33e6504d5f0750f2d1776ae797f6d0d6.enable-bg-rollover .rollover-video i {\n  background: ;\n  background: -webkit-linear-gradient();\n  background: linear-gradient();\n}\n.shortcode-single-image-wrap.shortcode-single-image-33e6504d5f0750f2d1776ae797f6d0d6 .rollover-icon {\n  font-size: 32px;\n  color: #ffffff;\n  min-width: 44px;\n  min-height: 44px;\n  line-height: 44px;\n  border-radius: 100px;\n  border-style: solid;\n  border-width: 0px;\n}\n.dt-icon-bg-on.shortcode-single-image-wrap.shortcode-single-image-33e6504d5f0750f2d1776ae797f6d0d6 .rollover-icon {\n  background: rgba(255,255,255,0.3);\n  -webkit-box-shadow: none;\n  box-shadow: none;\n}\n<\/style><div class=\"shortcode-single-image-wrap shortcode-single-image-33e6504d5f0750f2d1776ae797f6d0d6 alignleft  enable-bg-rollover dt-icon-bg-off\" style=\"margin-top:0px; margin-bottom:0px; margin-left:0px; margin-right:0px; width:400px;\"><div class=\"shortcode-single-image\"><div class=\"fancy-media-wrap  layzr-bg\" style=\"\"><img decoding=\"async\" class=\"preload-me lazy-load aspect\" src=\"data:image\/svg+xml,%3Csvg%20xmlns%3D&#39;http%3A%2F%2Fwww.w3.org%2F2000%2Fsvg&#39;%20viewBox%3D&#39;0%200%20400%20447&#39;%2F%3E\" data-src=\"https:\/\/mss-gmbh.net\/wp-content\/uploads\/2018\/09\/Ultraschalldiagnostik-Messung-MSS-GmbH-e1537301605843-400x447.png\" data-srcset=\"https:\/\/mss-gmbh.net\/wp-content\/uploads\/2018\/09\/Ultraschalldiagnostik-Messung-MSS-GmbH-e1537301605843-400x447.png 400w, https:\/\/mss-gmbh.net\/wp-content\/uploads\/2018\/09\/Ultraschalldiagnostik-Messung-MSS-GmbH-e1537301605843.png 593w\" loading=\"eager\" sizes=\"(max-width: 400px) 100vw, 400px\" width=\"400\" height=\"447\"  data-dt-location=\"https:\/\/mss-gmbh.net\/en\/ultraschalldiagnostik\/ultraschalldiagnostik-messung-mss-gmbh\/\" style=\"--ratio: 400 \/ 447;\" alt=\"\" \/><\/div><\/div><\/div><\/div><\/div><\/div><div class=\"wpb_column vc_column_container vc_col-sm-6\"><div class=\"vc_column-inner\"><div class=\"wpb_wrapper\"><style type=\"text\/css\" data-type=\"the7_shortcodes-inline-css\">.shortcode-single-image-wrap.shortcode-single-image-f3d4ef5907c131ffef487fb80f673e81.enable-bg-rollover .rollover i,\n.shortcode-single-image-wrap.shortcode-single-image-f3d4ef5907c131ffef487fb80f673e81.enable-bg-rollover .rollover-video i {\n  background: ;\n  background: -webkit-linear-gradient();\n  background: linear-gradient();\n}\n.shortcode-single-image-wrap.shortcode-single-image-f3d4ef5907c131ffef487fb80f673e81 .rollover-icon {\n  font-size: 32px;\n  color: #ffffff;\n  min-width: 44px;\n  min-height: 44px;\n  line-height: 44px;\n  border-radius: 100px;\n  border-style: solid;\n  border-width: 0px;\n}\n.dt-icon-bg-on.shortcode-single-image-wrap.shortcode-single-image-f3d4ef5907c131ffef487fb80f673e81 .rollover-icon {\n  background: rgba(255,255,255,0.3);\n  -webkit-box-shadow: none;\n  box-shadow: none;\n}\n<\/style><div class=\"shortcode-single-image-wrap shortcode-single-image-f3d4ef5907c131ffef487fb80f673e81 alignleft  vc_custom_1559735220027 enable-bg-rollover dt-icon-bg-off\" ><div class=\"shortcode-single-image\"><div class=\"fancy-media-wrap  layzr-bg\" style=\"\"><img decoding=\"async\" class=\"preload-me lazy-load aspect\" src=\"data:image\/svg+xml,%3Csvg%20xmlns%3D&#39;http%3A%2F%2Fwww.w3.org%2F2000%2Fsvg&#39;%20viewBox%3D&#39;0%200%20700%20328&#39;%2F%3E\" data-src=\"https:\/\/mss-gmbh.net\/wp-content\/uploads\/2019\/06\/Diagramm-700x328.jpeg\" data-srcset=\"https:\/\/mss-gmbh.net\/wp-content\/uploads\/2019\/06\/Diagramm-700x328.jpeg 700w, https:\/\/mss-gmbh.net\/wp-content\/uploads\/2019\/06\/Diagramm.jpeg 1117w\" loading=\"eager\" sizes=\"(max-width: 700px) 100vw, 700px\" width=\"700\" height=\"328\"  data-dt-location=\"https:\/\/mss-gmbh.net\/en\/ultraschalldiagnostik\/diagramm\/\" style=\"--ratio: 700 \/ 328;\" alt=\"\" \/><\/div><\/div><\/div>\n\t<div class=\"wpb_text_column wpb_content_element\" >\n\t\t<div class=\"wpb_wrapper\">\n\t\t\t<p>The following photo shows the diagram of a corrosion test in an approx. 2.3m long pipe section. The interior surface was tested for corrosion inside the pipe. The approx. 30cm long exceedance of the threshold value as well as two peaks indicate corrosion \/ rust.<\/p>\n\n\t\t<\/div>\n\t<\/div>\n<\/div><\/div><\/div><\/div><div class=\"vc_row wpb_row vc_row-fluid dt-default\" style=\"margin-top: 0px;margin-bottom: 0px\"><div class=\"wpb_column vc_column_container vc_col-sm-12\"><div class=\"vc_column-inner\"><div class=\"wpb_wrapper\"><style type=\"text\/css\" data-type=\"the7_shortcodes-inline-css\">.shortcode-single-image-wrap.shortcode-single-image-5278b1a9a66aca1f0d5904b93940deac.enable-bg-rollover .rollover i,\n.shortcode-single-image-wrap.shortcode-single-image-5278b1a9a66aca1f0d5904b93940deac.enable-bg-rollover .rollover-video i {\n  background: ;\n  background: -webkit-linear-gradient();\n  background: linear-gradient();\n}\n.shortcode-single-image-wrap.shortcode-single-image-5278b1a9a66aca1f0d5904b93940deac .rollover-icon {\n  font-size: 32px;\n  color: #ffffff;\n  min-width: 44px;\n  min-height: 44px;\n  line-height: 44px;\n  border-radius: 100px;\n  border-style: solid;\n  border-width: 0px;\n}\n.dt-icon-bg-on.shortcode-single-image-wrap.shortcode-single-image-5278b1a9a66aca1f0d5904b93940deac .rollover-icon {\n  background: rgba(255,255,255,0.3);\n  -webkit-box-shadow: none;\n  box-shadow: none;\n}\n<\/style><div class=\"shortcode-single-image-wrap shortcode-single-image-5278b1a9a66aca1f0d5904b93940deac alignnone  vc_custom_1559737040546 enable-bg-rollover dt-icon-bg-off\" ><div class=\"shortcode-single-image\"><div class=\"fancy-media-wrap  layzr-bg\" style=\"\"><img decoding=\"async\" class=\"preload-me lazy-load aspect\" src=\"data:image\/svg+xml,%3Csvg%20xmlns%3D&#39;http%3A%2F%2Fwww.w3.org%2F2000%2Fsvg&#39;%20viewBox%3D&#39;0%200%20800%20900&#39;%2F%3E\" data-src=\"https:\/\/mss-gmbh.net\/wp-content\/uploads\/2019\/06\/Inspektion-800x900.jpg\" data-srcset=\"https:\/\/mss-gmbh.net\/wp-content\/uploads\/2019\/06\/Inspektion-800x900.jpg 800w, https:\/\/mss-gmbh.net\/wp-content\/uploads\/2019\/06\/Inspektion-1221x1373.jpg 1221w\" loading=\"eager\" sizes=\"(max-width: 800px) 100vw, 800px\" width=\"800\" height=\"900\"  data-dt-location=\"https:\/\/mss-gmbh.net\/en\/ultraschalldiagnostik\/inspektion\/\" style=\"--ratio: 800 \/ 900;\" alt=\"\" \/><\/div><\/div><\/div><\/div><\/div><\/div><\/div><div class=\"vc_row wpb_row vc_row-fluid dt-default\" style=\"margin-top: 0px;margin-bottom: 0px\"><div class=\"wpb_column vc_column_container vc_col-sm-12\"><div class=\"vc_column-inner vc_custom_1533888108086\"><div class=\"wpb_wrapper\"><div class=\"vc_btn3-container vc_btn3-center\" ><a class=\"vc_general vc_btn3 vc_btn3-size-md vc_btn3-shape-rounded vc_btn3-style-modern vc_btn3-icon-left vc_btn3-color-grey\" href=\"http:\/\/mss-gmbh.net\/en\/kontakt\/\" title=\"\" target=\"_blank\"><i class=\"vc_btn3-icon fa fa-envelope\"><\/i> Contact<\/a><\/div><\/div><\/div><\/div><\/div>\n<\/div>","protected":false},"excerpt":{"rendered":"<p>Bisher konnten verlegte Rohrleitungen und Kan\u00e4le nur qualitativ inspiziert werden. Mit dem Rohr- und Kanalinspektionssystem von MSS GmbH steht erstmals ein Instrument zur Verf\u00fcgung, mit dessen Hilfe separat oder w\u00e4hrend der TV-Inspektion der Durchmesser eines Rohres kosteng\u00fcnstig durch ein robustes mechanisches Abtastverfahren vermessen werden kann. Die Haupteinsatzgebiete sind: \u2022 Kaliberbestimmung f\u00fcr Sanierungsma\u00dfnahmen \u2022 Qualit\u00e4tssicherung nach&hellip;<\/p>","protected":false},"author":4,"featured_media":0,"parent":0,"menu_order":0,"comment_status":"closed","ping_status":"closed","template":"","meta":{"footnotes":""},"class_list":["post-37713","page","type-page","status-publish","hentry","description-off"],"yoast_head":"<!-- This site is optimized with the Yoast SEO plugin v26.4 - https:\/\/yoast.com\/wordpress\/plugins\/seo\/ -->\n<title>Ultraschalldiagnostik von Rohrleitungen - MSS GmbH<\/title>\n<meta name=\"robots\" content=\"index, follow, max-snippet:-1, max-image-preview:large, max-video-preview:-1\" \/>\n<link rel=\"canonical\" href=\"https:\/\/mss-gmbh.net\/en\/ultraschalldiagnostik\/\" \/>\n<meta property=\"og:locale\" content=\"en_GB\" \/>\n<meta property=\"og:type\" content=\"article\" \/>\n<meta property=\"og:title\" content=\"Ultraschalldiagnostik von Rohrleitungen - MSS GmbH\" \/>\n<meta property=\"og:url\" content=\"https:\/\/mss-gmbh.net\/en\/ultraschalldiagnostik\/\" \/>\n<meta property=\"og:site_name\" content=\"MSS GmbH\" \/>\n<meta property=\"article:publisher\" content=\"https:\/\/www.facebook.com\/mineco.eu\/\" \/>\n<meta property=\"article:modified_time\" content=\"2019-06-05T12:17:26+00:00\" \/>\n<meta name=\"twitter:card\" content=\"summary_large_image\" \/>\n<script type=\"application\/ld+json\" class=\"yoast-schema-graph\">{\"@context\":\"https:\/\/schema.org\",\"@graph\":[{\"@type\":\"WebPage\",\"@id\":\"https:\/\/mss-gmbh.net\/ultraschalldiagnostik\/\",\"url\":\"https:\/\/mss-gmbh.net\/ultraschalldiagnostik\/\",\"name\":\"Ultraschalldiagnostik von Rohrleitungen - MSS GmbH\",\"isPartOf\":{\"@id\":\"https:\/\/mss-gmbh.net\/#website\"},\"datePublished\":\"2018-09-18T20:16:09+00:00\",\"dateModified\":\"2019-06-05T12:17:26+00:00\",\"breadcrumb\":{\"@id\":\"https:\/\/mss-gmbh.net\/ultraschalldiagnostik\/#breadcrumb\"},\"inLanguage\":\"en-GB\",\"potentialAction\":[{\"@type\":\"ReadAction\",\"target\":[\"https:\/\/mss-gmbh.net\/ultraschalldiagnostik\/\"]}]},{\"@type\":\"BreadcrumbList\",\"@id\":\"https:\/\/mss-gmbh.net\/ultraschalldiagnostik\/#breadcrumb\",\"itemListElement\":[{\"@type\":\"ListItem\",\"position\":1,\"name\":\"Startseite\",\"item\":\"https:\/\/mss-gmbh.net\/\"},{\"@type\":\"ListItem\",\"position\":2,\"name\":\"Ultraschalldiagnostik von Rohrleitungen\"}]},{\"@type\":\"WebSite\",\"@id\":\"https:\/\/mss-gmbh.net\/#website\",\"url\":\"https:\/\/mss-gmbh.net\/\",\"name\":\"MINECO\",\"description\":\"\",\"potentialAction\":[{\"@type\":\"SearchAction\",\"target\":{\"@type\":\"EntryPoint\",\"urlTemplate\":\"https:\/\/mss-gmbh.net\/?s={search_term_string}\"},\"query-input\":{\"@type\":\"PropertyValueSpecification\",\"valueRequired\":true,\"valueName\":\"search_term_string\"}}],\"inLanguage\":\"en-GB\"}]}<\/script>\n<!-- \/ Yoast SEO plugin. -->","yoast_head_json":{"title":"Ultraschalldiagnostik von Rohrleitungen - MSS GmbH","robots":{"index":"index","follow":"follow","max-snippet":"max-snippet:-1","max-image-preview":"max-image-preview:large","max-video-preview":"max-video-preview:-1"},"canonical":"https:\/\/mss-gmbh.net\/en\/ultraschalldiagnostik\/","og_locale":"en_GB","og_type":"article","og_title":"Ultraschalldiagnostik von Rohrleitungen - MSS GmbH","og_url":"https:\/\/mss-gmbh.net\/en\/ultraschalldiagnostik\/","og_site_name":"MSS GmbH","article_publisher":"https:\/\/www.facebook.com\/mineco.eu\/","article_modified_time":"2019-06-05T12:17:26+00:00","twitter_card":"summary_large_image","schema":{"@context":"https:\/\/schema.org","@graph":[{"@type":"WebPage","@id":"https:\/\/mss-gmbh.net\/ultraschalldiagnostik\/","url":"https:\/\/mss-gmbh.net\/ultraschalldiagnostik\/","name":"Ultraschalldiagnostik von Rohrleitungen - MSS GmbH","isPartOf":{"@id":"https:\/\/mss-gmbh.net\/#website"},"datePublished":"2018-09-18T20:16:09+00:00","dateModified":"2019-06-05T12:17:26+00:00","breadcrumb":{"@id":"https:\/\/mss-gmbh.net\/ultraschalldiagnostik\/#breadcrumb"},"inLanguage":"en-GB","potentialAction":[{"@type":"ReadAction","target":["https:\/\/mss-gmbh.net\/ultraschalldiagnostik\/"]}]},{"@type":"BreadcrumbList","@id":"https:\/\/mss-gmbh.net\/ultraschalldiagnostik\/#breadcrumb","itemListElement":[{"@type":"ListItem","position":1,"name":"Startseite","item":"https:\/\/mss-gmbh.net\/"},{"@type":"ListItem","position":2,"name":"Ultraschalldiagnostik von Rohrleitungen"}]},{"@type":"WebSite","@id":"https:\/\/mss-gmbh.net\/#website","url":"https:\/\/mss-gmbh.net\/","name":"MINECO","description":"","potentialAction":[{"@type":"SearchAction","target":{"@type":"EntryPoint","urlTemplate":"https:\/\/mss-gmbh.net\/?s={search_term_string}"},"query-input":{"@type":"PropertyValueSpecification","valueRequired":true,"valueName":"search_term_string"}}],"inLanguage":"en-GB"}]}},"_links":{"self":[{"href":"https:\/\/mss-gmbh.net\/en\/wp-json\/wp\/v2\/pages\/37713","targetHints":{"allow":["GET"]}}],"collection":[{"href":"https:\/\/mss-gmbh.net\/en\/wp-json\/wp\/v2\/pages"}],"about":[{"href":"https:\/\/mss-gmbh.net\/en\/wp-json\/wp\/v2\/types\/page"}],"author":[{"embeddable":true,"href":"https:\/\/mss-gmbh.net\/en\/wp-json\/wp\/v2\/users\/4"}],"replies":[{"embeddable":true,"href":"https:\/\/mss-gmbh.net\/en\/wp-json\/wp\/v2\/comments?post=37713"}],"version-history":[{"count":19,"href":"https:\/\/mss-gmbh.net\/en\/wp-json\/wp\/v2\/pages\/37713\/revisions"}],"predecessor-version":[{"id":38017,"href":"https:\/\/mss-gmbh.net\/en\/wp-json\/wp\/v2\/pages\/37713\/revisions\/38017"}],"wp:attachment":[{"href":"https:\/\/mss-gmbh.net\/en\/wp-json\/wp\/v2\/media?parent=37713"}],"curies":[{"name":"wp","href":"https:\/\/api.w.org\/{rel}","templated":true}]}}