{"id":37677,"date":"2018-09-16T17:25:19","date_gmt":"2018-09-16T15:25:19","guid":{"rendered":"https:\/\/mss-gmbh.net\/?page_id=37677"},"modified":"2018-09-17T18:36:09","modified_gmt":"2018-09-17T16:36:09","slug":"mineco-produkte","status":"publish","type":"page","link":"https:\/\/mss-gmbh.net\/en\/mineco-produkte\/","title":{"rendered":"MINECO"},"content":{"rendered":"<div class=\"wpb-content-wrapper\"><div class=\"vc_row wpb_row vc_row-fluid dt-default\" style=\"margin-top: 0px;margin-bottom: 0px\"><div class=\"wpb_column vc_column_container vc_col-sm-12\"><div class=\"vc_column-inner\"><div class=\"wpb_wrapper\">\n\t<div  class=\"wpb_single_image wpb_content_element vc_align_center\">\n\t\t\n\t\t<figure class=\"wpb_wrapper vc_figure\">\n\t\t\t<div class=\"vc_single_image-wrapper   vc_box_border_grey\"><\/div>\n\t\t<\/figure>\n\t<\/div>\n<\/div><\/div><\/div><\/div><div class=\"vc_row wpb_row vc_row-fluid\"><div class=\"wpb_column vc_column_container vc_col-sm-8\"><div class=\"vc_column-inner\"><div class=\"wpb_wrapper\">\n\t<div class=\"wpb_text_column wpb_content_element\" >\n\t\t<div class=\"wpb_wrapper\">\n\t\t\t<h3 style=\"text-align: justify;\" align=\"left\"><span style=\"color: #11aa11;\">Nat\u00fcrliche Schutzanstriche und Farben<\/span><\/h3>\n<p style=\"text-align: justify;\">Mit der Marke MINECO bieten wir unseren Kunden hochwertige, \u00f6kologische Anstriche und Farben f\u00fcr das ganze Haus.<br \/>\nBei uns stehen Wohlbefinden, Gesundheit und Zufriedenheit unserer Kunden an vorderster Stelle. Daher setzen wir einen besonders gro\u00dfen Wert auf die Qualit\u00e4t unserer Produkte. F\u00fcr der Herstellung unserer Beschichtungen verwenden wir ausschlie\u00dflich nat\u00fcrliche, rein \u00f6kologische Rohstoffe und verzichten bewusst auf giftige Zusatzstoffe wie Chlor, L\u00f6semittel und Weichmacher. Unsere Anti Schimmel Farbe ist frei von Bioziden, Fungiziden sowie giftiger Chemie, wodurch sie sich bedenkenlos und ohne gesundheitliche Risiken in allen Wohnbereichen und sogar in geschlossenen R\u00e4umen verarbeiten lassen.<br \/>\nMINECO Beschichtungen sind das Ergebnis jahrelanger Forschungs- und Entwicklungsarbeiten in den Bereichen nachhaltiger Bauten- und Schimmelschutz. Unsere Produkte werden unter strengen Auflagen und h\u00f6hsten Qualit\u00e4tsstandards in Deutschland hergestellt und weltweit verkauft. \u00dcberragende Qualit\u00e4t, einfache Verarbeitung und effektive Wirkungsweise sind nur einige Gr\u00fcnde sich f\u00fcr Produkte von MINECO zu entscheiden.<\/p>\n<p>Schaffen auch Sie sich ein angenehmes und gesundes Wohnraumklima mit Produkten von MINECO.<\/p>\n\n\t\t<\/div>\n\t<\/div>\n<\/div><\/div><\/div><div class=\"wpb_column vc_column_container vc_col-sm-4\"><div class=\"vc_column-inner\"><div class=\"wpb_wrapper\">\n\t<div  class=\"wpb_single_image wpb_content_element vc_align_left  vc_custom_1537196553818\">\n\t\t\n\t\t<figure class=\"wpb_wrapper vc_figure\">\n\t\t\t<div class=\"vc_single_image-wrapper   vc_box_border_grey\"><img loading=\"lazy\" decoding=\"async\" width=\"300\" height=\"300\" src=\"https:\/\/mss-gmbh.net\/wp-content\/uploads\/2018\/08\/MINECO-Ecology-300x300.png\" class=\"vc_single_image-img attachment-medium\" alt=\"\" title=\"MINECO-Ecology\" srcset=\"https:\/\/mss-gmbh.net\/wp-content\/uploads\/2018\/08\/MINECO-Ecology-300x300.png 300w, https:\/\/mss-gmbh.net\/wp-content\/uploads\/2018\/08\/MINECO-Ecology-150x150.png 150w, https:\/\/mss-gmbh.net\/wp-content\/uploads\/2018\/08\/MINECO-Ecology-200x200.png 200w, https:\/\/mss-gmbh.net\/wp-content\/uploads\/2018\/08\/MINECO-Ecology.png 400w\" sizes=\"auto, (max-width: 300px) 100vw, 300px\"  data-dt-location=\"https:\/\/mss-gmbh.net\/en\/startseite\/mineco-ecology\/\" \/><\/div>\n\t\t<\/figure>\n\t<\/div>\n<\/div><\/div><\/div><\/div><!-- Row Backgrounds --><div class=\"upb_color\" data-bg-override=\"0\" data-bg-color=\"#c6facd\" data-fadeout=\"\" data-fadeout-percentage=\"30\" data-parallax-content=\"\" data-parallax-content-sense=\"30\" data-row-effect-mobile-disable=\"true\" data-img-parallax-mobile-disable=\"true\" data-rtl=\"false\"  data-custom-vc-row=\"\"  data-vc=\"8.7.2\"  data-is_old_vc=\"\"  data-theme-support=\"\"   data-overlay=\"false\" data-overlay-color=\"\" data-overlay-pattern=\"\" data-overlay-pattern-opacity=\"\" data-overlay-pattern-size=\"\"    ><\/div><div class=\"vc_row wpb_row vc_row-fluid\"><div class=\"wpb_column vc_column_container vc_col-sm-3\"><div class=\"vc_column-inner vc_custom_1537200714186\"><div class=\"wpb_wrapper\">\n\t<div  class=\"wpb_single_image wpb_content_element vc_align_center  vc_custom_1537200749362\">\n\t\t\n\t\t<figure class=\"wpb_wrapper vc_figure\">\n\t\t\t<div class=\"vc_single_image-wrapper   vc_box_border_grey\"><\/div>\n\t\t<\/figure>\n\t<\/div>\n<\/div><\/div><\/div><div class=\"wpb_column vc_column_container vc_col-sm-9\"><div class=\"vc_column-inner\"><div class=\"wpb_wrapper\">\n\t<div class=\"wpb_text_column wpb_content_element\" >\n\t\t<div class=\"wpb_wrapper\">\n\t\t\t<h3 style=\"text-align: right;\" align=\"left\"><span style=\"color: #11aa11;\">Anti Schimmel Farbe von MINECO<\/span><\/h3>\n<p style=\"text-align: justify;\">MINECO Schimmelschutz ist unser wirkungsvollster Waffe im Kampf gegen Schimmelpilze. Die hochwirksame Anti Schimmel Farbe wird sowohl zur Beseitigung, als auch pr\u00e4ventiver Schutz vor Schimmelpilzen in den verschiedenen Wohnbereichen angewendet. Durch ihre besondere Wirksamkeit, basierend auf den \u00f6kologischen, rein mineralischen Komponenten, entsteht ein nat\u00fcrlicher Anti Schimmel Schutz, der im Gegensatz zu anderen herk\u00f6mmlichen Produkten ohne jegliche umwelt- und gesundheitssch\u00e4dliche Inhaltsstoffe auskommt.<\/p>\n<p style=\"text-align: justify;\">Schimmelflecken an den W\u00e4nden sehen nicht nur unansehnlich aus, sondern haben einen sch\u00e4dlichen Einfluss auf den Menschlichen K\u00f6rper. Um eine weitere Schimmelausbreitung zu vermeiden und die Gesundheit nicht zu gef\u00e4hrden, sollte eine schnellstm\u00f6gliche Beseitigung des Schimmelpilzbefalls erfolgen.<\/p>\n<p style=\"text-align: justify;\">Das Set besteht aus einem hellgrauen Grundanstrich und einem wei\u00dfen Schlussanstrich. Die Schutzanstriche werden nacheinander mit Wasser verr\u00fchrt und auf die durch Schimmelpilz befallene Oberfl\u00e4che aufgetragen. Nach dem Austrocknen bilden sie einen nat\u00fcrlichen und wirkungsvollen Langzeitschutz gegen Schimmelpilze aller Art.<\/p>\n<p style=\"text-align: justify;\">MINECO Anti Schimmel Farbe ist schadstoffarm und enth\u00e4lt keine giftigen, f\u00fcr den Menschen gef\u00e4hrliche Inhaltsstoffe wie BIOZIDE oder FUNGIZIDE. Der Schutzanstrich l\u00e4sst sich bedenkenlos und ohne gesundheitliche Risiken in allen Wohnbereichen wie Schlafzimmer, K\u00fcche, Bad und Keller verarbeiten.<\/p>\n\n\t\t<\/div>\n\t<\/div>\n<\/div><\/div><\/div><\/div><!-- Row Backgrounds --><div class=\"upb_color\" data-bg-override=\"0\" data-bg-color=\"#c6facd\" data-fadeout=\"\" data-fadeout-percentage=\"30\" data-parallax-content=\"\" data-parallax-content-sense=\"30\" data-row-effect-mobile-disable=\"true\" data-img-parallax-mobile-disable=\"true\" data-rtl=\"false\"  data-custom-vc-row=\"\"  data-vc=\"8.7.2\"  data-is_old_vc=\"\"  data-theme-support=\"\"   data-overlay=\"false\" data-overlay-color=\"\" data-overlay-pattern=\"\" data-overlay-pattern-opacity=\"\" data-overlay-pattern-size=\"\"    ><\/div><div class=\"vc_row wpb_row vc_row-fluid dt-default\" style=\"margin-top: 0px;margin-bottom: 0px\"><div class=\"wpb_column vc_column_container vc_col-sm-12\"><div class=\"vc_column-inner\"><div class=\"wpb_wrapper\"><div class=\"vc_btn3-container vc_btn3-center\" ><a class=\"vc_general vc_btn3 vc_btn3-size-md vc_btn3-shape-rounded vc_btn3-style-modern vc_btn3-icon-left vc_btn3-color-green\" href=\"https:\/\/mineco.eu\" title=\"\" target=\"_blank\"><i class=\"vc_btn3-icon fa fa-globe\"><\/i> MINECO Webseite<\/a><\/div><\/div><\/div><\/div><\/div>\n<\/div>","protected":false},"excerpt":{"rendered":"<p>Nat\u00fcrliche Schutzanstriche und Farben Mit der Marke MINECO bieten wir unseren Kunden hochwertige, \u00f6kologische Anstriche und Farben f\u00fcr das ganze Haus. Bei uns stehen Wohlbefinden, Gesundheit und Zufriedenheit unserer Kunden an vorderster Stelle. Daher setzen wir einen besonders gro\u00dfen Wert auf die Qualit\u00e4t unserer Produkte. F\u00fcr der Herstellung unserer Beschichtungen verwenden wir ausschlie\u00dflich nat\u00fcrliche, rein&hellip;<\/p>","protected":false},"author":4,"featured_media":0,"parent":0,"menu_order":0,"comment_status":"closed","ping_status":"closed","template":"","meta":{"footnotes":""},"class_list":["post-37677","page","type-page","status-publish","hentry","description-off"],"yoast_head":"<!-- This site is optimized with the Yoast SEO plugin v26.4 - https:\/\/yoast.com\/wordpress\/plugins\/seo\/ -->\n<title>MINECO - MSS GmbH<\/title>\n<meta name=\"robots\" content=\"index, follow, max-snippet:-1, max-image-preview:large, max-video-preview:-1\" \/>\n<link rel=\"canonical\" href=\"https:\/\/mss-gmbh.net\/en\/mineco-produkte\/\" \/>\n<meta property=\"og:locale\" content=\"en_GB\" \/>\n<meta property=\"og:type\" content=\"article\" \/>\n<meta property=\"og:title\" content=\"MINECO - MSS GmbH\" \/>\n<meta property=\"og:url\" content=\"https:\/\/mss-gmbh.net\/en\/mineco-produkte\/\" \/>\n<meta property=\"og:site_name\" content=\"MSS GmbH\" \/>\n<meta property=\"article:publisher\" content=\"https:\/\/www.facebook.com\/mineco.eu\/\" \/>\n<meta property=\"article:modified_time\" content=\"2018-09-17T16:36:09+00:00\" \/>\n<meta name=\"twitter:card\" content=\"summary_large_image\" \/>\n<script type=\"application\/ld+json\" class=\"yoast-schema-graph\">{\"@context\":\"https:\/\/schema.org\",\"@graph\":[{\"@type\":\"WebPage\",\"@id\":\"https:\/\/mss-gmbh.net\/mineco-produkte\/\",\"url\":\"https:\/\/mss-gmbh.net\/mineco-produkte\/\",\"name\":\"MINECO - MSS GmbH\",\"isPartOf\":{\"@id\":\"https:\/\/mss-gmbh.net\/#website\"},\"datePublished\":\"2018-09-16T15:25:19+00:00\",\"dateModified\":\"2018-09-17T16:36:09+00:00\",\"breadcrumb\":{\"@id\":\"https:\/\/mss-gmbh.net\/mineco-produkte\/#breadcrumb\"},\"inLanguage\":\"en-GB\",\"potentialAction\":[{\"@type\":\"ReadAction\",\"target\":[\"https:\/\/mss-gmbh.net\/mineco-produkte\/\"]}]},{\"@type\":\"BreadcrumbList\",\"@id\":\"https:\/\/mss-gmbh.net\/mineco-produkte\/#breadcrumb\",\"itemListElement\":[{\"@type\":\"ListItem\",\"position\":1,\"name\":\"Startseite\",\"item\":\"https:\/\/mss-gmbh.net\/\"},{\"@type\":\"ListItem\",\"position\":2,\"name\":\"MINECO\"}]},{\"@type\":\"WebSite\",\"@id\":\"https:\/\/mss-gmbh.net\/#website\",\"url\":\"https:\/\/mss-gmbh.net\/\",\"name\":\"MINECO\",\"description\":\"\",\"potentialAction\":[{\"@type\":\"SearchAction\",\"target\":{\"@type\":\"EntryPoint\",\"urlTemplate\":\"https:\/\/mss-gmbh.net\/?s={search_term_string}\"},\"query-input\":{\"@type\":\"PropertyValueSpecification\",\"valueRequired\":true,\"valueName\":\"search_term_string\"}}],\"inLanguage\":\"en-GB\"}]}<\/script>\n<!-- \/ Yoast SEO plugin. -->","yoast_head_json":{"title":"MINECO - MSS GmbH","robots":{"index":"index","follow":"follow","max-snippet":"max-snippet:-1","max-image-preview":"max-image-preview:large","max-video-preview":"max-video-preview:-1"},"canonical":"https:\/\/mss-gmbh.net\/en\/mineco-produkte\/","og_locale":"en_GB","og_type":"article","og_title":"MINECO - MSS GmbH","og_url":"https:\/\/mss-gmbh.net\/en\/mineco-produkte\/","og_site_name":"MSS GmbH","article_publisher":"https:\/\/www.facebook.com\/mineco.eu\/","article_modified_time":"2018-09-17T16:36:09+00:00","twitter_card":"summary_large_image","schema":{"@context":"https:\/\/schema.org","@graph":[{"@type":"WebPage","@id":"https:\/\/mss-gmbh.net\/mineco-produkte\/","url":"https:\/\/mss-gmbh.net\/mineco-produkte\/","name":"MINECO - MSS GmbH","isPartOf":{"@id":"https:\/\/mss-gmbh.net\/#website"},"datePublished":"2018-09-16T15:25:19+00:00","dateModified":"2018-09-17T16:36:09+00:00","breadcrumb":{"@id":"https:\/\/mss-gmbh.net\/mineco-produkte\/#breadcrumb"},"inLanguage":"en-GB","potentialAction":[{"@type":"ReadAction","target":["https:\/\/mss-gmbh.net\/mineco-produkte\/"]}]},{"@type":"BreadcrumbList","@id":"https:\/\/mss-gmbh.net\/mineco-produkte\/#breadcrumb","itemListElement":[{"@type":"ListItem","position":1,"name":"Startseite","item":"https:\/\/mss-gmbh.net\/"},{"@type":"ListItem","position":2,"name":"MINECO"}]},{"@type":"WebSite","@id":"https:\/\/mss-gmbh.net\/#website","url":"https:\/\/mss-gmbh.net\/","name":"MINECO","description":"","potentialAction":[{"@type":"SearchAction","target":{"@type":"EntryPoint","urlTemplate":"https:\/\/mss-gmbh.net\/?s={search_term_string}"},"query-input":{"@type":"PropertyValueSpecification","valueRequired":true,"valueName":"search_term_string"}}],"inLanguage":"en-GB"}]}},"_links":{"self":[{"href":"https:\/\/mss-gmbh.net\/en\/wp-json\/wp\/v2\/pages\/37677","targetHints":{"allow":["GET"]}}],"collection":[{"href":"https:\/\/mss-gmbh.net\/en\/wp-json\/wp\/v2\/pages"}],"about":[{"href":"https:\/\/mss-gmbh.net\/en\/wp-json\/wp\/v2\/types\/page"}],"author":[{"embeddable":true,"href":"https:\/\/mss-gmbh.net\/en\/wp-json\/wp\/v2\/users\/4"}],"replies":[{"embeddable":true,"href":"https:\/\/mss-gmbh.net\/en\/wp-json\/wp\/v2\/comments?post=37677"}],"version-history":[{"count":6,"href":"https:\/\/mss-gmbh.net\/en\/wp-json\/wp\/v2\/pages\/37677\/revisions"}],"predecessor-version":[{"id":37712,"href":"https:\/\/mss-gmbh.net\/en\/wp-json\/wp\/v2\/pages\/37677\/revisions\/37712"}],"wp:attachment":[{"href":"https:\/\/mss-gmbh.net\/en\/wp-json\/wp\/v2\/media?parent=37677"}],"curies":[{"name":"wp","href":"https:\/\/api.w.org\/{rel}","templated":true}]}}