{"id":37672,"date":"2018-09-16T17:22:57","date_gmt":"2018-09-16T15:22:57","guid":{"rendered":"https:\/\/mss-gmbh.net\/?page_id=37672"},"modified":"2019-05-27T09:54:20","modified_gmt":"2019-05-27T07:54:20","slug":"pneucon","status":"publish","type":"page","link":"https:\/\/mss-gmbh.net\/en\/pneucon\/","title":{"rendered":"PNEUCON"},"content":{"rendered":"<div class=\"wpb-content-wrapper\"><div class=\"vc_row wpb_row vc_row-fluid dt-default\" style=\"margin-top: 0px;margin-bottom: 0px\"><div class=\"wpb_column vc_column_container vc_col-sm-12\"><div class=\"vc_column-inner\"><div class=\"wpb_wrapper\">\n\t<div  class=\"wpb_single_image wpb_content_element vc_align_center\">\n\t\t\n\t\t<figure class=\"wpb_wrapper vc_figure\">\n\t\t\t<div class=\"vc_single_image-wrapper   vc_box_border_grey\"><img loading=\"lazy\" decoding=\"async\" width=\"300\" height=\"74\" src=\"https:\/\/mss-gmbh.net\/wp-content\/uploads\/2018\/09\/PNEUCON-300x74.png\" class=\"vc_single_image-img attachment-medium\" alt=\"\" title=\"PNEUCON\" srcset=\"https:\/\/mss-gmbh.net\/wp-content\/uploads\/2018\/09\/PNEUCON-300x74.png 300w, https:\/\/mss-gmbh.net\/wp-content\/uploads\/2018\/09\/PNEUCON.png 656w\" sizes=\"auto, (max-width: 300px) 100vw, 300px\"  data-dt-location=\"https:\/\/mss-gmbh.net\/en\/pneucon-2\/\" \/><\/div>\n\t\t<\/figure>\n\t<\/div>\n<\/div><\/div><\/div><\/div><div class=\"vc_row wpb_row vc_row-fluid vc_custom_1555327217404\"><div class=\"wpb_column vc_column_container vc_col-sm-12\"><div class=\"vc_column-inner\"><div class=\"wpb_wrapper\">\n\t<div class=\"wpb_text_column wpb_content_element\" >\n\t\t<div class=\"wpb_wrapper\">\n\t\t\t<h3>PNEUCON\u00ae &#8211; Korrosionsschutz f\u00fcr Sch\u00e4chte und Kammern<\/h3>\n<p>Bei der Sanierung von Abwassersch\u00e4chten und Kammern handelt es sich um komplexe bautechnische Vorhaben, bei denen unterschiedliche Faktoren wie etwa eine gr\u00fcndliche Untergrundvorbereitung oder eine gegen biogene Schwefels\u00e4ure-Korrosion wirksame Beschichtung, f\u00fcr die Dauerhaftigkeit und Qualit\u00e4t des Sanierungsergebnisses eine wichtige Rolle spielen.<\/p>\n<p>Auf eben diese Faktoren konzentriert sich das PNEUCON\u00ae System zur Sanierung und Instandsetzung von Abwassersch\u00e4chten und Kammern.<\/p>\n<p>Jahrelange Entwicklung und Optimierung sowie Praxiserfahrung bei zahlreichen Projekten im Abwasserbereich best\u00e4tigen die Wirksamkeit und Wirtschaftlichkeit unserer Produkte und des zur Sanierung verwendeten Systems. \u00dcberzeugen auch Sie sich von unserer Qualit\u00e4t!<\/p>\n<p>Die MSS GmbH bietet neben der minerelischen Beschichtung PNEUCON\u00ae auch Komplettl\u00f6sungen f\u00fcr die Sanierung und Instandsetzung von Sch\u00e4chten und Kammern.<\/p>\n\n\t\t<\/div>\n\t<\/div>\n<div class=\"vc_separator wpb_content_element vc_separator_align_center vc_sep_width_100 vc_sep_border_width_2 vc_sep_pos_align_center vc_separator_no_text vc_sep_color_white wpb_content_element  wpb_content_element\" ><span class=\"vc_sep_holder vc_sep_holder_l\"><span class=\"vc_sep_line\"><\/span><\/span><span class=\"vc_sep_holder vc_sep_holder_r\"><span class=\"vc_sep_line\"><\/span><\/span>\n<\/div><div class=\"vc_row wpb_row vc_inner vc_row-fluid\"><div class=\"wpb_column vc_column_container vc_col-sm-12\"><div class=\"vc_column-inner\"><div class=\"wpb_wrapper\">\n\t<div class=\"wpb_text_column wpb_content_element\" >\n\t\t<div class=\"wpb_wrapper\">\n\t\t\t<h3>Outstanding product properties<\/h3>\n\n\t\t<\/div>\n\t<\/div>\n<\/div><\/div><\/div><div class=\"wpb_column vc_column_container vc_col-sm-6\"><div class=\"vc_column-inner\"><div class=\"wpb_wrapper\">\n\t<div  class=\"wpb_single_image wpb_content_element vc_align_left\">\n\t\t\n\t\t<figure class=\"wpb_wrapper vc_figure\">\n\t\t\t<div class=\"vc_single_image-wrapper   vc_box_border_grey\"><img loading=\"lazy\" decoding=\"async\" width=\"350\" height=\"350\" src=\"https:\/\/mss-gmbh.net\/wp-content\/uploads\/2018\/09\/PNEUCON_Schacht.png\" class=\"vc_single_image-img attachment-large\" alt=\"\" title=\"PNEUCON_Schacht\" srcset=\"https:\/\/mss-gmbh.net\/wp-content\/uploads\/2018\/09\/PNEUCON_Schacht.png 350w, https:\/\/mss-gmbh.net\/wp-content\/uploads\/2018\/09\/PNEUCON_Schacht-150x150.png 150w, https:\/\/mss-gmbh.net\/wp-content\/uploads\/2018\/09\/PNEUCON_Schacht-300x300.png 300w\" sizes=\"auto, (max-width: 350px) 100vw, 350px\"  data-dt-location=\"https:\/\/mss-gmbh.net\/en\/pneucon\/pneucon_schacht\/\" \/><\/div>\n\t\t<\/figure>\n\t<\/div>\n<\/div><\/div><\/div><div class=\"wpb_column vc_column_container vc_col-sm-6\"><div class=\"vc_column-inner\"><div class=\"wpb_wrapper\">\n\t<div class=\"wpb_text_column wpb_content_element\" >\n\t\t<div class=\"wpb_wrapper\">\n\t\t\t<ul class=\"main__list\">\n<li>mineralische Beschichtung, umweltfreundlich, l\u00f6semittelfrei und schadstoffarm<\/li>\n<li>monolithischer Verbund durch chemische Reaktion zum Untergrund<\/li>\n<li>hohe L\u00f6semittel- und S\u00e4urebest\u00e4ndigkeit<\/li>\n<li>Langzeitschutz gegen biogene Schwefels\u00e4ure-Korrosion (BSK)<\/li>\n<li>druckwasserdicht bei gleichzeitiger Wasserdampfoffenheit<\/li>\n<li>kann geschleudert, gespritzt oder gestrichen werden<\/li>\n<li>Schichtdicke 2 bis 10 mm<\/li>\n<\/ul>\n\n\t\t<\/div>\n\t<\/div>\n<\/div><\/div><\/div><\/div><div class=\"vc_separator wpb_content_element vc_separator_align_center vc_sep_width_100 vc_sep_border_width_2 vc_sep_pos_align_center vc_separator_no_text vc_sep_color_white wpb_content_element  wpb_content_element\" ><span class=\"vc_sep_holder vc_sep_holder_l\"><span class=\"vc_sep_line\"><\/span><\/span><span class=\"vc_sep_holder vc_sep_holder_r\"><span class=\"vc_sep_line\"><\/span><\/span>\n<\/div>\n\t<div class=\"wpb_text_column wpb_content_element\" >\n\t\t<div class=\"wpb_wrapper\">\n\t\t\t<h3>PNEUCON\u00ae &#8211; Videos<\/h3>\n\n\t\t<\/div>\n\t<\/div>\n<div class=\"vc_row wpb_row vc_inner vc_row-fluid\"><div class=\"wpb_column vc_column_container vc_col-sm-6\"><div class=\"vc_column-inner\"><div class=\"wpb_wrapper\">\n\t<div class=\"wpb_video_widget wpb_content_element vc_clearfix   vc_video-aspect-ratio-169 vc_video-el-width-100 vc_video-align-center\" >\n\t\t<div class=\"wpb_wrapper\">\n\t\t\t\n\t\t\t<div class=\"wpb_video_wrapper\"><a href=\"https:\/\/www.youtube.com\/watch?v=rY2mCt0j8Xg&#038;feature=youtu.be\">https:\/\/www.youtube.com\/watch?v=rY2mCt0j8Xg&#038;feature=youtu.be<\/a><\/div>\n\t\t<\/div>\n\t<\/div>\n\n\t<div class=\"wpb_text_column wpb_content_element  vc_custom_1552501965942\" >\n\t\t<div class=\"wpb_wrapper\">\n\t\t\t<div class=\"wpb_text_column wpb_content_element vc_custom_1552501261766\">\n<div class=\"wpb_wrapper\">\n<p class=\"wpb_heading wpb_video_heading\"><em>Sanierung eines Sammelbeh\u00e4lters mit PNEUCON\u00ae System<\/em><br \/>\n<em>Executing company: Octopus Coating GmbH<\/em><\/p>\n<\/div>\n<\/div>\n\n\t\t<\/div>\n\t<\/div>\n<\/div><\/div><\/div><div class=\"wpb_column vc_column_container vc_col-sm-6\"><div class=\"vc_column-inner\"><div class=\"wpb_wrapper\">\n\t<div class=\"wpb_video_widget wpb_content_element vc_clearfix   vc_video-aspect-ratio-169 vc_video-el-width-100 vc_video-align-center\" >\n\t\t<div class=\"wpb_wrapper\">\n\t\t\t\n\t\t\t<div class=\"wpb_video_wrapper\"><a href=\"https:\/\/www.youtube.com\/watch?v=GyYazhj90hQ&#038;feature=youtu.be\">https:\/\/www.youtube.com\/watch?v=GyYazhj90hQ&#038;feature=youtu.be<\/a><\/div>\n\t\t<\/div>\n\t<\/div>\n\n\t<div class=\"wpb_text_column wpb_content_element  vc_custom_1552501975696\" >\n\t\t<div class=\"wpb_wrapper\">\n\t\t\t<div class=\"wpb_text_column wpb_content_element vc_custom_1552501261766\">\n<div class=\"wpb_wrapper\">\n<p class=\"wpb_heading wpb_video_heading\"><em>Sanierung von Abwassersch\u00e4chten mit PNEUCON\u00ae System<\/em><br \/>\n<em>Executing company: Octopus Coating GmbH<\/em><\/p>\n<\/div>\n<\/div>\n\n\t\t<\/div>\n\t<\/div>\n<\/div><\/div><\/div><\/div><\/div><\/div><\/div><\/div><!-- Row Backgrounds --><div class=\"upb_color\" data-bg-override=\"0\" data-bg-color=\"#eaeaea\" data-fadeout=\"\" data-fadeout-percentage=\"30\" data-parallax-content=\"\" data-parallax-content-sense=\"30\" data-row-effect-mobile-disable=\"true\" data-img-parallax-mobile-disable=\"true\" data-rtl=\"false\"  data-custom-vc-row=\"\"  data-vc=\"8.7.2\"  data-is_old_vc=\"\"  data-theme-support=\"\"   data-overlay=\"false\" data-overlay-color=\"\" data-overlay-pattern=\"\" data-overlay-pattern-opacity=\"\" data-overlay-pattern-size=\"\"    ><\/div><div class=\"vc_row wpb_row vc_row-fluid vc_custom_1555327229909\"><div class=\"wpb_column vc_column_container vc_col-sm-6\"><div class=\"vc_column-inner\"><div class=\"wpb_wrapper\">\n\t<div class=\"wpb_text_column wpb_content_element\" >\n\t\t<div class=\"wpb_wrapper\">\n\t\t\t<h3>Download<\/h3>\n\n\t\t<\/div>\n\t<\/div>\n<div class=\"aio-icon-component  vc_custom_1555327943678   style_2\"><a class=\"aio-icon-box-link\" href=\"https:\/\/mss-gmbh.net\/wp-content\/uploads\/2019\/04\/DE_PNEUCON.pdf\" target=\"_blank\" rel=\"noopener\" ><div id=\"Info-box-wrap-3127\" class=\"aio-icon-box left-icon\" style=\"\"  ><div class=\"aio-icon-left\"><div class=\"ult-just-icon-wrapper\"><div class=\"align-icon\" style=\"text-align:center;\">\n<div class=\"aio-icon none\"  style=\"color:#333;font-size:20px;display:inline-block;\">\n\t<i class=\"Defaults-file-pdf-o\"><\/i>\n<\/div><\/div><\/div><\/div><div class=\"aio-ibd-block\"><div class=\"aio-icon-header\" ><h4 class=\"aio-icon-title ult-responsive\"  data-ultimate-target='#Info-box-wrap-3127 .aio-icon-title'  data-responsive-json-new='{\"font-size\":\"\",\"line-height\":\"\"}'  style=\"\">Tech Data Sheet<\/h4><\/div> <!-- header --><\/div> <!-- aio-ibd-block --><\/div> <!-- aio-icon-box --><\/a><\/div> <!-- aio-icon-component --><div class=\"aio-icon-component  vc_custom_1555327967787   style_2\"><a class=\"aio-icon-box-link\" href=\"https:\/\/mss-gmbh.net\/wp-content\/uploads\/2019\/04\/PNEUCON.pdf\" target=\"_blank\" rel=\"noopener\" ><div id=\"Info-box-wrap-5557\" class=\"aio-icon-box left-icon\" style=\"\"  ><div class=\"aio-icon-left\"><div class=\"ult-just-icon-wrapper\"><div class=\"align-icon\" style=\"text-align:center;\">\n<div class=\"aio-icon none\"  style=\"color:#333;font-size:20px;display:inline-block;\">\n\t<i class=\"Defaults-file-pdf-o\"><\/i>\n<\/div><\/div><\/div><\/div><div class=\"aio-ibd-block\"><div class=\"aio-icon-header\" ><h4 class=\"aio-icon-title ult-responsive\"  data-ultimate-target='#Info-box-wrap-5557 .aio-icon-title'  data-responsive-json-new='{\"font-size\":\"\",\"line-height\":\"\"}'  style=\"\">Flyer<\/h4><\/div> <!-- header --><\/div> <!-- aio-ibd-block --><\/div> <!-- aio-icon-box --><\/a><\/div> <!-- aio-icon-component --><\/div><\/div><\/div><div class=\"wpb_column vc_column_container vc_col-sm-6\"><div class=\"vc_column-inner\"><div class=\"wpb_wrapper\">\n\t<div class=\"wpb_text_column wpb_content_element\" >\n\t\t<div class=\"wpb_wrapper\">\n\t\t\t<h3>Do you have any questions?<\/h3>\n\n\t\t<\/div>\n\t<\/div>\n<form class=\"dt-contact-form dt-form\" method=\"post\" action=\"\"><input type=\"hidden\" name=\"widget_id\" value=\"presscore-contact-form-widget--1\" \/><input type=\"hidden\" name=\"send_message\" value=\"\" \/><input type=\"hidden\" name=\"security_token\" value=\"143a6f42396702d87264\"\/><div class=\"form-fields\"><span class=\"form-name\"><label class=\"assistive-text\">Name *<\/label><input type=\"text\" class=\"validate[required]\" placeholder=\"Name *\" name=\"name\" value=\"\" aria-required=\"true\">\n<\/span><span class=\"form-mail\"><label class=\"assistive-text\">E-mail *<\/label><input type=\"text\" class=\"validate[required,custom[email]]\" placeholder=\"E-mail *\" name=\"email\" value=\"\" aria-required=\"true\">\n<\/span><\/div><span class=\"form-message\"><label class=\"assistive-text\">Message *<\/label><textarea class=\"validate[required]\" placeholder=\"Message *\" name=\"message\" rows=\"3\" aria-required=\"true\"><\/textarea>\n<\/span><p><a href=\"#\" class=\"dt-btn dt-btn-m dt-btn-submit\" rel=\"nofollow\"><span>Send<\/span><\/a><input class=\"assistive-text\" type=\"submit\" value=\"submit\"><\/p><input type=\"hidden\" name=\"trp-form-language\" value=\"en\"\/><\/form>\n<\/div><\/div><\/div><\/div>\n<\/div>","protected":false},"excerpt":{"rendered":"<p>PNEUCON\u00ae &#8211; Korrosionsschutz f\u00fcr Sch\u00e4chte und Kammern Bei der Sanierung von Abwassersch\u00e4chten und Kammern handelt es sich um komplexe bautechnische Vorhaben, bei denen unterschiedliche Faktoren wie etwa eine gr\u00fcndliche Untergrundvorbereitung oder eine gegen biogene Schwefels\u00e4ure-Korrosion wirksame Beschichtung, f\u00fcr die Dauerhaftigkeit und Qualit\u00e4t des Sanierungsergebnisses eine wichtige Rolle spielen. Auf eben diese Faktoren konzentriert sich das&hellip;<\/p>","protected":false},"author":4,"featured_media":0,"parent":0,"menu_order":0,"comment_status":"closed","ping_status":"closed","template":"","meta":{"footnotes":""},"class_list":["post-37672","page","type-page","status-publish","hentry","description-off"],"yoast_head":"<!-- This site is optimized with the Yoast SEO plugin v26.4 - https:\/\/yoast.com\/wordpress\/plugins\/seo\/ -->\n<title>PNEUCON - MSS GmbH<\/title>\n<meta name=\"robots\" content=\"index, follow, max-snippet:-1, max-image-preview:large, max-video-preview:-1\" \/>\n<link rel=\"canonical\" href=\"https:\/\/mss-gmbh.net\/en\/pneucon\/\" \/>\n<meta property=\"og:locale\" content=\"en_GB\" \/>\n<meta property=\"og:type\" content=\"article\" \/>\n<meta property=\"og:title\" content=\"PNEUCON - MSS GmbH\" \/>\n<meta property=\"og:url\" content=\"https:\/\/mss-gmbh.net\/en\/pneucon\/\" \/>\n<meta property=\"og:site_name\" content=\"MSS GmbH\" \/>\n<meta property=\"article:publisher\" content=\"https:\/\/www.facebook.com\/mineco.eu\/\" \/>\n<meta property=\"article:modified_time\" content=\"2019-05-27T07:54:20+00:00\" \/>\n<meta name=\"twitter:card\" content=\"summary_large_image\" \/>\n<script type=\"application\/ld+json\" class=\"yoast-schema-graph\">{\"@context\":\"https:\/\/schema.org\",\"@graph\":[{\"@type\":\"WebPage\",\"@id\":\"https:\/\/mss-gmbh.net\/pneucon\/\",\"url\":\"https:\/\/mss-gmbh.net\/pneucon\/\",\"name\":\"PNEUCON - MSS GmbH\",\"isPartOf\":{\"@id\":\"https:\/\/mss-gmbh.net\/#website\"},\"datePublished\":\"2018-09-16T15:22:57+00:00\",\"dateModified\":\"2019-05-27T07:54:20+00:00\",\"breadcrumb\":{\"@id\":\"https:\/\/mss-gmbh.net\/pneucon\/#breadcrumb\"},\"inLanguage\":\"en-GB\",\"potentialAction\":[{\"@type\":\"ReadAction\",\"target\":[\"https:\/\/mss-gmbh.net\/pneucon\/\"]}]},{\"@type\":\"BreadcrumbList\",\"@id\":\"https:\/\/mss-gmbh.net\/pneucon\/#breadcrumb\",\"itemListElement\":[{\"@type\":\"ListItem\",\"position\":1,\"name\":\"Startseite\",\"item\":\"https:\/\/mss-gmbh.net\/\"},{\"@type\":\"ListItem\",\"position\":2,\"name\":\"PNEUCON\"}]},{\"@type\":\"WebSite\",\"@id\":\"https:\/\/mss-gmbh.net\/#website\",\"url\":\"https:\/\/mss-gmbh.net\/\",\"name\":\"MINECO\",\"description\":\"\",\"potentialAction\":[{\"@type\":\"SearchAction\",\"target\":{\"@type\":\"EntryPoint\",\"urlTemplate\":\"https:\/\/mss-gmbh.net\/?s={search_term_string}\"},\"query-input\":{\"@type\":\"PropertyValueSpecification\",\"valueRequired\":true,\"valueName\":\"search_term_string\"}}],\"inLanguage\":\"en-GB\"}]}<\/script>\n<!-- \/ Yoast SEO plugin. -->","yoast_head_json":{"title":"PNEUCON - MSS GmbH","robots":{"index":"index","follow":"follow","max-snippet":"max-snippet:-1","max-image-preview":"max-image-preview:large","max-video-preview":"max-video-preview:-1"},"canonical":"https:\/\/mss-gmbh.net\/en\/pneucon\/","og_locale":"en_GB","og_type":"article","og_title":"PNEUCON - MSS GmbH","og_url":"https:\/\/mss-gmbh.net\/en\/pneucon\/","og_site_name":"MSS GmbH","article_publisher":"https:\/\/www.facebook.com\/mineco.eu\/","article_modified_time":"2019-05-27T07:54:20+00:00","twitter_card":"summary_large_image","schema":{"@context":"https:\/\/schema.org","@graph":[{"@type":"WebPage","@id":"https:\/\/mss-gmbh.net\/pneucon\/","url":"https:\/\/mss-gmbh.net\/pneucon\/","name":"PNEUCON - MSS GmbH","isPartOf":{"@id":"https:\/\/mss-gmbh.net\/#website"},"datePublished":"2018-09-16T15:22:57+00:00","dateModified":"2019-05-27T07:54:20+00:00","breadcrumb":{"@id":"https:\/\/mss-gmbh.net\/pneucon\/#breadcrumb"},"inLanguage":"en-GB","potentialAction":[{"@type":"ReadAction","target":["https:\/\/mss-gmbh.net\/pneucon\/"]}]},{"@type":"BreadcrumbList","@id":"https:\/\/mss-gmbh.net\/pneucon\/#breadcrumb","itemListElement":[{"@type":"ListItem","position":1,"name":"Startseite","item":"https:\/\/mss-gmbh.net\/"},{"@type":"ListItem","position":2,"name":"PNEUCON"}]},{"@type":"WebSite","@id":"https:\/\/mss-gmbh.net\/#website","url":"https:\/\/mss-gmbh.net\/","name":"MINECO","description":"","potentialAction":[{"@type":"SearchAction","target":{"@type":"EntryPoint","urlTemplate":"https:\/\/mss-gmbh.net\/?s={search_term_string}"},"query-input":{"@type":"PropertyValueSpecification","valueRequired":true,"valueName":"search_term_string"}}],"inLanguage":"en-GB"}]}},"_links":{"self":[{"href":"https:\/\/mss-gmbh.net\/en\/wp-json\/wp\/v2\/pages\/37672","targetHints":{"allow":["GET"]}}],"collection":[{"href":"https:\/\/mss-gmbh.net\/en\/wp-json\/wp\/v2\/pages"}],"about":[{"href":"https:\/\/mss-gmbh.net\/en\/wp-json\/wp\/v2\/types\/page"}],"author":[{"embeddable":true,"href":"https:\/\/mss-gmbh.net\/en\/wp-json\/wp\/v2\/users\/4"}],"replies":[{"embeddable":true,"href":"https:\/\/mss-gmbh.net\/en\/wp-json\/wp\/v2\/comments?post=37672"}],"version-history":[{"count":11,"href":"https:\/\/mss-gmbh.net\/en\/wp-json\/wp\/v2\/pages\/37672\/revisions"}],"predecessor-version":[{"id":37927,"href":"https:\/\/mss-gmbh.net\/en\/wp-json\/wp\/v2\/pages\/37672\/revisions\/37927"}],"wp:attachment":[{"href":"https:\/\/mss-gmbh.net\/en\/wp-json\/wp\/v2\/media?parent=37672"}],"curies":[{"name":"wp","href":"https:\/\/api.w.org\/{rel}","templated":true}]}}