{"id":37670,"date":"2018-09-16T17:22:18","date_gmt":"2018-09-16T15:22:18","guid":{"rendered":"https:\/\/mss-gmbh.net\/?page_id=37670"},"modified":"2019-06-05T11:32:04","modified_gmt":"2019-06-05T09:32:04","slug":"corropipe-black","status":"publish","type":"page","link":"https:\/\/mss-gmbh.net\/en\/corropipe-black\/","title":{"rendered":"CORROPIPE\u00aeblack \u2013 Korrosionschutz f\u00fcr Tanks und Pipelines in der \u00d6l- und Gasindustrie"},"content":{"rendered":"<div class=\"wpb-content-wrapper\"><div class=\"vc_row wpb_row vc_row-fluid dt-default\" style=\"margin-top: 0px;margin-bottom: 0px\"><div class=\"wpb_column vc_column_container vc_col-sm-12\"><div class=\"vc_column-inner\"><div class=\"wpb_wrapper\">\n\t<div  class=\"wpb_single_image wpb_content_element vc_align_center\">\n\t\t\n\t\t<figure class=\"wpb_wrapper vc_figure\">\n\t\t\t<div class=\"vc_single_image-wrapper   vc_box_border_grey\"><img loading=\"lazy\" decoding=\"async\" width=\"300\" height=\"69\" src=\"https:\/\/mss-gmbh.net\/wp-content\/uploads\/2018\/09\/CORROPIPE-300x69.png\" class=\"vc_single_image-img attachment-medium\" alt=\"\" title=\"CORROPIPE\" srcset=\"https:\/\/mss-gmbh.net\/wp-content\/uploads\/2018\/09\/CORROPIPE-300x69.png 300w, https:\/\/mss-gmbh.net\/wp-content\/uploads\/2018\/09\/CORROPIPE.png 709w\" sizes=\"auto, (max-width: 300px) 100vw, 300px\"  data-dt-location=\"https:\/\/mss-gmbh.net\/en\/corropipe-2\/\" \/><\/div>\n\t\t<\/figure>\n\t<\/div>\n<\/div><\/div><\/div><\/div><div class=\"vc_row wpb_row vc_row-fluid vc_custom_1555326512136 vc_row-has-fill\"><div class=\"wpb_column vc_column_container vc_col-sm-12\"><div class=\"vc_column-inner\"><div class=\"wpb_wrapper\">\n\t<div class=\"wpb_text_column wpb_content_element\" >\n\t\t<div class=\"wpb_wrapper\">\n\t\t\t<h3>CORROPIPE\u00ae black \u2013 Mineral Coating System for Oil &amp; Gas Industry<\/h3>\n<p>For the internal corrosion protection of crude oil tanks and pipelines, MSS GmbH offers the innovative and solvent-free, mineral coating system CORROPIPE\u00ae black. It is a product tested by the petroleum industry, which is applied directly to rusty steel surfaces.<\/p>\n<p>Years of development and optimization as well as numerous projects in the oil and gas industry confirm the effectiveness of CORROPIPE\u00ae black. The material can be painted or applied by airless spray directly to the rusty steel surface of tube oil tanks. When coating piplines, the material is scrubbed onto the inside surface of the piping.<\/p>\n<p>In addition to the mineral coating CORROPIPE\u00ae black, MSS GmbH also offers complete solutions for the recoating and repair of oil and gas tanks as well as oil and gas pipelines.<\/p>\n\n\t\t<\/div>\n\t<\/div>\n<div class=\"vc_separator wpb_content_element vc_separator_align_center vc_sep_width_100 vc_sep_border_width_2 vc_sep_pos_align_center vc_separator_no_text vc_sep_color_white wpb_content_element  wpb_content_element\" ><span class=\"vc_sep_holder vc_sep_holder_l\"><span class=\"vc_sep_line\"><\/span><\/span><span class=\"vc_sep_holder vc_sep_holder_r\"><span class=\"vc_sep_line\"><\/span><\/span>\n<\/div><div class=\"vc_row wpb_row vc_inner vc_row-fluid\"><div class=\"wpb_column vc_column_container vc_col-sm-6\"><div class=\"vc_column-inner\"><div class=\"wpb_wrapper\">\n\t<div class=\"wpb_text_column wpb_content_element\" >\n\t\t<div class=\"wpb_wrapper\">\n\t\t\t<h3>Outstanding product properties<\/h3>\n\n\t\t<\/div>\n\t<\/div>\n\n\t<div  class=\"wpb_single_image wpb_content_element vc_align_center  vc_custom_1537197514864\">\n\t\t\n\t\t<figure class=\"wpb_wrapper vc_figure\">\n\t\t\t<div class=\"vc_single_image-wrapper   vc_box_border_grey\"><img loading=\"lazy\" decoding=\"async\" width=\"600\" height=\"270\" src=\"https:\/\/mss-gmbh.net\/wp-content\/uploads\/2018\/09\/CORROPIPE_Korrosionsschutz.jpg\" class=\"vc_single_image-img attachment-large\" alt=\"\" title=\"CORROPIPE_Korrosionsschutz\" srcset=\"https:\/\/mss-gmbh.net\/wp-content\/uploads\/2018\/09\/CORROPIPE_Korrosionsschutz.jpg 600w, https:\/\/mss-gmbh.net\/wp-content\/uploads\/2018\/09\/CORROPIPE_Korrosionsschutz-300x135.jpg 300w\" sizes=\"auto, (max-width: 600px) 100vw, 600px\"  data-dt-location=\"https:\/\/mss-gmbh.net\/en\/corropipe-black\/corropipe_korrosionsschutz\/\" \/><\/div>\n\t\t<\/figure>\n\t<\/div>\n<\/div><\/div><\/div><div class=\"wpb_column vc_column_container vc_col-sm-6\"><div class=\"vc_column-inner\"><div class=\"wpb_wrapper\">\n\t<div class=\"wpb_text_column wpb_content_element\" >\n\t\t<div class=\"wpb_wrapper\">\n\t\t\t<ul>\n<li>very good application on stable, rusty steel &amp; all mineral surfaces<\/li>\n<li>no rust infi ltration of the coating<\/li>\n<li>high-alkaline medium ensures active long-term corrosion protection<\/li>\n<li>Temperature resistance from -40 \u00b0C to + 150 \u00b0C in the wet area<\/li>\n<li>high resistance to acids and bases from pH 3,5 to pH 14<\/li>\n<li>high adhesion force to steel that does not diminish even with multiple load changes<\/li>\n<li>the expansion coeffi cient of the material is the same as that of steel<\/li>\n<li>Volume resistance of \u22641M\u03a9<\/li>\n<li>extremely low shrinkage of the material<\/li>\n<li>vapour permeability<\/li>\n<li>flame-retardant, high level of fire protection<\/li>\n<li>environmentally friendly, solvent-free, low in pollutants - no dangerous goods!<\/li>\n<\/ul>\n\n\t\t<\/div>\n\t<\/div>\n<\/div><\/div><\/div><\/div><div class=\"vc_separator wpb_content_element vc_separator_align_center vc_sep_width_100 vc_sep_border_width_2 vc_sep_pos_align_center vc_separator_no_text vc_sep_color_white wpb_content_element  wpb_content_element\" ><span class=\"vc_sep_holder vc_sep_holder_l\"><span class=\"vc_sep_line\"><\/span><\/span><span class=\"vc_sep_holder vc_sep_holder_r\"><span class=\"vc_sep_line\"><\/span><\/span>\n<\/div>\n\t<div class=\"wpb_text_column wpb_content_element\" >\n\t\t<div class=\"wpb_wrapper\">\n\t\t\t<h3>Videos<\/h3>\n\n\t\t<\/div>\n\t<\/div>\n<div class=\"vc_row wpb_row vc_inner vc_row-fluid\"><div class=\"wpb_column vc_column_container vc_col-sm-6\"><div class=\"vc_column-inner\"><div class=\"wpb_wrapper\">\n\t<div class=\"wpb_video_widget wpb_content_element vc_clearfix   vc_video-aspect-ratio-169 vc_video-el-width-100 vc_video-align-center\" >\n\t\t<div class=\"wpb_wrapper\">\n\t\t\t\n\t\t\t<div class=\"wpb_video_wrapper\"><a href=\"https:\/\/www.youtube.com\/watch?v=d1v-SQY3b08&#038;feature=youtu.be\">https:\/\/www.youtube.com\/watch?v=d1v-SQY3b08&#038;feature=youtu.be<\/a><\/div>\n\t\t<\/div>\n\t<\/div>\n\n\t<div class=\"wpb_text_column wpb_content_element  vc_custom_1552501261766\" >\n\t\t<div class=\"wpb_wrapper\">\n\t\t\t<p><em>RAG crude oil tank coating with CORROPIPE\u00ae black<\/em><br \/>\n<em>Executing company: Octopus Coating GmbH<\/em><\/p>\n\n\t\t<\/div>\n\t<\/div>\n<\/div><\/div><\/div><div class=\"wpb_column vc_column_container vc_col-sm-6\"><div class=\"vc_column-inner\"><div class=\"wpb_wrapper\">\n\t<div class=\"wpb_video_widget wpb_content_element vc_clearfix   vc_video-aspect-ratio-169 vc_video-el-width-100 vc_video-align-center\" >\n\t\t<div class=\"wpb_wrapper\">\n\t\t\t\n\t\t\t<div class=\"wpb_video_wrapper\"><a href=\"https:\/\/www.youtube.com\/watch?v=K5TgI-tRQBw&#038;feature=youtu.be\">https:\/\/www.youtube.com\/watch?v=K5TgI-tRQBw&#038;feature=youtu.be<\/a><\/div>\n\t\t<\/div>\n\t<\/div>\n\n\t<div class=\"wpb_text_column wpb_content_element  vc_custom_1552501285795\" >\n\t\t<div class=\"wpb_wrapper\">\n\t\t\t<p><em>Information about the product CORROPIPE\u00ae black<br \/>\n<\/em><\/p>\n\n\t\t<\/div>\n\t<\/div>\n<\/div><\/div><\/div><\/div><\/div><\/div><\/div><\/div><!-- Row Backgrounds --><div class=\"upb_color\" data-bg-override=\"0\" data-bg-color=\"#e2e2e2\" data-fadeout=\"\" data-fadeout-percentage=\"30\" data-parallax-content=\"\" data-parallax-content-sense=\"30\" data-row-effect-mobile-disable=\"true\" data-img-parallax-mobile-disable=\"true\" data-rtl=\"false\"  data-custom-vc-row=\"\"  data-vc=\"8.7.2\"  data-is_old_vc=\"\"  data-theme-support=\"\"   data-overlay=\"false\" data-overlay-color=\"\" data-overlay-pattern=\"\" data-overlay-pattern-opacity=\"\" data-overlay-pattern-size=\"\"    ><\/div><div class=\"vc_row wpb_row vc_row-fluid vc_custom_1555326799716\"><div class=\"wpb_column vc_column_container vc_col-sm-6\"><div class=\"vc_column-inner\"><div class=\"wpb_wrapper\">\n\t<div class=\"wpb_text_column wpb_content_element\" >\n\t\t<div class=\"wpb_wrapper\">\n\t\t\t<h3>Download<\/h3>\n\n\t\t<\/div>\n\t<\/div>\n<div class=\"aio-icon-component  vc_custom_1555326967246   style_2\"><a class=\"aio-icon-box-link\" href=\"https:\/\/mss-gmbh.net\/wp-content\/uploads\/2019\/04\/DE_CORROPIPE_black.pdf\" target=\"_blank\" rel=\"noopener\" ><div id=\"Info-box-wrap-7104\" class=\"aio-icon-box left-icon\" style=\"\"  ><div class=\"aio-icon-left\"><div class=\"ult-just-icon-wrapper\"><div class=\"align-icon\" style=\"text-align:center;\">\n<div class=\"aio-icon none\"  style=\"color:#333;font-size:20px;display:inline-block;\">\n\t<i class=\"Defaults-file-pdf-o\"><\/i>\n<\/div><\/div><\/div><\/div><div class=\"aio-ibd-block\"><div class=\"aio-icon-header\" ><h4 class=\"aio-icon-title ult-responsive\"  data-ultimate-target='#Info-box-wrap-7104 .aio-icon-title'  data-responsive-json-new='{\"font-size\":\"\",\"line-height\":\"\"}'  style=\"\">Tech Data Sheet<\/h4><\/div> <!-- header --><\/div> <!-- aio-ibd-block --><\/div> <!-- aio-icon-box --><\/a><\/div> <!-- aio-icon-component --><div class=\"aio-icon-component  vc_custom_1555326936804   style_2\"><a class=\"aio-icon-box-link\" href=\"https:\/\/mss-gmbh.net\/wp-content\/uploads\/2019\/04\/CORROPIPE-black.pdf\" target=\"_blank\" rel=\"noopener\" ><div id=\"Info-box-wrap-5083\" class=\"aio-icon-box left-icon\" style=\"\"  ><div class=\"aio-icon-left\"><div class=\"ult-just-icon-wrapper\"><div class=\"align-icon\" style=\"text-align:center;\">\n<div class=\"aio-icon none\"  style=\"color:#333;font-size:20px;display:inline-block;\">\n\t<i class=\"Defaults-file-pdf-o\"><\/i>\n<\/div><\/div><\/div><\/div><div class=\"aio-ibd-block\"><div class=\"aio-icon-header\" ><h4 class=\"aio-icon-title ult-responsive\"  data-ultimate-target='#Info-box-wrap-5083 .aio-icon-title'  data-responsive-json-new='{\"font-size\":\"\",\"line-height\":\"\"}'  style=\"\">Flyer<\/h4><\/div> <!-- header --><\/div> <!-- aio-ibd-block --><\/div> <!-- aio-icon-box --><\/a><\/div> <!-- aio-icon-component --><\/div><\/div><\/div><div class=\"wpb_column vc_column_container vc_col-sm-6\"><div class=\"vc_column-inner\"><div class=\"wpb_wrapper\">\n\t<div class=\"wpb_text_column wpb_content_element\" >\n\t\t<div class=\"wpb_wrapper\">\n\t\t\t<h3>Do you have any questions?<\/h3>\n\n\t\t<\/div>\n\t<\/div>\n<form class=\"dt-contact-form dt-form\" method=\"post\" action=\"\"><input type=\"hidden\" name=\"widget_id\" value=\"presscore-contact-form-widget--1\" \/><input type=\"hidden\" name=\"send_message\" value=\"\" \/><input type=\"hidden\" name=\"security_token\" value=\"143a6f42396702d87264\"\/><div class=\"form-fields\"><span class=\"form-name\"><label class=\"assistive-text\">Name *<\/label><input type=\"text\" class=\"validate[required]\" placeholder=\"Name *\" name=\"name\" value=\"\" aria-required=\"true\">\n<\/span><span class=\"form-mail\"><label class=\"assistive-text\">E-mail *<\/label><input type=\"text\" class=\"validate[required,custom[email]]\" placeholder=\"E-mail *\" name=\"email\" value=\"\" aria-required=\"true\">\n<\/span><\/div><span class=\"form-message\"><label class=\"assistive-text\">Message *<\/label><textarea class=\"validate[required]\" placeholder=\"Message *\" name=\"message\" rows=\"3\" aria-required=\"true\"><\/textarea>\n<\/span><p><a href=\"#\" class=\"dt-btn dt-btn-m dt-btn-submit\" rel=\"nofollow\"><span>Send<\/span><\/a><input class=\"assistive-text\" type=\"submit\" value=\"submit\"><\/p><input type=\"hidden\" name=\"trp-form-language\" value=\"en\"\/><\/form>\n<\/div><\/div><\/div><\/div>\n<\/div>","protected":false},"excerpt":{"rendered":"<p>CORROPIPE\u00ae black &#8211; Korrosionschutz f\u00fcr Tanks und Pipelines in der \u00d6l- und Gasindustrie F\u00fcr den Innenkorrosionsschutz von Roh\u00f6ltanks und Pipelines bietet die MSS GmbH das innovative und l\u00f6semittelfreie, mineralische Beschichtungssystem CORROPIPE\u00ae black an. Es handelt sich um ein von der Mineral\u00f6lindustrie gepr\u00fcftes Produkt, das direkt auf rostige Stahloberfl\u00e4chen aufgebracht wird. Jahrelange Entwicklung und Optimierung sowie&hellip;<\/p>","protected":false},"author":4,"featured_media":0,"parent":0,"menu_order":0,"comment_status":"closed","ping_status":"closed","template":"","meta":{"footnotes":""},"class_list":["post-37670","page","type-page","status-publish","hentry","description-off"],"yoast_head":"<!-- This site is optimized with the Yoast SEO plugin v26.4 - https:\/\/yoast.com\/wordpress\/plugins\/seo\/ -->\n<title>CORROPIPE\u00aeblack \u2013 Korrosionschutz f\u00fcr Tanks und Pipelines in der \u00d6l- und Gasindustrie - MSS GmbH<\/title>\n<meta name=\"robots\" content=\"index, follow, max-snippet:-1, max-image-preview:large, max-video-preview:-1\" \/>\n<link rel=\"canonical\" href=\"https:\/\/mss-gmbh.net\/en\/corropipe-black\/\" \/>\n<meta property=\"og:locale\" content=\"en_GB\" \/>\n<meta property=\"og:type\" content=\"article\" \/>\n<meta property=\"og:title\" content=\"CORROPIPE\u00aeblack \u2013 Korrosionschutz f\u00fcr Tanks und Pipelines in der \u00d6l- und Gasindustrie - MSS GmbH\" \/>\n<meta property=\"og:url\" content=\"https:\/\/mss-gmbh.net\/en\/corropipe-black\/\" \/>\n<meta property=\"og:site_name\" content=\"MSS GmbH\" \/>\n<meta property=\"article:publisher\" content=\"https:\/\/www.facebook.com\/mineco.eu\/\" \/>\n<meta property=\"article:modified_time\" content=\"2019-06-05T09:32:04+00:00\" \/>\n<meta name=\"twitter:card\" content=\"summary_large_image\" \/>\n<script type=\"application\/ld+json\" class=\"yoast-schema-graph\">{\"@context\":\"https:\/\/schema.org\",\"@graph\":[{\"@type\":\"WebPage\",\"@id\":\"https:\/\/mss-gmbh.net\/corropipe-black\/\",\"url\":\"https:\/\/mss-gmbh.net\/corropipe-black\/\",\"name\":\"CORROPIPE\u00aeblack \u2013 Korrosionschutz f\u00fcr Tanks und Pipelines in der \u00d6l- und Gasindustrie - MSS GmbH\",\"isPartOf\":{\"@id\":\"https:\/\/mss-gmbh.net\/#website\"},\"datePublished\":\"2018-09-16T15:22:18+00:00\",\"dateModified\":\"2019-06-05T09:32:04+00:00\",\"breadcrumb\":{\"@id\":\"https:\/\/mss-gmbh.net\/corropipe-black\/#breadcrumb\"},\"inLanguage\":\"en-GB\",\"potentialAction\":[{\"@type\":\"ReadAction\",\"target\":[\"https:\/\/mss-gmbh.net\/corropipe-black\/\"]}]},{\"@type\":\"BreadcrumbList\",\"@id\":\"https:\/\/mss-gmbh.net\/corropipe-black\/#breadcrumb\",\"itemListElement\":[{\"@type\":\"ListItem\",\"position\":1,\"name\":\"Startseite\",\"item\":\"https:\/\/mss-gmbh.net\/\"},{\"@type\":\"ListItem\",\"position\":2,\"name\":\"CORROPIPE\u00aeblack \u2013 Korrosionschutz f\u00fcr Tanks und Pipelines in der \u00d6l- und Gasindustrie\"}]},{\"@type\":\"WebSite\",\"@id\":\"https:\/\/mss-gmbh.net\/#website\",\"url\":\"https:\/\/mss-gmbh.net\/\",\"name\":\"MINECO\",\"description\":\"\",\"potentialAction\":[{\"@type\":\"SearchAction\",\"target\":{\"@type\":\"EntryPoint\",\"urlTemplate\":\"https:\/\/mss-gmbh.net\/?s={search_term_string}\"},\"query-input\":{\"@type\":\"PropertyValueSpecification\",\"valueRequired\":true,\"valueName\":\"search_term_string\"}}],\"inLanguage\":\"en-GB\"}]}<\/script>\n<!-- \/ Yoast SEO plugin. -->","yoast_head_json":{"title":"CORROPIPE\u00aeblack \u2013 Korrosionschutz f\u00fcr Tanks und Pipelines in der \u00d6l- und Gasindustrie - MSS GmbH","robots":{"index":"index","follow":"follow","max-snippet":"max-snippet:-1","max-image-preview":"max-image-preview:large","max-video-preview":"max-video-preview:-1"},"canonical":"https:\/\/mss-gmbh.net\/en\/corropipe-black\/","og_locale":"en_GB","og_type":"article","og_title":"CORROPIPE\u00aeblack \u2013 Korrosionschutz f\u00fcr Tanks und Pipelines in der \u00d6l- und Gasindustrie - MSS GmbH","og_url":"https:\/\/mss-gmbh.net\/en\/corropipe-black\/","og_site_name":"MSS GmbH","article_publisher":"https:\/\/www.facebook.com\/mineco.eu\/","article_modified_time":"2019-06-05T09:32:04+00:00","twitter_card":"summary_large_image","schema":{"@context":"https:\/\/schema.org","@graph":[{"@type":"WebPage","@id":"https:\/\/mss-gmbh.net\/corropipe-black\/","url":"https:\/\/mss-gmbh.net\/corropipe-black\/","name":"CORROPIPE\u00aeblack \u2013 Korrosionschutz f\u00fcr Tanks und Pipelines in der \u00d6l- und Gasindustrie - MSS GmbH","isPartOf":{"@id":"https:\/\/mss-gmbh.net\/#website"},"datePublished":"2018-09-16T15:22:18+00:00","dateModified":"2019-06-05T09:32:04+00:00","breadcrumb":{"@id":"https:\/\/mss-gmbh.net\/corropipe-black\/#breadcrumb"},"inLanguage":"en-GB","potentialAction":[{"@type":"ReadAction","target":["https:\/\/mss-gmbh.net\/corropipe-black\/"]}]},{"@type":"BreadcrumbList","@id":"https:\/\/mss-gmbh.net\/corropipe-black\/#breadcrumb","itemListElement":[{"@type":"ListItem","position":1,"name":"Startseite","item":"https:\/\/mss-gmbh.net\/"},{"@type":"ListItem","position":2,"name":"CORROPIPE\u00aeblack \u2013 Korrosionschutz f\u00fcr Tanks und Pipelines in der \u00d6l- und Gasindustrie"}]},{"@type":"WebSite","@id":"https:\/\/mss-gmbh.net\/#website","url":"https:\/\/mss-gmbh.net\/","name":"MINECO","description":"","potentialAction":[{"@type":"SearchAction","target":{"@type":"EntryPoint","urlTemplate":"https:\/\/mss-gmbh.net\/?s={search_term_string}"},"query-input":{"@type":"PropertyValueSpecification","valueRequired":true,"valueName":"search_term_string"}}],"inLanguage":"en-GB"}]}},"_links":{"self":[{"href":"https:\/\/mss-gmbh.net\/en\/wp-json\/wp\/v2\/pages\/37670","targetHints":{"allow":["GET"]}}],"collection":[{"href":"https:\/\/mss-gmbh.net\/en\/wp-json\/wp\/v2\/pages"}],"about":[{"href":"https:\/\/mss-gmbh.net\/en\/wp-json\/wp\/v2\/types\/page"}],"author":[{"embeddable":true,"href":"https:\/\/mss-gmbh.net\/en\/wp-json\/wp\/v2\/users\/4"}],"replies":[{"embeddable":true,"href":"https:\/\/mss-gmbh.net\/en\/wp-json\/wp\/v2\/comments?post=37670"}],"version-history":[{"count":23,"href":"https:\/\/mss-gmbh.net\/en\/wp-json\/wp\/v2\/pages\/37670\/revisions"}],"predecessor-version":[{"id":38003,"href":"https:\/\/mss-gmbh.net\/en\/wp-json\/wp\/v2\/pages\/37670\/revisions\/38003"}],"wp:attachment":[{"href":"https:\/\/mss-gmbh.net\/en\/wp-json\/wp\/v2\/media?parent=37670"}],"curies":[{"name":"wp","href":"https:\/\/api.w.org\/{rel}","templated":true}]}}