{"id":37668,"date":"2018-09-16T17:21:51","date_gmt":"2018-09-16T15:21:51","guid":{"rendered":"https:\/\/mss-gmbh.net\/?page_id=37668"},"modified":"2019-05-27T09:55:07","modified_gmt":"2019-05-27T07:55:07","slug":"thuecon","status":"publish","type":"page","link":"https:\/\/mss-gmbh.net\/en\/thuecon\/","title":{"rendered":"THUECON"},"content":{"rendered":"<div class=\"wpb-content-wrapper\"><div class=\"vc_row wpb_row vc_row-fluid dt-default\" style=\"margin-top: 0px;margin-bottom: 0px\"><div class=\"wpb_column vc_column_container vc_col-sm-12\"><div class=\"vc_column-inner\"><div class=\"wpb_wrapper\">\n\t<div  class=\"wpb_single_image wpb_content_element vc_align_center\">\n\t\t\n\t\t<figure class=\"wpb_wrapper vc_figure\">\n\t\t\t<div class=\"vc_single_image-wrapper   vc_box_border_grey\"><img loading=\"lazy\" decoding=\"async\" width=\"300\" height=\"74\" src=\"https:\/\/mss-gmbh.net\/wp-content\/uploads\/2018\/09\/THUECON-300x74.png\" class=\"vc_single_image-img attachment-medium\" alt=\"\" title=\"THUECON\" srcset=\"https:\/\/mss-gmbh.net\/wp-content\/uploads\/2018\/09\/THUECON-300x74.png 300w, https:\/\/mss-gmbh.net\/wp-content\/uploads\/2018\/09\/THUECON.png 656w\" sizes=\"auto, (max-width: 300px) 100vw, 300px\"  data-dt-location=\"https:\/\/mss-gmbh.net\/en\/thuecon-2\/\" \/><\/div>\n\t\t<\/figure>\n\t<\/div>\n<\/div><\/div><\/div><\/div><div class=\"vc_row wpb_row vc_row-fluid\"><div class=\"wpb_column vc_column_container vc_col-sm-12\"><div class=\"vc_column-inner\"><div class=\"wpb_wrapper\">\n\t<div class=\"wpb_text_column wpb_content_element\" >\n\t\t<div class=\"wpb_wrapper\">\n\t\t\t<h3>THUECON\u00ae &#8211; Korrosionsschutz f\u00fcr Fernw\u00e4rmerohre und Rohrsysteme<\/h3>\n<p>Warmgehende Rohrleitungen, wie Dampf- und Kondensatleitungen der Fernw\u00e4rmebetreiber, sind Hauptschlagadern zur Sicherung der Fernw\u00e4rmeversorgung f\u00fcr Industrie und Privathaushalte. Bei Fernw\u00e4rmesystemen, den sogenannten \u201eoffenen Systemen\u201c, in denen sauerstoffangereichertes Wasser genutzt wird, ist die Innenkorrosion ein gro\u00dfes Problem f\u00fcr jeden Betreiber. Diese Innenkorrosion f\u00fchrt letztlich \u00fcber Jahre zum Durchrosten der Rohrleitungen und somit zum pl\u00f6tzlichen Totalausfall des Heizungssystems. Dabei f\u00fchren die j\u00e4hrlich wiederkehrenden Reparaturarbeiten an den Rohrleitungen zu steigenden Kosten f\u00fcr die Rohrnetzbetreiber.<\/p>\n<p>F\u00fcr dieses Problem der Korrosion wurde vor mehr als einem Jahrzehnt das Produkt THUECON\u00ae CEM 40 F entwickelt, das bis heute zum Schutz gegen Korrosion bei zahlreichen Sanierungsarbeiten in der Fernw\u00e4rme, f\u00fcr unz\u00e4hlige Kilometer von Rohrleitungen mit Erfolg eingesetzt wurde. Beim THUECON\u00ae CEM 40 F handelt es sich um ein elastisches, mineralisches Korrosionsschutzsystem, dass von innen auf die Rohrwand geschleudert wird, Temperaturen bis +180\u00b0C dauerhaft standh\u00e4lt und L\u00e4ngsdehnungen des Rohres problemlos folgen kann.<\/p>\n<p>Jahrelange Entwicklungs- und Optimierungsarbeiten sowie zahlreiche Projekte im Bereich der Fernw\u00e4rme best\u00e4tigen die Wirksamkeit unserer Beschichtung sowie des zur Sanierung verwendeten Systems.<\/p>\n<p>Die MSS GmbH bietet neben der minerelischen Beschichtung THUECON\u00ae auch Komplettl\u00f6sungen <span lang=\"de\">inklusive der notwendigen Anlagen <\/span>f\u00fcr die Instandsetzung von Fernw\u00e4rmerohren und Rohrsystemen.<\/p>\n\n\t\t<\/div>\n\t<\/div>\n<div class=\"vc_separator wpb_content_element vc_separator_align_center vc_sep_width_100 vc_sep_border_width_2 vc_sep_pos_align_center vc_separator_no_text vc_sep_color_white wpb_content_element  wpb_content_element\" ><span class=\"vc_sep_holder vc_sep_holder_l\"><span class=\"vc_sep_line\"><\/span><\/span><span class=\"vc_sep_holder vc_sep_holder_r\"><span class=\"vc_sep_line\"><\/span><\/span>\n<\/div><div class=\"vc_row wpb_row vc_inner vc_row-fluid\"><div class=\"wpb_column vc_column_container vc_col-sm-12\"><div class=\"vc_column-inner\"><div class=\"wpb_wrapper\">\n\t<div class=\"wpb_text_column wpb_content_element\" >\n\t\t<div class=\"wpb_wrapper\">\n\t\t\t<h3>Outstanding product properties<\/h3>\n\n\t\t<\/div>\n\t<\/div>\n<\/div><\/div><\/div><div class=\"wpb_column vc_column_container vc_col-sm-6\"><div class=\"vc_column-inner\"><div class=\"wpb_wrapper\">\n\t<div  class=\"wpb_single_image wpb_content_element vc_align_center\">\n\t\t\n\t\t<figure class=\"wpb_wrapper vc_figure\">\n\t\t\t<div class=\"vc_single_image-wrapper   vc_box_border_grey\"><img loading=\"lazy\" decoding=\"async\" width=\"600\" height=\"403\" src=\"https:\/\/mss-gmbh.net\/wp-content\/uploads\/2018\/09\/THUECON_Fernw\u00e4rme.jpg\" class=\"vc_single_image-img attachment-large\" alt=\"\" title=\"THUECON_Fernw\u00e4rme\" srcset=\"https:\/\/mss-gmbh.net\/wp-content\/uploads\/2018\/09\/THUECON_Fernw\u00e4rme.jpg 600w, https:\/\/mss-gmbh.net\/wp-content\/uploads\/2018\/09\/THUECON_Fernw\u00e4rme-300x202.jpg 300w\" sizes=\"auto, (max-width: 600px) 100vw, 600px\"  data-dt-location=\"https:\/\/mss-gmbh.net\/en\/thuecon\/thuecon_fernwaerme\/\" \/><\/div>\n\t\t<\/figure>\n\t<\/div>\n<\/div><\/div><\/div><div class=\"wpb_column vc_column_container vc_col-sm-6\"><div class=\"vc_column-inner\"><div class=\"wpb_wrapper\">\n\t<div class=\"wpb_text_column wpb_content_element\" >\n\t\t<div class=\"wpb_wrapper\">\n\t\t\t<p>Durch die Kombination von ausgesuchten, nat\u00fcrlichen Mineralien und einer hochwertigen reaktiven Fl\u00fcssigkomponente, entsteht die 2-komponentige l\u00f6semittelfreie mineralische Fertigmischung \u2013 CEM 40 grey.<\/p>\n<ul>\n<li>very good application on stable, rusty steel &amp; all mineral surfaces<\/li>\n<li>no rust infi ltration of the coating<\/li>\n<li>high-alkaline medium ensures active long-term corrosion protection<\/li>\n<li>temperature stability of -40\u00b0C to +180\u00b0C in the humid environment<\/li>\n<li>high resistance to acids and bases from pH 3,5 to pH 14<\/li>\n<li>high adhesion force to steel that does not diminish even with multiple load changes<\/li>\n<li>vapour permeability<\/li>\n<li>resistant against demineralised water<\/li>\n<li>neutral regarding drinking water<\/li>\n<li>extremely low shrinkage of the material<\/li>\n<li>flame-retardant, high level of fire protection<\/li>\n<li>environmentally friendly, solvent-free, low in pollutants - no dangerous goods!<\/li>\n<li>the expansion coeffi cient of the material is the same as that of steel<\/li>\n<li>F\u00fcr Rohrleitungen mit DN100 bis DN1500<\/li>\n<\/ul>\n\n\t\t<\/div>\n\t<\/div>\n<\/div><\/div><\/div><\/div><div class=\"vc_separator wpb_content_element vc_separator_align_center vc_sep_width_100 vc_sep_border_width_2 vc_sep_pos_align_center vc_separator_no_text vc_sep_color_white wpb_content_element  wpb_content_element\" ><span class=\"vc_sep_holder vc_sep_holder_l\"><span class=\"vc_sep_line\"><\/span><\/span><span class=\"vc_sep_holder vc_sep_holder_r\"><span class=\"vc_sep_line\"><\/span><\/span>\n<\/div>\n\t<div class=\"wpb_text_column wpb_content_element\" >\n\t\t<div class=\"wpb_wrapper\">\n\t\t\t<h3>THUECON\u00ae \u2013 Vorteile gegen\u00fcber anderen Sanierungsmethoden<\/h3>\n\n\t\t<\/div>\n\t<\/div>\n<div class=\"vc_row wpb_row vc_inner vc_row-fluid\"><div class=\"wpb_column vc_column_container vc_col-sm-6\"><div class=\"vc_column-inner\"><div class=\"wpb_wrapper\">\n\t<div class=\"wpb_text_column wpb_content_element\" >\n\t\t<div class=\"wpb_wrapper\">\n\t\t\t<ul>\n<li>Die Sanierung hat keinen gravierenden Einfluss auf den Stra\u00dfenverkehr oder die Umwelt.<\/li>\n<li>Der Betrieb der Rohrleitungen wird nur in bestimmten Sanierungsbereichen abgeschaltet.<\/li>\n<li>Die hydraulischen Eigenschaften der Rohre werden verbessert.<\/li>\n<li>Das Entweichen von Wasser wird vermieden.<\/li>\n<li>Sehr wirtschaftliche Sanierung durch kurze Bauzeit sowie wenig Aufwand bei der Baustelleneinrichtung.<\/li>\n<\/ul>\n\n\t\t<\/div>\n\t<\/div>\n<\/div><\/div><\/div><div class=\"wpb_column vc_column_container vc_col-sm-6\"><div class=\"vc_column-inner\"><div class=\"wpb_wrapper\">\n\t<div  class=\"wpb_single_image wpb_content_element vc_align_left\">\n\t\t\n\t\t<figure class=\"wpb_wrapper vc_figure\">\n\t\t\t<div class=\"vc_single_image-wrapper   vc_box_border_grey\"><img loading=\"lazy\" decoding=\"async\" width=\"1024\" height=\"326\" src=\"https:\/\/mss-gmbh.net\/wp-content\/uploads\/2019\/03\/THUECON-Baustelle-1024x326.png\" class=\"vc_single_image-img attachment-large\" alt=\"[:de]Sanierung von Fernw\u00e4remleitungen mit THUECON [:]\" title=\"THUECON-Baustelle\" srcset=\"https:\/\/mss-gmbh.net\/wp-content\/uploads\/2019\/03\/THUECON-Baustelle-1024x326.png 1024w, https:\/\/mss-gmbh.net\/wp-content\/uploads\/2019\/03\/THUECON-Baustelle-300x96.png 300w, https:\/\/mss-gmbh.net\/wp-content\/uploads\/2019\/03\/THUECON-Baustelle-768x245.png 768w, https:\/\/mss-gmbh.net\/wp-content\/uploads\/2019\/03\/THUECON-Baustelle-e1552502208312.png 700w\" sizes=\"auto, (max-width: 1024px) 100vw, 1024px\"  data-dt-location=\"https:\/\/mss-gmbh.net\/en\/thuecon\/thuecon-baustelle\/\" \/><\/div>\n\t\t<\/figure>\n\t<\/div>\n<\/div><\/div><\/div><\/div><div class=\"vc_separator wpb_content_element vc_separator_align_center vc_sep_width_100 vc_sep_border_width_2 vc_sep_pos_align_center vc_separator_no_text vc_sep_color_white wpb_content_element  wpb_content_element\" ><span class=\"vc_sep_holder vc_sep_holder_l\"><span class=\"vc_sep_line\"><\/span><\/span><span class=\"vc_sep_holder vc_sep_holder_r\"><span class=\"vc_sep_line\"><\/span><\/span>\n<\/div>\n\t<div class=\"wpb_text_column wpb_content_element\" >\n\t\t<div class=\"wpb_wrapper\">\n\t\t\t<h3>THUECON\u00ae \u2013 Videos<\/h3>\n\n\t\t<\/div>\n\t<\/div>\n<div class=\"vc_row wpb_row vc_inner vc_row-fluid\"><div class=\"wpb_column vc_column_container vc_col-sm-6\"><div class=\"vc_column-inner\"><div class=\"wpb_wrapper\">\n\t<div class=\"wpb_video_widget wpb_content_element vc_clearfix   vc_video-aspect-ratio-169 vc_video-el-width-100 vc_video-align-center\" >\n\t\t<div class=\"wpb_wrapper\">\n\t\t\t\n\t\t\t<div class=\"wpb_video_wrapper\"><a href=\"https:\/\/www.youtube.com\/watch?v=PhHrWPYlPes&#038;feature=youtu.be\">https:\/\/www.youtube.com\/watch?v=PhHrWPYlPes&#038;feature=youtu.be<\/a><\/div>\n\t\t<\/div>\n\t<\/div>\n\n\t<div class=\"wpb_text_column wpb_content_element  vc_custom_1552502573537\" >\n\t\t<div class=\"wpb_wrapper\">\n\t\t\t<p><em>Rohrreinigung mit Wasserh\u00f6chstdruck und VACUJET Rohrfr\u00e4se<br \/>\n<\/em><\/p>\n\n\t\t<\/div>\n\t<\/div>\n<\/div><\/div><\/div><div class=\"wpb_column vc_column_container vc_col-sm-6\"><div class=\"vc_column-inner\"><div class=\"wpb_wrapper\">\n\t<div class=\"wpb_video_widget wpb_content_element vc_clearfix   vc_video-aspect-ratio-169 vc_video-el-width-100 vc_video-align-center\" >\n\t\t<div class=\"wpb_wrapper\">\n\t\t\t\n\t\t\t<div class=\"wpb_video_wrapper\"><iframe loading=\"lazy\" title=\"\u0421\u042387 - \u041c\u041f\u041f THUECON\" width=\"500\" height=\"281\" src=\"https:\/\/www.youtube.com\/embed\/n1WwQYtmdFU?feature=oembed\" frameborder=\"0\" allow=\"accelerometer; autoplay; clipboard-write; encrypted-media; gyroscope; picture-in-picture; web-share\" referrerpolicy=\"strict-origin-when-cross-origin\" allowfullscreen><\/iframe><\/div>\n\t\t<\/div>\n\t<\/div>\n\n\t<div class=\"wpb_text_column wpb_content_element  vc_custom_1552502583859\" >\n\t\t<div class=\"wpb_wrapper\">\n\t\t\t<p><em>Sanierung von Fernw\u00e4rmeleitungen mit THUECON\u00ae System<br \/>\nAusf\u00fchrende Firma: SU87, Moskau<br \/>\n<\/em><\/p>\n\n\t\t<\/div>\n\t<\/div>\n<\/div><\/div><\/div><\/div><\/div><\/div><\/div><\/div><!-- Row Backgrounds --><div class=\"upb_color\" data-bg-override=\"0\" data-bg-color=\"#eaeaea\" data-fadeout=\"\" data-fadeout-percentage=\"30\" data-parallax-content=\"\" data-parallax-content-sense=\"30\" data-row-effect-mobile-disable=\"true\" data-img-parallax-mobile-disable=\"true\" data-rtl=\"false\"  data-custom-vc-row=\"\"  data-vc=\"8.7.2\"  data-is_old_vc=\"\"  data-theme-support=\"\"   data-overlay=\"false\" data-overlay-color=\"\" data-overlay-pattern=\"\" data-overlay-pattern-opacity=\"\" data-overlay-pattern-size=\"\"    ><\/div><div class=\"vc_row wpb_row vc_row-fluid vc_custom_1555329201799\"><div class=\"wpb_column vc_column_container vc_col-sm-6\"><div class=\"vc_column-inner\"><div class=\"wpb_wrapper\">\n\t<div class=\"wpb_text_column wpb_content_element\" >\n\t\t<div class=\"wpb_wrapper\">\n\t\t\t<h3>Download<\/h3>\n\n\t\t<\/div>\n\t<\/div>\n<div class=\"aio-icon-component  vc_custom_1555329249145   style_2\"><a class=\"aio-icon-box-link\" href=\"https:\/\/mss-gmbh.net\/wp-content\/uploads\/2019\/04\/DE_THUECON.pdf\" target=\"_blank\" rel=\"noopener\" ><div id=\"Info-box-wrap-7927\" class=\"aio-icon-box left-icon\" style=\"\"  ><div class=\"aio-icon-left\"><div class=\"ult-just-icon-wrapper\"><div class=\"align-icon\" style=\"text-align:center;\">\n<div class=\"aio-icon none\"  style=\"color:#333;font-size:20px;display:inline-block;\">\n\t<i class=\"Defaults-file-pdf-o\"><\/i>\n<\/div><\/div><\/div><\/div><div class=\"aio-ibd-block\"><div class=\"aio-icon-header\" ><h4 class=\"aio-icon-title ult-responsive\"  data-ultimate-target='#Info-box-wrap-7927 .aio-icon-title'  data-responsive-json-new='{\"font-size\":\"\",\"line-height\":\"\"}'  style=\"\">Tech Data Sheet<\/h4><\/div> <!-- header --><\/div> <!-- aio-ibd-block --><\/div> <!-- aio-icon-box --><\/a><\/div> <!-- aio-icon-component --><div class=\"aio-icon-component  vc_custom_1555329286627   style_2\"><a class=\"aio-icon-box-link\" href=\"https:\/\/mss-gmbh.net\/wp-content\/uploads\/2019\/04\/THUECON.pdf\" target=\"_blank\" rel=\"noopener\" ><div id=\"Info-box-wrap-9241\" class=\"aio-icon-box left-icon\" style=\"\"  ><div class=\"aio-icon-left\"><div class=\"ult-just-icon-wrapper\"><div class=\"align-icon\" style=\"text-align:center;\">\n<div class=\"aio-icon none\"  style=\"color:#333;font-size:20px;display:inline-block;\">\n\t<i class=\"Defaults-file-pdf-o\"><\/i>\n<\/div><\/div><\/div><\/div><div class=\"aio-ibd-block\"><div class=\"aio-icon-header\" ><h4 class=\"aio-icon-title ult-responsive\"  data-ultimate-target='#Info-box-wrap-9241 .aio-icon-title'  data-responsive-json-new='{\"font-size\":\"\",\"line-height\":\"\"}'  style=\"\">Flyer<\/h4><\/div> <!-- header --><\/div> <!-- aio-ibd-block --><\/div> <!-- aio-icon-box --><\/a><\/div> <!-- aio-icon-component --><\/div><\/div><\/div><div class=\"wpb_column vc_column_container vc_col-sm-6\"><div class=\"vc_column-inner\"><div class=\"wpb_wrapper\">\n\t<div class=\"wpb_text_column wpb_content_element\" >\n\t\t<div class=\"wpb_wrapper\">\n\t\t\t<h3>Do you have any questions?<\/h3>\n\n\t\t<\/div>\n\t<\/div>\n<form class=\"dt-contact-form dt-form\" method=\"post\" action=\"\"><input type=\"hidden\" name=\"widget_id\" value=\"presscore-contact-form-widget--1\" \/><input type=\"hidden\" name=\"send_message\" value=\"\" \/><input type=\"hidden\" name=\"security_token\" value=\"143a6f42396702d87264\"\/><div class=\"form-fields\"><span class=\"form-name\"><label class=\"assistive-text\">Name *<\/label><input type=\"text\" class=\"validate[required]\" placeholder=\"Name *\" name=\"name\" value=\"\" aria-required=\"true\">\n<\/span><span class=\"form-mail\"><label class=\"assistive-text\">E-mail *<\/label><input type=\"text\" class=\"validate[required,custom[email]]\" placeholder=\"E-mail *\" name=\"email\" value=\"\" aria-required=\"true\">\n<\/span><\/div><span class=\"form-message\"><label class=\"assistive-text\">Message *<\/label><textarea class=\"validate[required]\" placeholder=\"Message *\" name=\"message\" rows=\"3\" aria-required=\"true\"><\/textarea>\n<\/span><p><a href=\"#\" class=\"dt-btn dt-btn-m dt-btn-submit\" rel=\"nofollow\"><span>Send<\/span><\/a><input class=\"assistive-text\" type=\"submit\" value=\"submit\"><\/p><input type=\"hidden\" name=\"trp-form-language\" value=\"en\"\/><\/form>\n<\/div><\/div><\/div><\/div>\n<\/div>","protected":false},"excerpt":{"rendered":"<p>THUECON\u00ae &#8211; Korrosionsschutz f\u00fcr Fernw\u00e4rmerohre und Rohrsysteme Warmgehende Rohrleitungen, wie Dampf- und Kondensatleitungen der Fernw\u00e4rmebetreiber, sind Hauptschlagadern zur Sicherung der Fernw\u00e4rmeversorgung f\u00fcr Industrie und Privathaushalte. Bei Fernw\u00e4rmesystemen, den sogenannten \u201eoffenen Systemen\u201c, in denen sauerstoffangereichertes Wasser genutzt wird, ist die Innenkorrosion ein gro\u00dfes Problem f\u00fcr jeden Betreiber. Diese Innenkorrosion f\u00fchrt letztlich \u00fcber Jahre zum Durchrosten der&hellip;<\/p>","protected":false},"author":4,"featured_media":0,"parent":0,"menu_order":0,"comment_status":"closed","ping_status":"closed","template":"","meta":{"footnotes":""},"class_list":["post-37668","page","type-page","status-publish","hentry","description-off"],"yoast_head":"<!-- This site is optimized with the Yoast SEO plugin v26.4 - https:\/\/yoast.com\/wordpress\/plugins\/seo\/ -->\n<title>THUECON - MSS GmbH<\/title>\n<meta name=\"robots\" content=\"index, follow, max-snippet:-1, max-image-preview:large, max-video-preview:-1\" \/>\n<link rel=\"canonical\" href=\"https:\/\/mss-gmbh.net\/en\/thuecon\/\" \/>\n<meta property=\"og:locale\" content=\"en_GB\" \/>\n<meta property=\"og:type\" content=\"article\" \/>\n<meta property=\"og:title\" content=\"THUECON - MSS GmbH\" \/>\n<meta property=\"og:url\" content=\"https:\/\/mss-gmbh.net\/en\/thuecon\/\" \/>\n<meta property=\"og:site_name\" content=\"MSS GmbH\" \/>\n<meta property=\"article:publisher\" content=\"https:\/\/www.facebook.com\/mineco.eu\/\" \/>\n<meta property=\"article:modified_time\" content=\"2019-05-27T07:55:07+00:00\" \/>\n<meta name=\"twitter:card\" content=\"summary_large_image\" \/>\n<script type=\"application\/ld+json\" class=\"yoast-schema-graph\">{\"@context\":\"https:\/\/schema.org\",\"@graph\":[{\"@type\":\"WebPage\",\"@id\":\"https:\/\/mss-gmbh.net\/thuecon\/\",\"url\":\"https:\/\/mss-gmbh.net\/thuecon\/\",\"name\":\"THUECON - MSS GmbH\",\"isPartOf\":{\"@id\":\"https:\/\/mss-gmbh.net\/#website\"},\"datePublished\":\"2018-09-16T15:21:51+00:00\",\"dateModified\":\"2019-05-27T07:55:07+00:00\",\"breadcrumb\":{\"@id\":\"https:\/\/mss-gmbh.net\/thuecon\/#breadcrumb\"},\"inLanguage\":\"en-GB\",\"potentialAction\":[{\"@type\":\"ReadAction\",\"target\":[\"https:\/\/mss-gmbh.net\/thuecon\/\"]}]},{\"@type\":\"BreadcrumbList\",\"@id\":\"https:\/\/mss-gmbh.net\/thuecon\/#breadcrumb\",\"itemListElement\":[{\"@type\":\"ListItem\",\"position\":1,\"name\":\"Startseite\",\"item\":\"https:\/\/mss-gmbh.net\/\"},{\"@type\":\"ListItem\",\"position\":2,\"name\":\"THUECON\"}]},{\"@type\":\"WebSite\",\"@id\":\"https:\/\/mss-gmbh.net\/#website\",\"url\":\"https:\/\/mss-gmbh.net\/\",\"name\":\"MINECO\",\"description\":\"\",\"potentialAction\":[{\"@type\":\"SearchAction\",\"target\":{\"@type\":\"EntryPoint\",\"urlTemplate\":\"https:\/\/mss-gmbh.net\/?s={search_term_string}\"},\"query-input\":{\"@type\":\"PropertyValueSpecification\",\"valueRequired\":true,\"valueName\":\"search_term_string\"}}],\"inLanguage\":\"en-GB\"}]}<\/script>\n<!-- \/ Yoast SEO plugin. -->","yoast_head_json":{"title":"THUECON - MSS GmbH","robots":{"index":"index","follow":"follow","max-snippet":"max-snippet:-1","max-image-preview":"max-image-preview:large","max-video-preview":"max-video-preview:-1"},"canonical":"https:\/\/mss-gmbh.net\/en\/thuecon\/","og_locale":"en_GB","og_type":"article","og_title":"THUECON - MSS GmbH","og_url":"https:\/\/mss-gmbh.net\/en\/thuecon\/","og_site_name":"MSS GmbH","article_publisher":"https:\/\/www.facebook.com\/mineco.eu\/","article_modified_time":"2019-05-27T07:55:07+00:00","twitter_card":"summary_large_image","schema":{"@context":"https:\/\/schema.org","@graph":[{"@type":"WebPage","@id":"https:\/\/mss-gmbh.net\/thuecon\/","url":"https:\/\/mss-gmbh.net\/thuecon\/","name":"THUECON - MSS GmbH","isPartOf":{"@id":"https:\/\/mss-gmbh.net\/#website"},"datePublished":"2018-09-16T15:21:51+00:00","dateModified":"2019-05-27T07:55:07+00:00","breadcrumb":{"@id":"https:\/\/mss-gmbh.net\/thuecon\/#breadcrumb"},"inLanguage":"en-GB","potentialAction":[{"@type":"ReadAction","target":["https:\/\/mss-gmbh.net\/thuecon\/"]}]},{"@type":"BreadcrumbList","@id":"https:\/\/mss-gmbh.net\/thuecon\/#breadcrumb","itemListElement":[{"@type":"ListItem","position":1,"name":"Startseite","item":"https:\/\/mss-gmbh.net\/"},{"@type":"ListItem","position":2,"name":"THUECON"}]},{"@type":"WebSite","@id":"https:\/\/mss-gmbh.net\/#website","url":"https:\/\/mss-gmbh.net\/","name":"MINECO","description":"","potentialAction":[{"@type":"SearchAction","target":{"@type":"EntryPoint","urlTemplate":"https:\/\/mss-gmbh.net\/?s={search_term_string}"},"query-input":{"@type":"PropertyValueSpecification","valueRequired":true,"valueName":"search_term_string"}}],"inLanguage":"en-GB"}]}},"_links":{"self":[{"href":"https:\/\/mss-gmbh.net\/en\/wp-json\/wp\/v2\/pages\/37668","targetHints":{"allow":["GET"]}}],"collection":[{"href":"https:\/\/mss-gmbh.net\/en\/wp-json\/wp\/v2\/pages"}],"about":[{"href":"https:\/\/mss-gmbh.net\/en\/wp-json\/wp\/v2\/types\/page"}],"author":[{"embeddable":true,"href":"https:\/\/mss-gmbh.net\/en\/wp-json\/wp\/v2\/users\/4"}],"replies":[{"embeddable":true,"href":"https:\/\/mss-gmbh.net\/en\/wp-json\/wp\/v2\/comments?post=37668"}],"version-history":[{"count":15,"href":"https:\/\/mss-gmbh.net\/en\/wp-json\/wp\/v2\/pages\/37668\/revisions"}],"predecessor-version":[{"id":37928,"href":"https:\/\/mss-gmbh.net\/en\/wp-json\/wp\/v2\/pages\/37668\/revisions\/37928"}],"wp:attachment":[{"href":"https:\/\/mss-gmbh.net\/en\/wp-json\/wp\/v2\/media?parent=37668"}],"curies":[{"name":"wp","href":"https:\/\/api.w.org\/{rel}","templated":true}]}}