{"id":37659,"date":"2018-09-16T17:16:48","date_gmt":"2018-09-16T15:16:48","guid":{"rendered":"https:\/\/mss-gmbh.net\/?page_id=37659"},"modified":"2020-03-03T09:20:14","modified_gmt":"2020-03-03T08:20:14","slug":"herstellung","status":"publish","type":"page","link":"https:\/\/mss-gmbh.net\/en\/herstellung\/","title":{"rendered":"Herstellung des Equipments"},"content":{"rendered":"<div class=\"wpb-content-wrapper\"><div class=\"vc_row wpb_row vc_row-fluid vc_custom_1558948774361\"><div class=\"wpb_column vc_column_container vc_col-sm-6\"><div class=\"vc_column-inner\"><div class=\"wpb_wrapper\">\n\t<div  class=\"wpb_single_image wpb_content_element vc_align_left  wpb_animate_when_almost_visible wpb_fadeInLeft fadeInLeft\">\n\t\t\n\t\t<figure class=\"wpb_wrapper vc_figure\">\n\t\t\t<div class=\"vc_single_image-wrapper   vc_box_border_grey\"><img loading=\"lazy\" decoding=\"async\" width=\"1024\" height=\"744\" src=\"https:\/\/mss-gmbh.net\/wp-content\/uploads\/2018\/11\/Reinigung-1024x744.jpg\" class=\"vc_single_image-img attachment-large\" alt=\"\" title=\"Reinigung\" srcset=\"https:\/\/mss-gmbh.net\/wp-content\/uploads\/2018\/11\/Reinigung-1024x744.jpg 1024w, https:\/\/mss-gmbh.net\/wp-content\/uploads\/2018\/11\/Reinigung-300x218.jpg 300w, https:\/\/mss-gmbh.net\/wp-content\/uploads\/2018\/11\/Reinigung-768x558.jpg 768w, https:\/\/mss-gmbh.net\/wp-content\/uploads\/2018\/11\/Reinigung-e1542709236257.jpg 800w\" sizes=\"auto, (max-width: 1024px) 100vw, 1024px\"  data-dt-location=\"https:\/\/mss-gmbh.net\/en\/herstellung\/reinigung-2\/\" \/><\/div>\n\t\t<\/figure>\n\t<\/div>\n<\/div><\/div><\/div><div class=\"wpb_column vc_column_container vc_col-sm-6\"><div class=\"vc_column-inner\"><div class=\"wpb_wrapper\">\n\t<div class=\"wpb_text_column wpb_content_element\" >\n\t\t<div class=\"wpb_wrapper\">\n\t\t\t<h3>Construction of special equipment for different areas<\/h3>\n<p>MSS GmbH develop and produce special systems for various applications. From special water milling machines for pipeline cleaning, innovative centrifugal motors for pipeline coating to high-performance high-pressure systems and ultrasonic diagnostics.<\/p>\n<p>We build the right equipment for you, specially designed for your needs!<\/p>\n<p><strong>Our service:<\/strong><\/p>\n<ul>\n<li>Development and construction of special systems for different applications.<\/li>\n<\/ul>\n\n\t\t<\/div>\n\t<\/div>\n<\/div><\/div><\/div><\/div><div class=\"vc_row wpb_row vc_row-fluid dt-default\" style=\"margin-top: 0px;margin-bottom: 0px\"><div class=\"wpb_column vc_column_container vc_col-sm-12\"><div class=\"vc_column-inner vc_custom_1533888108086\"><div class=\"wpb_wrapper\"><div class=\"vc_btn3-container vc_btn3-center\" ><a class=\"vc_general vc_btn3 vc_btn3-size-md vc_btn3-shape-rounded vc_btn3-style-modern vc_btn3-icon-left vc_btn3-color-grey\" href=\"http:\/\/mss-gmbh.net\/en\/kontakt\/\" title=\"\" target=\"_blank\"><i class=\"vc_btn3-icon fa fa-envelope\"><\/i> Contact<\/a><\/div><\/div><\/div><\/div><\/div>\n<\/div>","protected":false},"excerpt":{"rendered":"<p>Bau von Spezialanlagen f\u00fcr verschiedene Bereiche Die MSS GmbH entwickelt und produziert Spezialanlagen f\u00fcr verschiedene Anwendungsbereiche. Von speziellen Wasserfr\u00e4sen f\u00fcr die Rohrleitung-Reinigung, innovativen Schleudermotoren f\u00fcr die Rohrleitung-Beschichtung bis hin zur leistungsf\u00e4higen H\u00f6chstdruckanlagen und Ultraschalldiagnostik. Wir bauen f\u00fcr Sie das passende Equipment, speziell f\u00fcr Ihren Bedarf konzipiert! Unser Service: Entwicklung und Bau von Spezialanlagen f\u00fcr unterschiedliche&hellip;<\/p>","protected":false},"author":4,"featured_media":0,"parent":0,"menu_order":0,"comment_status":"closed","ping_status":"closed","template":"","meta":{"footnotes":""},"class_list":["post-37659","page","type-page","status-publish","hentry","description-off"],"yoast_head":"<!-- This site is optimized with the Yoast SEO plugin v26.4 - https:\/\/yoast.com\/wordpress\/plugins\/seo\/ -->\n<title>Herstellung des Equipments - MSS GmbH<\/title>\n<meta name=\"robots\" content=\"index, follow, max-snippet:-1, max-image-preview:large, max-video-preview:-1\" \/>\n<link rel=\"canonical\" href=\"https:\/\/mss-gmbh.net\/en\/herstellung\/\" \/>\n<meta property=\"og:locale\" content=\"en_GB\" \/>\n<meta property=\"og:type\" content=\"article\" \/>\n<meta property=\"og:title\" content=\"Herstellung des Equipments - MSS GmbH\" \/>\n<meta property=\"og:url\" content=\"https:\/\/mss-gmbh.net\/en\/herstellung\/\" \/>\n<meta property=\"og:site_name\" content=\"MSS GmbH\" \/>\n<meta property=\"article:publisher\" content=\"https:\/\/www.facebook.com\/mineco.eu\/\" \/>\n<meta property=\"article:modified_time\" content=\"2020-03-03T08:20:14+00:00\" \/>\n<meta name=\"twitter:card\" content=\"summary_large_image\" \/>\n<script type=\"application\/ld+json\" class=\"yoast-schema-graph\">{\"@context\":\"https:\/\/schema.org\",\"@graph\":[{\"@type\":\"WebPage\",\"@id\":\"https:\/\/mss-gmbh.net\/herstellung\/\",\"url\":\"https:\/\/mss-gmbh.net\/herstellung\/\",\"name\":\"Herstellung des Equipments - MSS GmbH\",\"isPartOf\":{\"@id\":\"https:\/\/mss-gmbh.net\/#website\"},\"datePublished\":\"2018-09-16T15:16:48+00:00\",\"dateModified\":\"2020-03-03T08:20:14+00:00\",\"breadcrumb\":{\"@id\":\"https:\/\/mss-gmbh.net\/herstellung\/#breadcrumb\"},\"inLanguage\":\"en-GB\",\"potentialAction\":[{\"@type\":\"ReadAction\",\"target\":[\"https:\/\/mss-gmbh.net\/herstellung\/\"]}]},{\"@type\":\"BreadcrumbList\",\"@id\":\"https:\/\/mss-gmbh.net\/herstellung\/#breadcrumb\",\"itemListElement\":[{\"@type\":\"ListItem\",\"position\":1,\"name\":\"Startseite\",\"item\":\"https:\/\/mss-gmbh.net\/\"},{\"@type\":\"ListItem\",\"position\":2,\"name\":\"Herstellung des Equipments\"}]},{\"@type\":\"WebSite\",\"@id\":\"https:\/\/mss-gmbh.net\/#website\",\"url\":\"https:\/\/mss-gmbh.net\/\",\"name\":\"MINECO\",\"description\":\"\",\"potentialAction\":[{\"@type\":\"SearchAction\",\"target\":{\"@type\":\"EntryPoint\",\"urlTemplate\":\"https:\/\/mss-gmbh.net\/?s={search_term_string}\"},\"query-input\":{\"@type\":\"PropertyValueSpecification\",\"valueRequired\":true,\"valueName\":\"search_term_string\"}}],\"inLanguage\":\"en-GB\"}]}<\/script>\n<!-- \/ Yoast SEO plugin. -->","yoast_head_json":{"title":"Herstellung des Equipments - MSS GmbH","robots":{"index":"index","follow":"follow","max-snippet":"max-snippet:-1","max-image-preview":"max-image-preview:large","max-video-preview":"max-video-preview:-1"},"canonical":"https:\/\/mss-gmbh.net\/en\/herstellung\/","og_locale":"en_GB","og_type":"article","og_title":"Herstellung des Equipments - MSS GmbH","og_url":"https:\/\/mss-gmbh.net\/en\/herstellung\/","og_site_name":"MSS GmbH","article_publisher":"https:\/\/www.facebook.com\/mineco.eu\/","article_modified_time":"2020-03-03T08:20:14+00:00","twitter_card":"summary_large_image","schema":{"@context":"https:\/\/schema.org","@graph":[{"@type":"WebPage","@id":"https:\/\/mss-gmbh.net\/herstellung\/","url":"https:\/\/mss-gmbh.net\/herstellung\/","name":"Herstellung des Equipments - MSS GmbH","isPartOf":{"@id":"https:\/\/mss-gmbh.net\/#website"},"datePublished":"2018-09-16T15:16:48+00:00","dateModified":"2020-03-03T08:20:14+00:00","breadcrumb":{"@id":"https:\/\/mss-gmbh.net\/herstellung\/#breadcrumb"},"inLanguage":"en-GB","potentialAction":[{"@type":"ReadAction","target":["https:\/\/mss-gmbh.net\/herstellung\/"]}]},{"@type":"BreadcrumbList","@id":"https:\/\/mss-gmbh.net\/herstellung\/#breadcrumb","itemListElement":[{"@type":"ListItem","position":1,"name":"Startseite","item":"https:\/\/mss-gmbh.net\/"},{"@type":"ListItem","position":2,"name":"Herstellung des Equipments"}]},{"@type":"WebSite","@id":"https:\/\/mss-gmbh.net\/#website","url":"https:\/\/mss-gmbh.net\/","name":"MINECO","description":"","potentialAction":[{"@type":"SearchAction","target":{"@type":"EntryPoint","urlTemplate":"https:\/\/mss-gmbh.net\/?s={search_term_string}"},"query-input":{"@type":"PropertyValueSpecification","valueRequired":true,"valueName":"search_term_string"}}],"inLanguage":"en-GB"}]}},"_links":{"self":[{"href":"https:\/\/mss-gmbh.net\/en\/wp-json\/wp\/v2\/pages\/37659","targetHints":{"allow":["GET"]}}],"collection":[{"href":"https:\/\/mss-gmbh.net\/en\/wp-json\/wp\/v2\/pages"}],"about":[{"href":"https:\/\/mss-gmbh.net\/en\/wp-json\/wp\/v2\/types\/page"}],"author":[{"embeddable":true,"href":"https:\/\/mss-gmbh.net\/en\/wp-json\/wp\/v2\/users\/4"}],"replies":[{"embeddable":true,"href":"https:\/\/mss-gmbh.net\/en\/wp-json\/wp\/v2\/comments?post=37659"}],"version-history":[{"count":7,"href":"https:\/\/mss-gmbh.net\/en\/wp-json\/wp\/v2\/pages\/37659\/revisions"}],"predecessor-version":[{"id":38056,"href":"https:\/\/mss-gmbh.net\/en\/wp-json\/wp\/v2\/pages\/37659\/revisions\/38056"}],"wp:attachment":[{"href":"https:\/\/mss-gmbh.net\/en\/wp-json\/wp\/v2\/media?parent=37659"}],"curies":[{"name":"wp","href":"https:\/\/api.w.org\/{rel}","templated":true}]}}