{"id":37644,"date":"2018-09-14T00:35:38","date_gmt":"2018-09-13T22:35:38","guid":{"rendered":"https:\/\/mss-gmbh.net\/?page_id=37644"},"modified":"2019-01-30T13:06:22","modified_gmt":"2019-01-30T12:06:22","slug":"industrie","status":"publish","type":"page","link":"https:\/\/mss-gmbh.net\/en\/industrie\/","title":{"rendered":"Kommunale Industrie"},"content":{"rendered":"<div class=\"wpb-content-wrapper\"><p>[:de]<div class=\"vc_row wpb_row vc_row-fluid dt-default fadeInUp animate-element\" style=\"margin-top: 0px;margin-bottom: 0px\"><div class=\"wpb_column vc_column_container vc_col-sm-12\"><div class=\"vc_column-inner\"><div class=\"wpb_wrapper\"><div id=\"ultimate-heading-242569e17dbf28490\" class=\"uvc-heading ult-adjust-bottom-margin ultimate-heading-242569e17dbf28490 uvc-7628\" data-hspacer=\"no_spacer\"  data-halign=\"left\" style=\"text-align:left\"><div class=\"uvc-heading-spacer no_spacer\" style=\"top\"><\/div><div class=\"uvc-main-heading ult-responsive\"  data-ultimate-target='.uvc-heading.ultimate-heading-242569e17dbf28490 h2'  data-responsive-json-new='{\"font-size\":\"desktop:22px;\",\"line-height\":\"\"}' ><h2 style=\"font-weight:bold;margin-bottom:20px;\">Rohrleitungen<\/h2><\/div><\/div><\/div><\/div><\/div><div class=\"wpb_column vc_column_container vc_col-sm-6\"><div class=\"vc_column-inner\"><div class=\"wpb_wrapper\">\n\t<div  class=\"wpb_single_image wpb_content_element vc_align_center  wpb_animate_when_almost_visible wpb_fadeIn fadeIn\">\n\t\t\n\t\t<figure class=\"wpb_wrapper vc_figure\">\n\t\t\t<div class=\"vc_single_image-wrapper   vc_box_border_grey\"><img loading=\"lazy\" decoding=\"async\" width=\"768\" height=\"576\" src=\"https:\/\/mss-gmbh.net\/wp-content\/uploads\/2018\/09\/Industrie.jpg\" class=\"vc_single_image-img attachment-large\" alt=\"\" title=\"Industrie\" srcset=\"https:\/\/mss-gmbh.net\/wp-content\/uploads\/2018\/09\/Industrie.jpg 768w, https:\/\/mss-gmbh.net\/wp-content\/uploads\/2018\/09\/Industrie-300x225.jpg 300w\" sizes=\"auto, (max-width: 768px) 100vw, 768px\"  data-dt-location=\"https:\/\/mss-gmbh.net\/en\/industrie\/industrie-2\/\" \/><\/div>\n\t\t<\/figure>\n\t<\/div>\n<\/div><\/div><\/div><div class=\"wpb_column vc_column_container vc_col-sm-6\"><div class=\"vc_column-inner\"><div class=\"wpb_wrapper\">\n\t<div class=\"wpb_text_column wpb_content_element\" >\n\t\t<div class=\"wpb_wrapper\">\n\t\t\t<p>Um die einwandfreie Funktion der bestehenden und bereits korrodierten Altrohren zu gew\u00e4hrleisten, bieten wir eine Reihe von mehrkomponentigen Beschichtungen an.<\/p>\n<p>Die Korrosionsschutz-Beschichtungen werden in der Regel auf die Innenfl\u00e4che der korrodierten Rohrleitung aufgetragen. Auf die \u00e4u\u00dfere Fl\u00e4che kann ebenfalls beschichtet und isoliert werden. F\u00fcr weitere Information benutzen Sie bitte unseren Kontaktformular.<\/p>\n<p><strong>Our service:<\/strong><\/p>\n<ul>\n<li>Materialien f\u00fcr Korrosionsschutz von warmgehenden Rohrleitungen und Wassertanks<\/li>\n<li>Materialien f\u00fcr Korrosionsschutz von\u00a0Druckbeh\u00e4lter (Unterdruck-, sowie Hochdruckbeh\u00e4lter)<\/li>\n<li>Materialien f\u00fcr die Instandsetzung aller mineralischen Oberfl\u00e4chen, die durch aggressive Einfl\u00fcsse besch\u00e4digt worden sind.<\/li>\n<li>Materialien f\u00fcr Schutz und Instandsetzung von Abwasserbauwerken<\/li>\n<\/ul>\n\n\t\t<\/div>\n\t<\/div>\n<\/div><\/div><\/div><\/div><div class=\"vc_row wpb_row vc_row-fluid dt-default fadeInUp animate-element\" style=\"margin-top: 0px;margin-bottom: 0px\"><div class=\"wpb_column vc_column_container vc_col-sm-12\"><div class=\"vc_column-inner\"><div class=\"wpb_wrapper\"><div id=\"ultimate-heading-599569e17dbf2abb8\" class=\"uvc-heading ult-adjust-bottom-margin ultimate-heading-599569e17dbf2abb8 uvc-5523\" data-hspacer=\"no_spacer\"  data-halign=\"left\" style=\"text-align:left\"><div class=\"uvc-heading-spacer no_spacer\" style=\"top\"><\/div><div class=\"uvc-main-heading ult-responsive\"  data-ultimate-target='.uvc-heading.ultimate-heading-599569e17dbf2abb8 h2'  data-responsive-json-new='{\"font-size\":\"desktop:22px;\",\"line-height\":\"\"}' ><h2 style=\"font-weight:bold;margin-bottom:20px;\">Sanierung von Geb\u00e4uden<\/h2><\/div><\/div><\/div><\/div><\/div><div class=\"wpb_column vc_column_container vc_col-sm-6\"><div class=\"vc_column-inner\"><div class=\"wpb_wrapper\">\n\t<div class=\"wpb_text_column wpb_content_element\" >\n\t\t<div class=\"wpb_wrapper\">\n\t\t\t<p style=\"text-align: left;\">F\u00fcr die Sanierung von Geb\u00e4uden bei Problemen mit Schimmel, dr\u00fcckenden Wasser oder Sulfiden, aber auch zur Herstellung einer besseren D\u00e4mmung sowie eines angenehmen und gesunden Wohnraumklimas, bieten wir eine Reihe an besonderen Produkten und Farben.<\/p>\n<p style=\"text-align: left;\"><strong>Our service:<\/strong><\/p>\n<ul>\n<li style=\"text-align: left;\">mineralische Schutzanstriche und Farben<\/li>\n<li style=\"text-align: left;\">\u00f6kologische Antischimmel Farben<\/li>\n<li style=\"text-align: left;\">innovative D\u00e4mmung<\/li>\n<\/ul>\n\n\t\t<\/div>\n\t<\/div>\n<\/div><\/div><\/div><div class=\"wpb_column vc_column_container vc_col-sm-6\"><div class=\"vc_column-inner\"><div class=\"wpb_wrapper\">\n\t<div  class=\"wpb_single_image wpb_content_element vc_align_center  wpb_animate_when_almost_visible wpb_fadeIn fadeIn\">\n\t\t\n\t\t<figure class=\"wpb_wrapper vc_figure\">\n\t\t\t<div class=\"vc_single_image-wrapper   vc_box_border_grey\"><img loading=\"lazy\" decoding=\"async\" width=\"1000\" height=\"667\" src=\"https:\/\/mss-gmbh.net\/wp-content\/uploads\/2019\/01\/Schimmel.jpg\" class=\"vc_single_image-img attachment-large\" alt=\"\" title=\"Man Shocked On Seeing Mold\" srcset=\"https:\/\/mss-gmbh.net\/wp-content\/uploads\/2019\/01\/Schimmel.jpg 1000w, https:\/\/mss-gmbh.net\/wp-content\/uploads\/2019\/01\/Schimmel-300x200.jpg 300w, https:\/\/mss-gmbh.net\/wp-content\/uploads\/2019\/01\/Schimmel-768x512.jpg 768w\" sizes=\"auto, (max-width: 1000px) 100vw, 1000px\"  data-dt-location=\"https:\/\/mss-gmbh.net\/en\/industrie\/man-shocked-on-seeing-mold\/\" \/><\/div>\n\t\t<\/figure>\n\t<\/div>\n<\/div><\/div><\/div><\/div><div class=\"vc_row wpb_row vc_row-fluid dt-default\" style=\"margin-top: 0px;margin-bottom: 0px\"><div class=\"wpb_column vc_column_container vc_col-sm-12\"><div class=\"vc_column-inner vc_custom_1533888108086\"><div class=\"wpb_wrapper\"><div class=\"vc_btn3-container vc_btn3-center\" ><a class=\"vc_general vc_btn3 vc_btn3-size-md vc_btn3-shape-rounded vc_btn3-style-modern vc_btn3-icon-left vc_btn3-color-grey\" href=\"http:\/\/mss-gmbh.net\/en\/kontakt\/\" title=\"\" target=\"_blank\"><i class=\"vc_btn3-icon fa fa-envelope\"><\/i> Contact<\/a><\/div><\/div><\/div><\/div><\/div>[:en]<div class=\"vc_row wpb_row vc_row-fluid dt-default\" style=\"margin-top: 0px;margin-bottom: 0px\"><div class=\"wpb_column vc_column_container vc_col-sm-6\"><div class=\"vc_column-inner\"><div class=\"wpb_wrapper\">\n\t<div  class=\"wpb_single_image wpb_content_element vc_align_center  wpb_animate_when_almost_visible wpb_fadeIn fadeIn\">\n\t\t\n\t\t<figure class=\"wpb_wrapper vc_figure\">\n\t\t\t<div class=\"vc_single_image-wrapper   vc_box_border_grey\"><img loading=\"lazy\" decoding=\"async\" width=\"768\" height=\"576\" src=\"https:\/\/mss-gmbh.net\/wp-content\/uploads\/2018\/09\/Industrie.jpg\" class=\"vc_single_image-img attachment-large\" alt=\"\" title=\"Industrie\" srcset=\"https:\/\/mss-gmbh.net\/wp-content\/uploads\/2018\/09\/Industrie.jpg 768w, https:\/\/mss-gmbh.net\/wp-content\/uploads\/2018\/09\/Industrie-300x225.jpg 300w\" sizes=\"auto, (max-width: 768px) 100vw, 768px\"  data-dt-location=\"https:\/\/mss-gmbh.net\/en\/industrie\/industrie-2\/\" \/><\/div>\n\t\t<\/figure>\n\t<\/div>\n<\/div><\/div><\/div><div class=\"wpb_column vc_column_container vc_col-sm-6\"><div class=\"vc_column-inner\"><div class=\"wpb_wrapper\">\n\t<div class=\"wpb_text_column wpb_content_element\" >\n\t\t<div class=\"wpb_wrapper\">\n\t\t\t<p>Um die einwandfreie Funktion der bestehenden und bereits korrodierten Altrohren zu gew\u00e4hrleisten, bieten wir eine Reihe von mehrkomponentigen Beschichtungen an.<\/p>\n<p>Die Korrosionsschutz-Beschichtungen werden in der Regel auf die Innenfl\u00e4che der korrodierten Rohrleitung aufgetragen. Auf die \u00e4u\u00dfere Fl\u00e4che kann ebenfalls beschichtet und isoliert werden. F\u00fcr weitere Information benutzen Sie bitte unseren Kontaktformular.<\/p>\n<p><strong>Our service:<\/strong><\/p>\n<ul>\n<li>Materialien f\u00fcr Korrosionsschutz von warmgehenden Rohrleitungen und Wassertanks<\/li>\n<li>Materialien f\u00fcr Korrosionsschutz von\u00a0Druckbeh\u00e4lter (Unterdruck-, sowie Hochdruckbeh\u00e4lter)<\/li>\n<li>Materialien f\u00fcr die Instandsetzung aller mineralischen Oberfl\u00e4chen, die durch aggressive Einfl\u00fcsse besch\u00e4digt worden sind.<\/li>\n<li>Materialien f\u00fcr Schutz und Instandsetzung von Abwasserbauwerken<\/li>\n<\/ul>\n\n\t\t<\/div>\n\t<\/div>\n<\/div><\/div><\/div><\/div><div class=\"vc_row wpb_row vc_row-fluid dt-default\" style=\"margin-top: 0px;margin-bottom: 0px\"><div class=\"wpb_column vc_column_container vc_col-sm-12\"><div class=\"vc_column-inner vc_custom_1533888108086\"><div class=\"wpb_wrapper\"><div class=\"vc_btn3-container vc_btn3-center\" ><a class=\"vc_general vc_btn3 vc_btn3-size-md vc_btn3-shape-rounded vc_btn3-style-modern vc_btn3-icon-left vc_btn3-color-grey\" href=\"http:\/\/mss-gmbh.net\/en\/kontakt\/\" title=\"\" target=\"_blank\"><i class=\"vc_btn3-icon fa fa-envelope\"><\/i> Contact<\/a><\/div><\/div><\/div><\/div><\/div>[:]<\/p>\n<\/div>","protected":false},"excerpt":{"rendered":"<p>[:de][:en][:]<\/p>","protected":false},"author":4,"featured_media":0,"parent":0,"menu_order":0,"comment_status":"closed","ping_status":"closed","template":"","meta":{"footnotes":""},"class_list":["post-37644","page","type-page","status-publish","hentry","description-off"],"yoast_head":"<!-- This site is optimized with the Yoast SEO plugin v26.4 - https:\/\/yoast.com\/wordpress\/plugins\/seo\/ -->\n<title>Kommunale Industrie - MSS GmbH<\/title>\n<meta name=\"robots\" content=\"index, follow, max-snippet:-1, max-image-preview:large, max-video-preview:-1\" \/>\n<link rel=\"canonical\" href=\"https:\/\/mss-gmbh.net\/en\/industrie\/\" \/>\n<meta property=\"og:locale\" content=\"en_GB\" \/>\n<meta property=\"og:type\" content=\"article\" \/>\n<meta property=\"og:title\" content=\"Kommunale Industrie - MSS GmbH\" \/>\n<meta property=\"og:description\" content=\"[:de][:en][:]\" \/>\n<meta property=\"og:url\" content=\"https:\/\/mss-gmbh.net\/en\/industrie\/\" \/>\n<meta property=\"og:site_name\" content=\"MSS GmbH\" \/>\n<meta property=\"article:publisher\" content=\"https:\/\/www.facebook.com\/mineco.eu\/\" \/>\n<meta property=\"article:modified_time\" content=\"2019-01-30T12:06:22+00:00\" \/>\n<meta name=\"twitter:card\" content=\"summary_large_image\" \/>\n<script type=\"application\/ld+json\" class=\"yoast-schema-graph\">{\"@context\":\"https:\/\/schema.org\",\"@graph\":[{\"@type\":\"WebPage\",\"@id\":\"https:\/\/mss-gmbh.net\/industrie\/\",\"url\":\"https:\/\/mss-gmbh.net\/industrie\/\",\"name\":\"Kommunale Industrie - MSS GmbH\",\"isPartOf\":{\"@id\":\"https:\/\/mss-gmbh.net\/#website\"},\"datePublished\":\"2018-09-13T22:35:38+00:00\",\"dateModified\":\"2019-01-30T12:06:22+00:00\",\"breadcrumb\":{\"@id\":\"https:\/\/mss-gmbh.net\/industrie\/#breadcrumb\"},\"inLanguage\":\"en-GB\",\"potentialAction\":[{\"@type\":\"ReadAction\",\"target\":[\"https:\/\/mss-gmbh.net\/industrie\/\"]}]},{\"@type\":\"BreadcrumbList\",\"@id\":\"https:\/\/mss-gmbh.net\/industrie\/#breadcrumb\",\"itemListElement\":[{\"@type\":\"ListItem\",\"position\":1,\"name\":\"Startseite\",\"item\":\"https:\/\/mss-gmbh.net\/\"},{\"@type\":\"ListItem\",\"position\":2,\"name\":\"Kommunale Industrie\"}]},{\"@type\":\"WebSite\",\"@id\":\"https:\/\/mss-gmbh.net\/#website\",\"url\":\"https:\/\/mss-gmbh.net\/\",\"name\":\"MINECO\",\"description\":\"\",\"potentialAction\":[{\"@type\":\"SearchAction\",\"target\":{\"@type\":\"EntryPoint\",\"urlTemplate\":\"https:\/\/mss-gmbh.net\/?s={search_term_string}\"},\"query-input\":{\"@type\":\"PropertyValueSpecification\",\"valueRequired\":true,\"valueName\":\"search_term_string\"}}],\"inLanguage\":\"en-GB\"}]}<\/script>\n<!-- \/ Yoast SEO plugin. -->","yoast_head_json":{"title":"Kommunale Industrie - MSS GmbH","robots":{"index":"index","follow":"follow","max-snippet":"max-snippet:-1","max-image-preview":"max-image-preview:large","max-video-preview":"max-video-preview:-1"},"canonical":"https:\/\/mss-gmbh.net\/en\/industrie\/","og_locale":"en_GB","og_type":"article","og_title":"Kommunale Industrie - MSS GmbH","og_description":"[:de][:en][:]","og_url":"https:\/\/mss-gmbh.net\/en\/industrie\/","og_site_name":"MSS GmbH","article_publisher":"https:\/\/www.facebook.com\/mineco.eu\/","article_modified_time":"2019-01-30T12:06:22+00:00","twitter_card":"summary_large_image","schema":{"@context":"https:\/\/schema.org","@graph":[{"@type":"WebPage","@id":"https:\/\/mss-gmbh.net\/industrie\/","url":"https:\/\/mss-gmbh.net\/industrie\/","name":"Kommunale Industrie - MSS GmbH","isPartOf":{"@id":"https:\/\/mss-gmbh.net\/#website"},"datePublished":"2018-09-13T22:35:38+00:00","dateModified":"2019-01-30T12:06:22+00:00","breadcrumb":{"@id":"https:\/\/mss-gmbh.net\/industrie\/#breadcrumb"},"inLanguage":"en-GB","potentialAction":[{"@type":"ReadAction","target":["https:\/\/mss-gmbh.net\/industrie\/"]}]},{"@type":"BreadcrumbList","@id":"https:\/\/mss-gmbh.net\/industrie\/#breadcrumb","itemListElement":[{"@type":"ListItem","position":1,"name":"Startseite","item":"https:\/\/mss-gmbh.net\/"},{"@type":"ListItem","position":2,"name":"Kommunale Industrie"}]},{"@type":"WebSite","@id":"https:\/\/mss-gmbh.net\/#website","url":"https:\/\/mss-gmbh.net\/","name":"MINECO","description":"","potentialAction":[{"@type":"SearchAction","target":{"@type":"EntryPoint","urlTemplate":"https:\/\/mss-gmbh.net\/?s={search_term_string}"},"query-input":{"@type":"PropertyValueSpecification","valueRequired":true,"valueName":"search_term_string"}}],"inLanguage":"en-GB"}]}},"_links":{"self":[{"href":"https:\/\/mss-gmbh.net\/en\/wp-json\/wp\/v2\/pages\/37644","targetHints":{"allow":["GET"]}}],"collection":[{"href":"https:\/\/mss-gmbh.net\/en\/wp-json\/wp\/v2\/pages"}],"about":[{"href":"https:\/\/mss-gmbh.net\/en\/wp-json\/wp\/v2\/types\/page"}],"author":[{"embeddable":true,"href":"https:\/\/mss-gmbh.net\/en\/wp-json\/wp\/v2\/users\/4"}],"replies":[{"embeddable":true,"href":"https:\/\/mss-gmbh.net\/en\/wp-json\/wp\/v2\/comments?post=37644"}],"version-history":[{"count":8,"href":"https:\/\/mss-gmbh.net\/en\/wp-json\/wp\/v2\/pages\/37644\/revisions"}],"predecessor-version":[{"id":37781,"href":"https:\/\/mss-gmbh.net\/en\/wp-json\/wp\/v2\/pages\/37644\/revisions\/37781"}],"wp:attachment":[{"href":"https:\/\/mss-gmbh.net\/en\/wp-json\/wp\/v2\/media?parent=37644"}],"curies":[{"name":"wp","href":"https:\/\/api.w.org\/{rel}","templated":true}]}}