{"id":36625,"date":"2017-08-08T21:08:27","date_gmt":"2017-08-08T19:08:27","guid":{"rendered":"https:\/\/mss-gmbh.net\/?page_id=36625"},"modified":"2020-08-10T11:48:04","modified_gmt":"2020-08-10T09:48:04","slug":"agb","status":"publish","type":"page","link":"https:\/\/mss-gmbh.net\/en\/agb\/","title":{"rendered":"Allgemeine Gesch\u00e4ftsbedingungen"},"content":{"rendered":"<div class=\"wpb-content-wrapper\"><div class=\"vc_row wpb_row vc_row-fluid dt-default\" style=\"margin-top: 0px;margin-bottom: 0px\"><div class=\"wpb_column vc_column_container vc_col-sm-12\"><div class=\"vc_column-inner\"><div class=\"wpb_wrapper\">\n\t<div class=\"wpb_text_column wpb_content_element\" >\n\t\t<div class=\"wpb_wrapper\">\n\t\t\t<div class=\"page-header\">\n<p><strong>Allgemeine Gesch\u00e4ftsbedingungen und Kundeninformationen<\/strong><\/p>\n<p><strong>I. Allgemeine Gesch\u00e4ftsbedingungen<\/strong><\/p>\n<p>Stand: 07\/2018<\/p>\n<p><strong>Identit\u00e4t des Verk\u00e4ufers<\/strong><\/p>\n<p>MSS GmbH \u2013 Mineral Supply Service<br \/>\nMarie-Jahn-Str. 18<br \/>\n30177 Hanover, Germany<br \/>\nDeutschland<\/p>\n<p>Telefon: +49 511 36733201<br \/>\nE-Mail: info@mss-gmbh.net<\/p>\n<p><strong>\u00a7 1 Grundlegende Bestimmungen<\/strong><\/p>\n<p><strong>(1)<\/strong> Die nachstehenden Gesch\u00e4ftsbedingungen gelten f\u00fcr alle Vertr\u00e4ge, die Sie mit uns als Anbieter (MINECO &#8211; Bulat Khatsaev) \u00fcber die Internetseite www.mineco.eu abschlie\u00dfen. Soweit nicht anders vereinbart, wird der Einbeziehung gegebenenfalls von Ihnen verwendeter eigener Bedingungen widersprochen.<\/p>\n<p><strong>(2)<\/strong> Verbraucher im Sinne der nachstehenden Regelungen ist jede nat\u00fcrliche Person, die ein Rechtsgesch\u00e4ft zu Zwecken abschlie\u00dft, die \u00fcberwiegend weder ihrer gewerblichen noch ihrer selbst\u00e4ndigen beruflichen T\u00e4tigkeit zugerechnet werden kann. Unternehmer ist jede nat\u00fcrliche oder juristische Person oder eine rechtsf\u00e4hige Personengesellschaft, die bei Abschluss eines Rechtsgesch\u00e4fts in Aus\u00fcbung ihrer selbst\u00e4ndigen beruflichen oder gewerblichen T\u00e4tigkeit handelt.<\/p>\n<p><strong>\u00a7 2 Zustandekommen des Vertrages<\/strong><\/p>\n<p><strong>(1)<\/strong> Gegenstand des Vertrages ist der Verkauf von Waren.<\/p>\n<p>Unsere Angebote im Internet sind unverbindlich und kein verbindliches Angebot zum Abschluss eines Vertrages.<\/p>\n<\/div>\n<div>\n<div class=\"rte\">\n<p><strong>(2) <\/strong>Sie k\u00f6nnen ein verbindliches Kaufangebot (Bestellung) \u00fcber das Online-Warenkorbsystem abgeben.<br \/>\nDabei werden die zum Kauf beabsichtigten Waren im \u201eWarenkorb&#8220; abgelegt. \u00dcber die entsprechende Schaltfl\u00e4che in der Navigationsleiste k\u00f6nnen Sie den \u201eWarenkorb&#8220; aufrufen und dort jederzeit \u00c4nderungen vornehmen. Nach Aufrufen der Seite \u201eKasse&#8220; und der Eingabe der pers\u00f6nlichen Daten sowie der Zahlungs- und Versandbedingungen werden abschlie\u00dfend nochmals alle Bestelldaten auf der Bestell\u00fcbersichtsseite angezeigt.<\/p>\n<p>Vor Absenden der Bestellung haben Sie die M\u00f6glichkeit, hier s\u00e4mtliche Angaben nochmals zu \u00fcberpr\u00fcfen, zu \u00e4ndern (auch \u00fcber die Funktion \u201ezur\u00fcck&#8220; des Internetbrowsers) bzw. den Kauf abzubrechen.<br \/>\nMit dem Absenden der Bestellung \u00fcber die Schaltfl\u00e4che &#8222;zahlungspflichtig bestellen&#8220; geben Sie ein verbindliches Angebot bei uns ab.<\/p>\n<p><strong>(3)<\/strong> Die Annahme des Angebots (und damit der Vertragsabschluss) erfolgt unverz\u00fcglich nach Bestellung durch Best\u00e4tigung in Textform (z.B. E-Mail), in welcher Ihnen die Ausf\u00fchrung der Bestellung oder Auslieferung der Ware best\u00e4tigt wird (Auftragsbest\u00e4tigung).<br \/>\nSollten Sie keine entsprechende Nachricht erhalten haben, sind Sie nicht mehr an Ihre Bestellung gebunden. Gegebenenfalls bereits erbrachte Leistungen werden in diesem Fall unverz\u00fcglich zur\u00fcckerstattet.<\/p>\n<p><strong>(4)<\/strong> Ihre Anfragen zur Erstellung eines Angebotes sind f\u00fcr Sie unverbindlich. Wir unterbreiten Ihnen hierzu ein verbindliches Angebot in Textform (z.B. per E-Mail), welches Sie innerhalb von 5 Tagen annehmen k\u00f6nnen.<\/p>\n<p><strong>(5)<\/strong> Die Abwicklung der Bestellung und \u00dcbermittlung aller im Zusammenhang mit dem Vertragsschluss erforderlichen Informationen erfolgt per E-Mail zum Teil automatisiert. Sie haben deshalb sicherzustellen, dass die von Ihnen bei uns hinterlegte E-Mail-Adresse zutreffend ist, der Empfang der E-Mails technisch sichergestellt und insbesondere nicht durch SPAM-Filter verhindert wird.<\/p>\n<p><strong>\u00a7 3 Zur\u00fcckbehaltungsrecht<\/strong><strong>, Eigentumsvorbehalt<\/strong><\/p>\n<p><strong>(1)<\/strong> Ein Zur\u00fcckbehaltungsrecht k\u00f6nnen Sie nur aus\u00fcben, soweit es sich um Forderungen aus demselben Vertragsverh\u00e4ltnis handelt.<\/p>\n<p><strong>(2)<\/strong> Die Ware bleibt bis zur vollst\u00e4ndigen Zahlung des Kaufpreises unser Eigentum.<\/p>\n<p><strong>(3)<\/strong> Sind Sie Unternehmer, gilt erg\u00e4nzend folgendes:<\/p>\n<p><strong>\u00a7 4 Gew\u00e4hrleistung<\/strong><\/p>\n<p><strong>(1) <\/strong>Es bestehen die gesetzlichen M\u00e4ngelhaftungsrechte.<\/p>\n<p><strong>(2)<\/strong> Soweit Sie Unternehmer sind, gilt abweichend von Abs.1:<\/p>\n<p><strong>\u00a7 5 Haftung<\/strong><\/p>\n<p><strong>(1<\/strong>) Wir haften jeweils uneingeschr\u00e4nkt f\u00fcr Sch\u00e4den aus der Verletzung des Lebens, des K\u00f6rpers oder der Gesundheit. Weiter haften wir ohne Einschr\u00e4nkung in allen F\u00e4llen des Vorsatzes und grober Fahrl\u00e4ssigkeit, bei arglistigem Verschweigen eines Mangels, bei \u00dcbernahme der Garantie f\u00fcr die Beschaffenheit des Kaufgegenstandes und in allen anderen gesetzlich geregelten F\u00e4llen.<\/p>\n<p><strong>(2)<\/strong> Die Haftung f\u00fcr M\u00e4ngel im Rahmen der gesetzlichen Gew\u00e4hrleistung richtet sich nach der entsprechenden Regelung in unseren Kundeninformationen (Teil II) und Allgemeinen Gesch\u00e4ftsbedingungen (Teil I) .<\/p>\n<p><strong>(3)<\/strong> Sofern wesentliche Vertragspflichten betroffen sind, ist unsere Haftung bei leichter Fahrl\u00e4ssigkeit auf den vertragstypischen, vorhersehbaren Schaden beschr\u00e4nkt. Wesentliche Vertragspflichten sind wesentliche Pflichten, die sich aus der Natur des Vertrages ergeben und deren Verletzung die Erreichung des Vertragszweckes gef\u00e4hrden w\u00fcrde sowie Pflichten, die der Vertrag uns nach seinem Inhalt zur Erreichung des Vertragszwecks auferlegt, deren Erf\u00fcllung die ordnungsgem\u00e4\u00dfe Durchf\u00fchrung des Vertrags \u00fcberhaupt erst m\u00f6glich machen und auf deren Einhaltung Sie regelm\u00e4\u00dfig vertrauen d\u00fcrfen.<\/p>\n<p><strong>(4)<\/strong> Bei der Verletzung unwesentlicher Vertragspflichten ist die Haftung bei leicht fahrl\u00e4ssigen Pflichtverletzungen ausgeschlossen.<\/p>\n<p><strong>(5)<\/strong> Die Datenkommunikation \u00fcber das Internet kann nach dem derzeitigen Stand der Technik nicht fehlerfrei und\/oder jederzeit verf\u00fcgbar gew\u00e4hrleistet werden. Wir haften insoweit weder f\u00fcr die st\u00e4ndige noch ununterbrochene Verf\u00fcgbarkeit der Webseite und der dort angebotenen Dienstleistung.<\/p>\n<p><strong>\u00a7 6 Rechtswahl, Erf\u00fcllungsort, Gerichtsstand<\/strong><\/p>\n<p><strong>(1) <\/strong> Es gilt deutsches Recht. Bei Verbrauchern gilt diese Rechtswahl nur, soweit hierdurch der durch zwingende Bestimmungen des Rechts des Staates des gew\u00f6hnlichen Aufenthaltes des Verbrauchers gew\u00e4hrte Schutz nicht entzogen wird (G\u00fcnstigkeitsprinzip).<\/p>\n<p><strong>(2)<\/strong> Erf\u00fcllungsort f\u00fcr alle Leistungen aus den mit uns bestehenden Gesch\u00e4ftsbeziehungen sowie Gerichtsstand ist unser Sitz, soweit Sie nicht Verbraucher, sondern Kaufmann, juristische Person des \u00f6ffentlichen Rechts oder \u00f6ffentlich-rechtliches Sonderverm\u00f6gen sind. Dasselbe gilt, wenn Sie keinen allgemeinen Gerichtsstand in Deutschland oder der EU haben oder der Wohnsitz oder gew\u00f6hnliche Aufenthalt im Zeitpunkt der Klageerhebung nicht bekannt ist. Die Befugnis, auch das Gericht an einem anderen gesetzlichen Gerichtsstand anzurufen, bleibt hiervon unber\u00fchrt.<\/p>\n<p><strong>(3)<\/strong> Die Bestimmungen des UN-Kaufrechts finden ausdr\u00fccklich keine Anwendung.<\/p>\n<\/div>\n<\/div>\n\n\t\t<\/div>\n\t<\/div>\n<\/div><\/div><\/div><\/div>\n<\/div>","protected":false},"excerpt":{"rendered":"<p>Allgemeine Gesch\u00e4ftsbedingungen und Kundeninformationen I. Allgemeine Gesch\u00e4ftsbedingungen Stand: 07\/2018 Identit\u00e4t des Verk\u00e4ufers MSS GmbH \u2013 Mineral Supply Service Marie-Jahn-Str. 18 30177 Hannover Deutschland Telefon: +49 511 36733201 E-Mail: info@mss-gmbh.net \u00a7 1 Grundlegende Bestimmungen (1) Die nachstehenden Gesch\u00e4ftsbedingungen gelten f\u00fcr alle Vertr\u00e4ge, die Sie mit uns als Anbieter (MINECO &#8211; Bulat Khatsaev) \u00fcber die Internetseite www.mineco.eu&hellip;<\/p>","protected":false},"author":4,"featured_media":0,"parent":0,"menu_order":0,"comment_status":"closed","ping_status":"closed","template":"","meta":{"footnotes":""},"class_list":["post-36625","page","type-page","status-publish","hentry","description-off"],"yoast_head":"<!-- This site is optimized with the Yoast SEO plugin v26.4 - https:\/\/yoast.com\/wordpress\/plugins\/seo\/ -->\n<title>Allgemeine Gesch\u00e4ftsbedingungen - MSS GmbH<\/title>\n<meta name=\"robots\" content=\"index, follow, max-snippet:-1, max-image-preview:large, max-video-preview:-1\" \/>\n<link rel=\"canonical\" href=\"https:\/\/mss-gmbh.net\/en\/agb\/\" \/>\n<meta property=\"og:locale\" content=\"en_GB\" \/>\n<meta property=\"og:type\" content=\"article\" \/>\n<meta property=\"og:title\" content=\"Allgemeine Gesch\u00e4ftsbedingungen - MSS GmbH\" \/>\n<meta property=\"og:url\" content=\"https:\/\/mss-gmbh.net\/en\/agb\/\" \/>\n<meta property=\"og:site_name\" content=\"MSS GmbH\" \/>\n<meta property=\"article:publisher\" content=\"https:\/\/www.facebook.com\/mineco.eu\/\" \/>\n<meta property=\"article:modified_time\" content=\"2020-08-10T09:48:04+00:00\" \/>\n<meta name=\"twitter:card\" content=\"summary_large_image\" \/>\n<script type=\"application\/ld+json\" class=\"yoast-schema-graph\">{\"@context\":\"https:\/\/schema.org\",\"@graph\":[{\"@type\":\"WebPage\",\"@id\":\"https:\/\/mss-gmbh.net\/agb\/\",\"url\":\"https:\/\/mss-gmbh.net\/agb\/\",\"name\":\"Allgemeine Gesch\u00e4ftsbedingungen - MSS GmbH\",\"isPartOf\":{\"@id\":\"https:\/\/mss-gmbh.net\/#website\"},\"datePublished\":\"2017-08-08T19:08:27+00:00\",\"dateModified\":\"2020-08-10T09:48:04+00:00\",\"breadcrumb\":{\"@id\":\"https:\/\/mss-gmbh.net\/agb\/#breadcrumb\"},\"inLanguage\":\"en-GB\",\"potentialAction\":[{\"@type\":\"ReadAction\",\"target\":[\"https:\/\/mss-gmbh.net\/agb\/\"]}]},{\"@type\":\"BreadcrumbList\",\"@id\":\"https:\/\/mss-gmbh.net\/agb\/#breadcrumb\",\"itemListElement\":[{\"@type\":\"ListItem\",\"position\":1,\"name\":\"Startseite\",\"item\":\"https:\/\/mss-gmbh.net\/\"},{\"@type\":\"ListItem\",\"position\":2,\"name\":\"Allgemeine Gesch\u00e4ftsbedingungen\"}]},{\"@type\":\"WebSite\",\"@id\":\"https:\/\/mss-gmbh.net\/#website\",\"url\":\"https:\/\/mss-gmbh.net\/\",\"name\":\"MINECO\",\"description\":\"\",\"potentialAction\":[{\"@type\":\"SearchAction\",\"target\":{\"@type\":\"EntryPoint\",\"urlTemplate\":\"https:\/\/mss-gmbh.net\/?s={search_term_string}\"},\"query-input\":{\"@type\":\"PropertyValueSpecification\",\"valueRequired\":true,\"valueName\":\"search_term_string\"}}],\"inLanguage\":\"en-GB\"}]}<\/script>\n<!-- \/ Yoast SEO plugin. -->","yoast_head_json":{"title":"Allgemeine Gesch\u00e4ftsbedingungen - MSS GmbH","robots":{"index":"index","follow":"follow","max-snippet":"max-snippet:-1","max-image-preview":"max-image-preview:large","max-video-preview":"max-video-preview:-1"},"canonical":"https:\/\/mss-gmbh.net\/en\/agb\/","og_locale":"en_GB","og_type":"article","og_title":"Allgemeine Gesch\u00e4ftsbedingungen - MSS GmbH","og_url":"https:\/\/mss-gmbh.net\/en\/agb\/","og_site_name":"MSS GmbH","article_publisher":"https:\/\/www.facebook.com\/mineco.eu\/","article_modified_time":"2020-08-10T09:48:04+00:00","twitter_card":"summary_large_image","schema":{"@context":"https:\/\/schema.org","@graph":[{"@type":"WebPage","@id":"https:\/\/mss-gmbh.net\/agb\/","url":"https:\/\/mss-gmbh.net\/agb\/","name":"Allgemeine Gesch\u00e4ftsbedingungen - MSS GmbH","isPartOf":{"@id":"https:\/\/mss-gmbh.net\/#website"},"datePublished":"2017-08-08T19:08:27+00:00","dateModified":"2020-08-10T09:48:04+00:00","breadcrumb":{"@id":"https:\/\/mss-gmbh.net\/agb\/#breadcrumb"},"inLanguage":"en-GB","potentialAction":[{"@type":"ReadAction","target":["https:\/\/mss-gmbh.net\/agb\/"]}]},{"@type":"BreadcrumbList","@id":"https:\/\/mss-gmbh.net\/agb\/#breadcrumb","itemListElement":[{"@type":"ListItem","position":1,"name":"Startseite","item":"https:\/\/mss-gmbh.net\/"},{"@type":"ListItem","position":2,"name":"Allgemeine Gesch\u00e4ftsbedingungen"}]},{"@type":"WebSite","@id":"https:\/\/mss-gmbh.net\/#website","url":"https:\/\/mss-gmbh.net\/","name":"MINECO","description":"","potentialAction":[{"@type":"SearchAction","target":{"@type":"EntryPoint","urlTemplate":"https:\/\/mss-gmbh.net\/?s={search_term_string}"},"query-input":{"@type":"PropertyValueSpecification","valueRequired":true,"valueName":"search_term_string"}}],"inLanguage":"en-GB"}]}},"_links":{"self":[{"href":"https:\/\/mss-gmbh.net\/en\/wp-json\/wp\/v2\/pages\/36625","targetHints":{"allow":["GET"]}}],"collection":[{"href":"https:\/\/mss-gmbh.net\/en\/wp-json\/wp\/v2\/pages"}],"about":[{"href":"https:\/\/mss-gmbh.net\/en\/wp-json\/wp\/v2\/types\/page"}],"author":[{"embeddable":true,"href":"https:\/\/mss-gmbh.net\/en\/wp-json\/wp\/v2\/users\/4"}],"replies":[{"embeddable":true,"href":"https:\/\/mss-gmbh.net\/en\/wp-json\/wp\/v2\/comments?post=36625"}],"version-history":[{"count":17,"href":"https:\/\/mss-gmbh.net\/en\/wp-json\/wp\/v2\/pages\/36625\/revisions"}],"predecessor-version":[{"id":38062,"href":"https:\/\/mss-gmbh.net\/en\/wp-json\/wp\/v2\/pages\/36625\/revisions\/38062"}],"wp:attachment":[{"href":"https:\/\/mss-gmbh.net\/en\/wp-json\/wp\/v2\/media?parent=36625"}],"curies":[{"name":"wp","href":"https:\/\/api.w.org\/{rel}","templated":true}]}}