{"id":36591,"date":"2017-08-08T18:26:07","date_gmt":"2017-08-08T16:26:07","guid":{"rendered":"https:\/\/mss-gmbh.net\/?page_id=36591"},"modified":"2018-04-02T18:38:53","modified_gmt":"2018-04-02T16:38:53","slug":"produkte","status":"publish","type":"page","link":"https:\/\/mss-gmbh.net\/en\/produkte\/","title":{"rendered":"Produkte"},"content":{"rendered":"<div class=\"wpb-content-wrapper\"><div class=\"vc_row wpb_row vc_row-fluid dt-default\" style=\"margin-top: -50px;margin-bottom: 0px\"><div class=\"wpb_column vc_column_container vc_col-sm-12\"><div class=\"vc_column-inner vc_custom_1506892871273\"><div class=\"wpb_wrapper\">\n\t<div  class=\"wpb_single_image wpb_content_element vc_align_center\">\n\t\t\n\t\t<figure class=\"wpb_wrapper vc_figure\">\n\t\t\t<div class=\"vc_single_image-wrapper   vc_box_border_grey\"><\/div>\n\t\t<\/figure>\n\t<\/div>\n<\/div><\/div><\/div><\/div><!-- Row Backgrounds --><div class=\"vc_row wpb_row vc_row-fluid dt-default\" style=\"margin-top: 0px;margin-bottom: 0px\"><div class=\"wpb_column vc_column_container vc_col-sm-12\"><div class=\"vc_column-inner\"><div class=\"wpb_wrapper\">\n\t<div class=\"wpb_text_column wpb_content_element\" >\n\t\t<div class=\"wpb_wrapper\">\n\t\t\t<p style=\"text-align: justify; hyphens: auto;\">Unsere Anstriche und Farben zeichnen sich insbesondere durch ihre nat\u00fcrliche und \u00f6kologische Zusammensetzung sowie effektive und dauerhafte Wirkungsweise aus. Die Schutzanstriche k\u00f6nnen schnell und einfach zu Verarbeitet werden. Und weil uns die Gesundheit und das Wohlbefinden unserer Kunden besonders am Herzen liegt, verzichten wir bewusst bei der Herstellung unserer Produkte auf die Verwendung von sch\u00e4dlichen Zusatzstoffen oder giftiger Chemie. Dadurch sind alle unsere Beschichtungen und Farben frei von\u00a0Bioziden, Fungiziden, L\u00f6semitteln, Konservierungsstoffen sowie Weichmachern.<\/p>\n<p>&nbsp;<\/p>\n<p style=\"text-align: justify; hyphens: auto;\">\n\n\t\t<\/div>\n\t<\/div>\n<\/div><\/div><\/div><\/div><div class=\"vc_row wpb_row vc_row-fluid dt-default\" style=\"margin-top: 0px;margin-bottom: 0px\"><div class=\"wpb_column vc_column_container vc_col-sm-4\"><div class=\"vc_column-inner\"><div class=\"wpb_wrapper\">\n\t<div  class=\"wpb_single_image wpb_content_element vc_align_center\">\n\t\t\n\t\t<figure class=\"wpb_wrapper vc_figure\">\n\t\t\t<a href=\"https:\/\/mss-gmbh.net\/en\/schimmelschutz\/\" target=\"_self\"  class=\"vc_single_image-wrapper   vc_box_border_grey\"   ><\/a>\n\t\t<\/figure>\n\t<\/div>\n<\/div><\/div><\/div><div class=\"wpb_column vc_column_container vc_col-sm-4\"><div class=\"vc_column-inner\"><div class=\"wpb_wrapper\">\n\t<div  class=\"wpb_single_image wpb_content_element vc_align_center\">\n\t\t\n\t\t<figure class=\"wpb_wrapper vc_figure\">\n\t\t\t<a href=\"https:\/\/mss-gmbh.net\/en\/schimmelschutz\/\" target=\"_self\"  class=\"vc_single_image-wrapper   vc_box_border_grey\"   ><\/a>\n\t\t<\/figure>\n\t<\/div>\n<\/div><\/div><\/div><div class=\"wpb_column vc_column_container vc_col-sm-4\"><div class=\"vc_column-inner\"><div class=\"wpb_wrapper\">\n\t<div  class=\"wpb_single_image wpb_content_element vc_align_center\">\n\t\t\n\t\t<figure class=\"wpb_wrapper vc_figure\">\n\t\t\t<a href=\"https:\/\/mss-gmbh.net\/en\/schimmelschutz\/\" target=\"_self\"  class=\"vc_single_image-wrapper   vc_box_border_grey\"   ><\/a>\n\t\t<\/figure>\n\t<\/div>\n<\/div><\/div><\/div><\/div><div class=\"vc_row wpb_row vc_row-fluid\"><div class=\"wpb_column vc_column_container vc_col-sm-12\"><div class=\"vc_column-inner\"><div class=\"wpb_wrapper\"><div id=\"ult-carousel-409917254669f294fb71164\" class=\"ult-carousel-wrapper  vc_custom_1521830211275  ult_horizontal\" data-gutter=\"15\" data-rtl=\"false\" ><div class=\"ult-carousel-108717179569f294fb7110c\" ><div class=\"ult-item-wrap\" data-animation=\"animated no-animation\"><div class=\"aio-icon-component    style_1\"><div id=\"Info-box-wrap-4997\" class=\"aio-icon-box top-icon\" style=\"\"  ><div class=\"aio-icon-top\"><div class=\"ult-item-wrap\" data-animation=\"animated no-animation\"><div class=\"ult-just-icon-wrapper\"><div class=\"align-icon\" style=\"text-align:center;\">\n<div class=\"aio-icon-img\" style=\"font-size:100px;display:inline-block;\" >\n\t<img decoding=\"async\" class=\"img-icon\" alt=\"null\" src=\"https:\/\/mss-gmbh.net\/wp-content\/uploads\/2018\/03\/Amazon.png\"\/>\n<\/div><\/div><\/div><\/div><\/div><div class=\"aio-icon-header\" ><h3 class=\"aio-icon-title ult-responsive\"  data-ultimate-target='#Info-box-wrap-4997 .aio-icon-title'  data-responsive-json-new='{\"font-size\":\"\",\"line-height\":\"\"}'  style=\"\">Sehr zuverl\u00e4ssiger Schimmelschutz!<\/h3><\/div> <!-- header --><div class=\"aio-icon-description ult-responsive\"  data-ultimate-target='#Info-box-wrap-4997 .aio-icon-description'  data-responsive-json-new='{\"font-size\":\"\",\"line-height\":\"\"}'  style=\"\"><\/p>\n<p style=\"text-align: left;\"><span class=\"a-size-base review-text\" data-hook=\"review-body\"><em>&#8222;Hatte den Anstrich schon mal vor l\u00e4ngerer Zeit in Bad angewendet. Ich muss sagen, seither hatte ich keine Probleme mehr mit Schimmel. Hatte davor einige Anti-Schimmel Sprays verwendet, aber nichts was lange hielt. Daher kann ich diesen nur Empfehlen!&#8220; <\/em><\/span><\/p>\n<p style=\"text-align: left;\"><span class=\"a-size-base review-text\" data-hook=\"review-body\">Ilja W. (Berlin)<br \/>\n<\/span><\/p>\n<p><\/div> <!-- description --><\/div> <!-- aio-icon-box --><\/div> <!-- aio-icon-component --><\/div><div class=\"ult-item-wrap\" data-animation=\"animated no-animation\"><div class=\"aio-icon-component    style_1\"><div id=\"Info-box-wrap-6523\" class=\"aio-icon-box top-icon\" style=\"\"  ><div class=\"aio-icon-top\"><div class=\"ult-item-wrap\" data-animation=\"animated no-animation\"><div class=\"ult-just-icon-wrapper\"><div class=\"align-icon\" style=\"text-align:center;\">\n<div class=\"aio-icon-img\" style=\"font-size:100px;display:inline-block;\" >\n\t<img decoding=\"async\" class=\"img-icon\" alt=\"null\" src=\"https:\/\/mss-gmbh.net\/wp-content\/uploads\/2018\/03\/ebay.png\"\/>\n<\/div><\/div><\/div><\/div><\/div><div class=\"aio-icon-header\" ><h3 class=\"aio-icon-title ult-responsive\"  data-ultimate-target='#Info-box-wrap-6523 .aio-icon-title'  data-responsive-json-new='{\"font-size\":\"\",\"line-height\":\"\"}'  style=\"\">Top!<\/h3><\/div> <!-- header --><div class=\"aio-icon-description ult-responsive\"  data-ultimate-target='#Info-box-wrap-6523 .aio-icon-description'  data-responsive-json-new='{\"font-size\":\"\",\"line-height\":\"\"}'  style=\"\"><\/p>\n<p style=\"text-align: left;\"><em><span class=\"a-size-base review-text\" data-hook=\"review-body\">&#8222;Top! Hatte den Schimmelschutz schon einmal vor einem Jahr ben\u00fctzt. Bin sehr Zufrieden damit. Tut was es soll und es bleiben keine Spuren auf der Wand. Kann ich nur weiterempfehlen.&#8220; <\/span><\/em><\/p>\n<p style=\"text-align: left;\"><span class=\"a-size-base review-text\" data-hook=\"review-body\">Tanja W. (Wolfsburg)<\/span><\/p>\n<p><\/div> <!-- description --><\/div> <!-- aio-icon-box --><\/div> <!-- aio-icon-component --><\/div><div class=\"ult-item-wrap\" data-animation=\"animated no-animation\"><div class=\"aio-icon-component    style_1\"><div id=\"Info-box-wrap-1947\" class=\"aio-icon-box top-icon\" style=\"\"  ><div class=\"aio-icon-top\"><div class=\"ult-item-wrap\" data-animation=\"animated no-animation\"><div class=\"ult-just-icon-wrapper\"><div class=\"align-icon\" style=\"text-align:center;\">\n<div class=\"aio-icon-img\" style=\"font-size:100px;display:inline-block;\" >\n\t<img decoding=\"async\" class=\"img-icon\" alt=\"null\" src=\"https:\/\/mss-gmbh.net\/wp-content\/uploads\/2018\/03\/Amazon.png\"\/>\n<\/div><\/div><\/div><\/div><\/div><div class=\"aio-icon-header\" ><h3 class=\"aio-icon-title ult-responsive\"  data-ultimate-target='#Info-box-wrap-1947 .aio-icon-title'  data-responsive-json-new='{\"font-size\":\"\",\"line-height\":\"\"}'  style=\"\">Endlich Schimmelfrei!<\/h3><\/div> <!-- header --><div class=\"aio-icon-description ult-responsive\"  data-ultimate-target='#Info-box-wrap-1947 .aio-icon-description'  data-responsive-json-new='{\"font-size\":\"\",\"line-height\":\"\"}'  style=\"\"><\/p>\n<p style=\"text-align: left;\"><span class=\"a-size-base review-text\" data-hook=\"review-body\"><em>&#8222;Eine wirklich gute Alternative zu den g\u00e4ngigen\u00a0Schimmelentfernern die man so aus dem Baumarkt\u00a0kennt. Hatte davor schon einiges ausprobiert.&#8220; <\/em><\/span><\/p>\n<p style=\"text-align: left;\"><span class=\"a-size-base review-text\" data-hook=\"review-body\">Klaus B. (Holzminden)<br \/>\n<\/span><\/p>\n<p><\/div> <!-- description --><\/div> <!-- aio-icon-box --><\/div> <!-- aio-icon-component --><\/div><div class=\"ult-item-wrap\" data-animation=\"animated no-animation\"><div class=\"aio-icon-component    style_1\"><div id=\"Info-box-wrap-2418\" class=\"aio-icon-box top-icon\" style=\"\"  ><div class=\"aio-icon-top\"><div class=\"ult-item-wrap\" data-animation=\"animated no-animation\"><div class=\"ult-just-icon-wrapper\"><div class=\"align-icon\" style=\"text-align:center;\">\n<div class=\"aio-icon-img\" style=\"font-size:100px;display:inline-block;\" >\n\t<img decoding=\"async\" class=\"img-icon\" alt=\"null\" src=\"https:\/\/mss-gmbh.net\/wp-content\/uploads\/2018\/03\/ebay.png\"\/>\n<\/div><\/div><\/div><\/div><\/div><div class=\"aio-icon-header\" ><h3 class=\"aio-icon-title ult-responsive\"  data-ultimate-target='#Info-box-wrap-2418 .aio-icon-title'  data-responsive-json-new='{\"font-size\":\"\",\"line-height\":\"\"}'  style=\"\">Eine sehr gute Anti Schimmel Farbe<\/h3><\/div> <!-- header --><div class=\"aio-icon-description ult-responsive\"  data-ultimate-target='#Info-box-wrap-2418 .aio-icon-description'  data-responsive-json-new='{\"font-size\":\"\",\"line-height\":\"\"}'  style=\"\"><\/p>\n<p style=\"text-align: left;\"><em><span class=\"a-size-base review-text\" data-hook=\"review-body\">&#8222;Wirklich empfehlenswert! Kein schimmeliger Geruch und keine Schimmelflecken auf der Wand. Die Farbe \u00fcberdeckt sehr gut.&#8220; <\/span><\/em><\/p>\n<p style=\"text-align: left;\"><span class=\"a-size-base review-text\" data-hook=\"review-body\">Alexandra P. (Aachen)<\/span><\/p>\n<p><\/div> <!-- description --><\/div> <!-- aio-icon-box --><\/div> <!-- aio-icon-component --><\/div><\/div><\/div>\t\t\t<script type=\"text\/javascript\">\n\t\t\t\tjQuery(document).ready(function ($) {\n\t\t\t\t\tif( typeof jQuery('.ult-carousel-108717179569f294fb7110c').slick == \"function\"){\n\t\t\t\t\t\t$('.ult-carousel-108717179569f294fb7110c').slick({dots: true,autoplay: true,autoplaySpeed: \"5000\",speed: \"600\",infinite: true,arrows: true,nextArrow: '<button type=\"button\" role=\"button\" aria-label=\"Next\" style=\"color:#a5a5a5; font-size:20px;\" class=\"slick-next default\"><i class=\"ultsl-arrow-right4\"><\/i><\/button>',prevArrow: '<button type=\"button\" role=\"button\" aria-label=\"Previous\" style=\"color:#a5a5a5; font-size:20px;\" class=\"slick-prev default\"><i class=\"ultsl-arrow-left4\"><\/i><\/button>',slidesToScroll:1,slidesToShow:1,swipe: true,draggable: true,touchMove: true,pauseOnHover: true,pauseOnFocus: false,responsive: [\n\t\t\t\t\t\t\t{\n\t\t\t\t\t\t\t  breakpoint: 1026,\n\t\t\t\t\t\t\t  settings: {\n\t\t\t\t\t\t\t\tslidesToShow: 1,\n\t\t\t\t\t\t\t\tslidesToScroll: 1,  \n\t\t\t\t\t\t\t  }\n\t\t\t\t\t\t\t},\n\t\t\t\t\t\t\t{\n\t\t\t\t\t\t\t  breakpoint: 1025,\n\t\t\t\t\t\t\t  settings: {\n\t\t\t\t\t\t\t\tslidesToShow: 1,\n\t\t\t\t\t\t\t\tslidesToScroll: 1\n\t\t\t\t\t\t\t  }\n\t\t\t\t\t\t\t},\n\t\t\t\t\t\t\t{\n\t\t\t\t\t\t\t  breakpoint: 760,\n\t\t\t\t\t\t\t  settings: {\n\t\t\t\t\t\t\t\tslidesToShow: 1,\n\t\t\t\t\t\t\t\tslidesToScroll: 1\n\t\t\t\t\t\t\t  }\n\t\t\t\t\t\t\t}\n\t\t\t\t\t\t],pauseOnDotsHover: true,customPaging: function(slider, i) {\n                   return '<i type=\"button\" style= \"color:#333333;\" class=\"ultsl-record\" data-role=\"none\"><\/i>';\n                },});\n\t\t\t\t\t}\n\t\t\t\t});\n\t\t\t<\/script>\n\t\t\t<\/div><\/div><\/div><\/div><!-- Row Backgrounds --><div class=\"upb_color\" data-bg-override=\"0\" data-bg-color=\"#f4f4f4\" data-fadeout=\"\" data-fadeout-percentage=\"30\" data-parallax-content=\"\" data-parallax-content-sense=\"30\" data-row-effect-mobile-disable=\"true\" data-img-parallax-mobile-disable=\"true\" data-rtl=\"false\"  data-custom-vc-row=\"\"  data-vc=\"8.7.2\"  data-is_old_vc=\"\"  data-theme-support=\"\"   data-overlay=\"false\" data-overlay-color=\"\" data-overlay-pattern=\"\" data-overlay-pattern-opacity=\"\" data-overlay-pattern-size=\"\"    ><\/div>\n<\/div>","protected":false},"excerpt":{"rendered":"<p>Unsere Anstriche und Farben zeichnen sich insbesondere durch ihre nat\u00fcrliche und \u00f6kologische Zusammensetzung sowie effektive und dauerhafte Wirkungsweise aus. Die Schutzanstriche k\u00f6nnen schnell und einfach zu Verarbeitet werden. Und weil uns die Gesundheit und das Wohlbefinden unserer Kunden besonders am Herzen liegt, verzichten wir bewusst bei der Herstellung unserer Produkte auf die Verwendung von sch\u00e4dlichen&hellip;<\/p>","protected":false},"author":4,"featured_media":0,"parent":0,"menu_order":0,"comment_status":"closed","ping_status":"closed","template":"","meta":{"footnotes":""},"class_list":["post-36591","page","type-page","status-publish","hentry","description-off"],"yoast_head":"<!-- This site is optimized with the Yoast SEO plugin v26.4 - https:\/\/yoast.com\/wordpress\/plugins\/seo\/ -->\n<title>Nat\u00fcrliche, \u00f6kologische Beschichtungen f\u00fcr ein gesundes Wohnen<\/title>\n<meta name=\"description\" content=\"MINECO Anstriche und Farben zeichnen sich besonders durch ihre nat\u00fcrliche, \u00f6kologische Zusammensetzung, effektive Wirkungsweise sowie eineschnelle und einfache Verarbeitung aus.\" \/>\n<meta name=\"robots\" content=\"index, follow, max-snippet:-1, max-image-preview:large, max-video-preview:-1\" \/>\n<link rel=\"canonical\" href=\"https:\/\/mss-gmbh.net\/en\/produkte\/\" \/>\n<meta property=\"og:locale\" content=\"en_GB\" \/>\n<meta property=\"og:type\" content=\"article\" \/>\n<meta property=\"og:title\" content=\"Nat\u00fcrliche, \u00f6kologische Beschichtungen f\u00fcr ein gesundes Wohnen\" \/>\n<meta property=\"og:description\" content=\"MINECO Anstriche und Farben zeichnen sich besonders durch ihre nat\u00fcrliche, \u00f6kologische Zusammensetzung, effektive Wirkungsweise sowie eineschnelle und einfache Verarbeitung aus.\" \/>\n<meta property=\"og:url\" content=\"https:\/\/mss-gmbh.net\/en\/produkte\/\" \/>\n<meta property=\"og:site_name\" content=\"MSS GmbH\" \/>\n<meta property=\"article:publisher\" content=\"https:\/\/www.facebook.com\/mineco.eu\/\" \/>\n<meta property=\"article:modified_time\" content=\"2018-04-02T16:38:53+00:00\" \/>\n<meta name=\"twitter:card\" content=\"summary_large_image\" \/>\n<script type=\"application\/ld+json\" class=\"yoast-schema-graph\">{\"@context\":\"https:\/\/schema.org\",\"@graph\":[{\"@type\":\"WebPage\",\"@id\":\"https:\/\/mss-gmbh.net\/produkte\/\",\"url\":\"https:\/\/mss-gmbh.net\/produkte\/\",\"name\":\"Nat\u00fcrliche, \u00f6kologische Beschichtungen f\u00fcr ein gesundes Wohnen\",\"isPartOf\":{\"@id\":\"https:\/\/mss-gmbh.net\/#website\"},\"datePublished\":\"2017-08-08T16:26:07+00:00\",\"dateModified\":\"2018-04-02T16:38:53+00:00\",\"description\":\"MINECO Anstriche und Farben zeichnen sich besonders durch ihre nat\u00fcrliche, \u00f6kologische Zusammensetzung, effektive Wirkungsweise sowie eineschnelle und einfache Verarbeitung aus.\",\"breadcrumb\":{\"@id\":\"https:\/\/mss-gmbh.net\/produkte\/#breadcrumb\"},\"inLanguage\":\"en-GB\",\"potentialAction\":[{\"@type\":\"ReadAction\",\"target\":[\"https:\/\/mss-gmbh.net\/produkte\/\"]}]},{\"@type\":\"BreadcrumbList\",\"@id\":\"https:\/\/mss-gmbh.net\/produkte\/#breadcrumb\",\"itemListElement\":[{\"@type\":\"ListItem\",\"position\":1,\"name\":\"Startseite\",\"item\":\"https:\/\/mss-gmbh.net\/\"},{\"@type\":\"ListItem\",\"position\":2,\"name\":\"Produkte\"}]},{\"@type\":\"WebSite\",\"@id\":\"https:\/\/mss-gmbh.net\/#website\",\"url\":\"https:\/\/mss-gmbh.net\/\",\"name\":\"MINECO\",\"description\":\"\",\"potentialAction\":[{\"@type\":\"SearchAction\",\"target\":{\"@type\":\"EntryPoint\",\"urlTemplate\":\"https:\/\/mss-gmbh.net\/?s={search_term_string}\"},\"query-input\":{\"@type\":\"PropertyValueSpecification\",\"valueRequired\":true,\"valueName\":\"search_term_string\"}}],\"inLanguage\":\"en-GB\"}]}<\/script>\n<!-- \/ Yoast SEO plugin. -->","yoast_head_json":{"title":"Nat\u00fcrliche, \u00f6kologische Beschichtungen f\u00fcr ein gesundes Wohnen","description":"MINECO Anstriche und Farben zeichnen sich besonders durch ihre nat\u00fcrliche, \u00f6kologische Zusammensetzung, effektive Wirkungsweise sowie eineschnelle und einfache Verarbeitung aus.","robots":{"index":"index","follow":"follow","max-snippet":"max-snippet:-1","max-image-preview":"max-image-preview:large","max-video-preview":"max-video-preview:-1"},"canonical":"https:\/\/mss-gmbh.net\/en\/produkte\/","og_locale":"en_GB","og_type":"article","og_title":"Nat\u00fcrliche, \u00f6kologische Beschichtungen f\u00fcr ein gesundes Wohnen","og_description":"MINECO Anstriche und Farben zeichnen sich besonders durch ihre nat\u00fcrliche, \u00f6kologische Zusammensetzung, effektive Wirkungsweise sowie eineschnelle und einfache Verarbeitung aus.","og_url":"https:\/\/mss-gmbh.net\/en\/produkte\/","og_site_name":"MSS GmbH","article_publisher":"https:\/\/www.facebook.com\/mineco.eu\/","article_modified_time":"2018-04-02T16:38:53+00:00","twitter_card":"summary_large_image","schema":{"@context":"https:\/\/schema.org","@graph":[{"@type":"WebPage","@id":"https:\/\/mss-gmbh.net\/produkte\/","url":"https:\/\/mss-gmbh.net\/produkte\/","name":"Nat\u00fcrliche, \u00f6kologische Beschichtungen f\u00fcr ein gesundes Wohnen","isPartOf":{"@id":"https:\/\/mss-gmbh.net\/#website"},"datePublished":"2017-08-08T16:26:07+00:00","dateModified":"2018-04-02T16:38:53+00:00","description":"MINECO Anstriche und Farben zeichnen sich besonders durch ihre nat\u00fcrliche, \u00f6kologische Zusammensetzung, effektive Wirkungsweise sowie eineschnelle und einfache Verarbeitung aus.","breadcrumb":{"@id":"https:\/\/mss-gmbh.net\/produkte\/#breadcrumb"},"inLanguage":"en-GB","potentialAction":[{"@type":"ReadAction","target":["https:\/\/mss-gmbh.net\/produkte\/"]}]},{"@type":"BreadcrumbList","@id":"https:\/\/mss-gmbh.net\/produkte\/#breadcrumb","itemListElement":[{"@type":"ListItem","position":1,"name":"Startseite","item":"https:\/\/mss-gmbh.net\/"},{"@type":"ListItem","position":2,"name":"Produkte"}]},{"@type":"WebSite","@id":"https:\/\/mss-gmbh.net\/#website","url":"https:\/\/mss-gmbh.net\/","name":"MINECO","description":"","potentialAction":[{"@type":"SearchAction","target":{"@type":"EntryPoint","urlTemplate":"https:\/\/mss-gmbh.net\/?s={search_term_string}"},"query-input":{"@type":"PropertyValueSpecification","valueRequired":true,"valueName":"search_term_string"}}],"inLanguage":"en-GB"}]}},"_links":{"self":[{"href":"https:\/\/mss-gmbh.net\/en\/wp-json\/wp\/v2\/pages\/36591","targetHints":{"allow":["GET"]}}],"collection":[{"href":"https:\/\/mss-gmbh.net\/en\/wp-json\/wp\/v2\/pages"}],"about":[{"href":"https:\/\/mss-gmbh.net\/en\/wp-json\/wp\/v2\/types\/page"}],"author":[{"embeddable":true,"href":"https:\/\/mss-gmbh.net\/en\/wp-json\/wp\/v2\/users\/4"}],"replies":[{"embeddable":true,"href":"https:\/\/mss-gmbh.net\/en\/wp-json\/wp\/v2\/comments?post=36591"}],"version-history":[{"count":30,"href":"https:\/\/mss-gmbh.net\/en\/wp-json\/wp\/v2\/pages\/36591\/revisions"}],"predecessor-version":[{"id":37441,"href":"https:\/\/mss-gmbh.net\/en\/wp-json\/wp\/v2\/pages\/36591\/revisions\/37441"}],"wp:attachment":[{"href":"https:\/\/mss-gmbh.net\/en\/wp-json\/wp\/v2\/media?parent=36591"}],"curies":[{"name":"wp","href":"https:\/\/api.w.org\/{rel}","templated":true}]}}