{"id":36534,"date":"2017-08-08T10:12:31","date_gmt":"2017-08-08T08:12:31","guid":{"rendered":"https:\/\/mss-gmbh.net\/?page_id=36534"},"modified":"2020-12-09T12:07:17","modified_gmt":"2020-12-09T11:07:17","slug":"startseite","status":"publish","type":"page","link":"https:\/\/mss-gmbh.net\/en\/","title":{"rendered":"Startseite"},"content":{"rendered":"<div class=\"wpb-content-wrapper\"><div class=\"vc_row wpb_row vc_row-fluid dt-default\" style=\"margin-top: 0px;margin-bottom: 0px\"><div class=\"wpb_column vc_column_container vc_col-sm-3\"><div class=\"vc_column-inner\"><div class=\"wpb_wrapper\"><\/div><\/div><\/div><div class=\"wpb_column vc_column_container vc_col-sm-3\"><div class=\"vc_column-inner\"><div class=\"wpb_wrapper\"><div class=\"aio-icon-component    style_2\"><div id=\"Info-box-wrap-1787\" class=\"aio-icon-box left-icon\" style=\"\"  ><div class=\"aio-icon-left\"><div class=\"ult-just-icon-wrapper\"><div class=\"align-icon\" style=\"text-align:center;\">\n<div class=\"aio-icon-img\" style=\"font-size:80px;display:inline-block;\" data-animation=\"fadeIn\" data-animation-delay=\"03\">\n\t<img decoding=\"async\" class=\"img-icon\" alt=\"null\" src=\"https:\/\/mss-gmbh.net\/wp-content\/uploads\/2017\/08\/Phone.png\"\/>\n<\/div><\/div><\/div><\/div><div class=\"aio-ibd-block\"><div class=\"aio-icon-header\" ><h3 class=\"aio-icon-title ult-responsive\"  data-ultimate-target='#Info-box-wrap-1787 .aio-icon-title'  data-responsive-json-new='{\"font-size\":\"\",\"line-height\":\"\"}'  style=\"font-family:&#039;Open Sans&#039;;font-weight:bold;color:#606060;\">+49 511 26242627<\/h3><\/div> <!-- header --><\/div> <!-- aio-ibd-block --><\/div> <!-- aio-icon-box --><\/div> <!-- aio-icon-component --><\/div><\/div><\/div><div class=\"wpb_column vc_column_container vc_col-sm-3\"><div class=\"vc_column-inner\"><div class=\"wpb_wrapper\"><div class=\"aio-icon-component    style_2\"><a class=\"aio-icon-box-link\" href=\"http:\/\/mss-gmbh.net\/en\/kontakt\/\" ><div id=\"Info-box-wrap-8280\" class=\"aio-icon-box left-icon\" style=\"\"  ><div class=\"aio-icon-left\"><div class=\"ult-just-icon-wrapper\"><div class=\"align-icon\" style=\"text-align:center;\">\n<div class=\"aio-icon-img\" style=\"font-size:80px;display:inline-block;\" data-animation=\"fadeIn\" data-animation-delay=\"03\">\n\t<img decoding=\"async\" class=\"img-icon\" alt=\"null\" src=\"https:\/\/mss-gmbh.net\/wp-content\/uploads\/2017\/08\/Email.png\"\/>\n<\/div><\/div><\/div><\/div><div class=\"aio-ibd-block\"><div class=\"aio-icon-header\" ><h3 class=\"aio-icon-title ult-responsive\"  data-ultimate-target='#Info-box-wrap-8280 .aio-icon-title'  data-responsive-json-new='{\"font-size\":\"\",\"line-height\":\"\"}'  style=\"font-family:&#039;Open Sans&#039;;font-weight:bold;color:#606060;\">Contact Us<\/h3><\/div> <!-- header --><\/div> <!-- aio-ibd-block --><\/div> <!-- aio-icon-box --><\/a><\/div> <!-- aio-icon-component --><\/div><\/div><\/div><div class=\"wpb_column vc_column_container vc_col-sm-3\"><div class=\"vc_column-inner\"><div class=\"wpb_wrapper\"><\/div><\/div><\/div><\/div><div class=\"vc_row wpb_row vc_row-fluid wpb_animate_when_almost_visible wpb_fadeInUp fadeInUp\"><div class=\"wpb_column vc_column_container vc_col-sm-6\"><div class=\"vc_column-inner\"><div class=\"wpb_wrapper\">\n\t<div class=\"wpb_text_column wpb_content_element  wpb_animate_when_almost_visible wpb_fadeIn fadeIn\" >\n\t\t<div class=\"wpb_wrapper\">\n\t\t\t<h3 align=\"left\">Your partner for customized solution concepts<\/h3>\n<p>MSS GmbH is a medium-sized company based in Hanover. We are a manufacturer of ecological paints and coatings for the municipal sector as well as mineral corrosion protection coatings for the manufacturing, district heating, wastewater, oil and gas industries. In addition to our production, we are an international provider of system solutions, pipeline diagnostics and plant construction.<\/p>\n<p>With more than 30 years\u2019 experience and worldwide collaboration with a variety of companies in a variety of disciplines, we are able to offer our customers customised solutions and a wide range of services and products.<\/p>\n\n\t\t<\/div>\n\t<\/div>\n<\/div><\/div><\/div><div class=\"wpb_column vc_column_container vc_col-sm-6\"><div class=\"vc_column-inner\"><div class=\"wpb_wrapper\">\n\t<div  class=\"wpb_single_image wpb_content_element vc_align_center\">\n\t\t\n\t\t<figure class=\"wpb_wrapper vc_figure\">\n\t\t\t<div class=\"vc_single_image-wrapper   vc_box_border_grey\"><img loading=\"lazy\" decoding=\"async\" width=\"850\" height=\"435\" src=\"https:\/\/mss-gmbh.net\/wp-content\/uploads\/2018\/09\/Earth.png\" class=\"vc_single_image-img attachment-large\" alt=\"\" title=\"Earth\" srcset=\"https:\/\/mss-gmbh.net\/wp-content\/uploads\/2018\/09\/Earth.png 850w, https:\/\/mss-gmbh.net\/wp-content\/uploads\/2018\/09\/Earth-300x154.png 300w, https:\/\/mss-gmbh.net\/wp-content\/uploads\/2018\/09\/Earth-768x393.png 768w\" sizes=\"auto, (max-width: 850px) 100vw, 850px\"  data-dt-location=\"https:\/\/mss-gmbh.net\/en\/startseite\/earth\/\" \/><\/div>\n\t\t<\/figure>\n\t<\/div>\n<\/div><\/div><\/div><\/div><!-- Row Backgrounds --><div class=\"upb_color\" data-bg-override=\"0\" data-bg-color=\"#eaeaea\" data-fadeout=\"\" data-fadeout-percentage=\"30\" data-parallax-content=\"\" data-parallax-content-sense=\"30\" data-row-effect-mobile-disable=\"true\" data-img-parallax-mobile-disable=\"true\" data-rtl=\"false\"  data-custom-vc-row=\"\"  data-vc=\"8.7.2\"  data-is_old_vc=\"\"  data-theme-support=\"\"   data-overlay=\"false\" data-overlay-color=\"\" data-overlay-pattern=\"\" data-overlay-pattern-opacity=\"\" data-overlay-pattern-size=\"\"    ><\/div><div class=\"vc_row wpb_row vc_row-fluid wpb_animate_when_almost_visible wpb_fadeInUp fadeInUp vc_custom_1607511806870\"><div class=\"wpb_column vc_column_container vc_col-sm-4\"><div class=\"vc_column-inner\"><div class=\"wpb_wrapper\"><div id=\"ultimate-heading-872869f0b6ca52f1a\" class=\"uvc-heading ult-adjust-bottom-margin ultimate-heading-872869f0b6ca52f1a uvc-3039\" data-hspacer=\"no_spacer\"  data-halign=\"center\" style=\"text-align:center\"><div class=\"uvc-heading-spacer no_spacer\" style=\"top\"><\/div><div class=\"uvc-main-heading ult-responsive\"  data-ultimate-target='.uvc-heading.ultimate-heading-872869f0b6ca52f1a h3'  data-responsive-json-new='{\"font-size\":\"desktop:20px;\",\"line-height\":\"\"}' ><h3 style=\"--font-weight:theme;margin-bottom:20px;\">Herstellung von Beschichtungen<\/h3><\/div><\/div><div class=\"vc-hoverbox-wrapper  vc_custom_1607511933379 vc-hoverbox-shape--rounded vc-hoverbox-align--center vc-hoverbox-direction--default vc-hoverbox-width--100\"  ontouchstart=\"\">\n  <div class=\"vc-hoverbox\">\n    <div class=\"vc-hoverbox-inner\">\n      <div class=\"vc-hoverbox-block vc-hoverbox-front\" style=\"background-image: url(https:\/\/mss-gmbh.net\/wp-content\/uploads\/2019\/03\/MINECO-Antischimmel-Farbe-e1552475982428.jpg);\">\n        <div class=\"vc-hoverbox-block-inner vc-hoverbox-front-inner\">\n            \n        <\/div>\n      <\/div>\n      <div class=\"vc-hoverbox-block vc-hoverbox-back\" style=\"background-color: #ebebeb;\">\n        <div class=\"vc-hoverbox-block-inner vc-hoverbox-back-inner\">\n            \n            <p style=\"text-align: center;\">MSS GmbH is a manufacturer of mineral corrosion protection coatings, protective coatings and paints.<\/p>\n<p>\u00a0<\/p>\n\n            \n        <\/div>\n      <\/div>\n    <\/div>\n  <\/div>\n<\/div><\/div><\/div><\/div><div class=\"wpb_column vc_column_container vc_col-sm-4\"><div class=\"vc_column-inner\"><div class=\"wpb_wrapper\"><div id=\"ultimate-heading-222469f0b6ca53550\" class=\"uvc-heading ult-adjust-bottom-margin ultimate-heading-222469f0b6ca53550 uvc-5557\" data-hspacer=\"no_spacer\"  data-halign=\"center\" style=\"text-align:center\"><div class=\"uvc-heading-spacer no_spacer\" style=\"top\"><\/div><div class=\"uvc-main-heading ult-responsive\"  data-ultimate-target='.uvc-heading.ultimate-heading-222469f0b6ca53550 h3'  data-responsive-json-new='{\"font-size\":\"desktop:20px;\",\"line-height\":\"\"}' ><h3 style=\"--font-weight:theme;margin-bottom:20px;\">Equipment Construction<\/h3><\/div><\/div><div class=\"vc-hoverbox-wrapper  vc_custom_1607511914595 vc-hoverbox-shape--rounded vc-hoverbox-align--center vc-hoverbox-direction--default vc-hoverbox-width--100\"  ontouchstart=\"\">\n  <div class=\"vc-hoverbox\">\n    <div class=\"vc-hoverbox-inner\">\n      <div class=\"vc-hoverbox-block vc-hoverbox-front\" style=\"background-image: url(https:\/\/mss-gmbh.net\/wp-content\/uploads\/2018\/09\/Ultraschalldiagnostik-MSS-GmbH-1024x650.jpg);\">\n        <div class=\"vc-hoverbox-block-inner vc-hoverbox-front-inner\">\n            \n        <\/div>\n      <\/div>\n      <div class=\"vc-hoverbox-block vc-hoverbox-back\" style=\"background-color: #ebebeb;\">\n        <div class=\"vc-hoverbox-block-inner vc-hoverbox-back-inner\">\n            \n            <p>MSS GmbH builds special systems for various areas, from rehabilitation systems for district heating pipelines to inspection and measuring systems for pipelines to high-pressure systems and water jet milling machines.<\/p>\n\n            \n        <\/div>\n      <\/div>\n    <\/div>\n  <\/div>\n<\/div><\/div><\/div><\/div><div class=\"wpb_column vc_column_container vc_col-sm-4\"><div class=\"vc_column-inner\"><div class=\"wpb_wrapper\"><div id=\"ultimate-heading-217369f0b6ca53a7e\" class=\"uvc-heading ult-adjust-bottom-margin ultimate-heading-217369f0b6ca53a7e uvc-6343\" data-hspacer=\"no_spacer\"  data-halign=\"center\" style=\"text-align:center\"><div class=\"uvc-heading-spacer no_spacer\" style=\"top\"><\/div><div class=\"uvc-main-heading ult-responsive\"  data-ultimate-target='.uvc-heading.ultimate-heading-217369f0b6ca53a7e h3'  data-responsive-json-new='{\"font-size\":\"desktop:20px;\",\"line-height\":\"\"}' ><h3 style=\"--font-weight:theme;margin-bottom:20px;\">Projektrealisierung<\/h3><\/div><\/div><div class=\"vc-hoverbox-wrapper  vc_custom_1607511940058 vc-hoverbox-shape--rounded vc-hoverbox-align--center vc-hoverbox-direction--default vc-hoverbox-width--100\"  ontouchstart=\"\">\n  <div class=\"vc-hoverbox\">\n    <div class=\"vc-hoverbox-inner\">\n      <div class=\"vc-hoverbox-block vc-hoverbox-front\" style=\"background-image: url(https:\/\/mss-gmbh.net\/wp-content\/uploads\/2018\/11\/Reinigung-1024x744.jpg);\">\n        <div class=\"vc-hoverbox-block-inner vc-hoverbox-front-inner\">\n            \n        <\/div>\n      <\/div>\n      <div class=\"vc-hoverbox-block vc-hoverbox-back\" style=\"background-color: #ebebeb;\">\n        <div class=\"vc-hoverbox-block-inner vc-hoverbox-back-inner\">\n            \n            <p style=\"text-align: center;\">We help you with the implementation of projects and accompany them in all phases, from the conception to the complete realization.<\/p>\n<p>\u00a0<\/p>\n\n            \n        <\/div>\n      <\/div>\n    <\/div>\n  <\/div>\n<\/div><\/div><\/div><\/div><\/div><div class=\"vc_row wpb_row vc_row-fluid wpb_animate_when_almost_visible wpb_fadeInUp fadeInUp\"><div class=\"wpb_column vc_column_container vc_col-sm-6\"><div class=\"vc_column-inner\"><div class=\"wpb_wrapper\">\n\t<div  class=\"wpb_single_image wpb_content_element vc_align_center\">\n\t\t\n\t\t<figure class=\"wpb_wrapper vc_figure\">\n\t\t\t<div class=\"vc_single_image-wrapper   vc_box_border_grey\"><img loading=\"lazy\" decoding=\"async\" width=\"229\" height=\"300\" src=\"https:\/\/mss-gmbh.net\/wp-content\/uploads\/2018\/09\/MSS_Logo_New-229x300.png\" class=\"vc_single_image-img attachment-medium\" alt=\"\" title=\"MSS_Logo_New\" srcset=\"https:\/\/mss-gmbh.net\/wp-content\/uploads\/2018\/09\/MSS_Logo_New-229x300.png 229w, https:\/\/mss-gmbh.net\/wp-content\/uploads\/2018\/09\/MSS_Logo_New-300x394.png 300w, https:\/\/mss-gmbh.net\/wp-content\/uploads\/2018\/09\/MSS_Logo_New.png 400w\" sizes=\"auto, (max-width: 229px) 100vw, 229px\"  data-dt-location=\"https:\/\/mss-gmbh.net\/en\/mss_logo_new\/\" \/><\/div>\n\t\t<\/figure>\n\t<\/div>\n<\/div><\/div><\/div><div class=\"wpb_column vc_column_container vc_col-sm-6\"><div class=\"vc_column-inner\"><div class=\"wpb_wrapper\">\n\t<div class=\"wpb_text_column wpb_content_element  wpb_animate_when_almost_visible wpb_fadeIn fadeIn\" >\n\t\t<div class=\"wpb_wrapper\">\n\t\t\t<h3 align=\"left\">Your partner for customized solutions from Northern Germany<\/h3>\n<p>MSS GmbH is a medium-sized company based in Hanover. We are a manufacturer of ecological paints and coatings for the municipal sector as well as mineral corrosion protection coatings for the manufacturing, district heating, wastewater, oil and gas industries. In addition to our production, we are an international provider of system solutions, pipeline diagnostics and plant construction.<br \/>\nWith more than 30 years\u2019 experience and worldwide collaboration with a variety of companies in a variety of disciplines, we are able to offer our customers customised solutions and a wide range of services and products.<\/p>\n\n\t\t<\/div>\n\t<\/div>\n<\/div><\/div><\/div><\/div><!-- Row Backgrounds --><div class=\"upb_color\" data-bg-override=\"0\" data-bg-color=\"#eaeaea\" data-fadeout=\"\" data-fadeout-percentage=\"30\" data-parallax-content=\"\" data-parallax-content-sense=\"30\" data-row-effect-mobile-disable=\"true\" data-img-parallax-mobile-disable=\"true\" data-rtl=\"false\"  data-custom-vc-row=\"\"  data-vc=\"8.7.2\"  data-is_old_vc=\"\"  data-theme-support=\"\"   data-overlay=\"false\" data-overlay-color=\"\" data-overlay-pattern=\"\" data-overlay-pattern-opacity=\"\" data-overlay-pattern-size=\"\"    ><\/div>\n<\/div>","protected":false},"excerpt":{"rendered":"<p>+49 511 26242627 Schreiben Sie uns Ihr Partner f\u00fcr\u00a0ma\u00dfgeschneiderte L\u00f6sungskonzepte Die MSS GmbH \u2013 mineral supply service ist ein international agierender Anbieter von Systeml\u00f6sungen f\u00fcr die Bereiche Korrosionsschutz, Rohrleitungdiagnostik, Bautenschutz und Anlagenbau. Mit Sitz in Hannover bietet das mittelst\u00e4ndige Unternehmen f\u00fcr Kunden und Partner ma\u00dfgeschneiderte L\u00f6sungskonzepte sowie eine breite Palette an Serviceleistungen und Produkten. Wenn&hellip;<\/p>","protected":false},"author":4,"featured_media":0,"parent":0,"menu_order":0,"comment_status":"closed","ping_status":"closed","template":"","meta":{"footnotes":""},"class_list":["post-36534","page","type-page","status-publish","hentry","description-off"],"yoast_head":"<!-- This site is optimized with the Yoast SEO plugin v26.4 - https:\/\/yoast.com\/wordpress\/plugins\/seo\/ -->\n<title>MSS GmbH - Mineral Supply Service<\/title>\n<meta name=\"description\" content=\"MSS GmbH - Mineral Supply Service. Internationaler Anbieter f\u00fcr Systeml\u00f6sungen in den Bereichen Korrosionsschutz, Rohrleitungdiagnostik, Bautenschutz und Anlagebau\" \/>\n<meta name=\"robots\" content=\"index, follow, max-snippet:-1, max-image-preview:large, max-video-preview:-1\" \/>\n<link rel=\"canonical\" href=\"https:\/\/mss-gmbh.net\/en\/\" \/>\n<meta property=\"og:locale\" content=\"en_GB\" \/>\n<meta property=\"og:type\" content=\"article\" \/>\n<meta property=\"og:title\" content=\"MSS GmbH - Mineral Supply Service\" \/>\n<meta property=\"og:description\" content=\"MSS GmbH - Mineral Supply Service. Internationaler Anbieter f\u00fcr Systeml\u00f6sungen in den Bereichen Korrosionsschutz, Rohrleitungdiagnostik, Bautenschutz und Anlagebau\" \/>\n<meta property=\"og:url\" content=\"https:\/\/mss-gmbh.net\/en\/\" \/>\n<meta property=\"og:site_name\" content=\"MSS GmbH\" \/>\n<meta property=\"article:publisher\" content=\"https:\/\/www.facebook.com\/mineco.eu\/\" \/>\n<meta property=\"article:modified_time\" content=\"2020-12-09T11:07:17+00:00\" \/>\n<meta name=\"twitter:card\" content=\"summary_large_image\" \/>\n<script type=\"application\/ld+json\" class=\"yoast-schema-graph\">{\"@context\":\"https:\/\/schema.org\",\"@graph\":[{\"@type\":\"WebPage\",\"@id\":\"https:\/\/mss-gmbh.net\/\",\"url\":\"https:\/\/mss-gmbh.net\/\",\"name\":\"MSS GmbH - Mineral Supply Service\",\"isPartOf\":{\"@id\":\"https:\/\/mss-gmbh.net\/#website\"},\"datePublished\":\"2017-08-08T08:12:31+00:00\",\"dateModified\":\"2020-12-09T11:07:17+00:00\",\"description\":\"MSS GmbH - Mineral Supply Service. Internationaler Anbieter f\u00fcr Systeml\u00f6sungen in den Bereichen Korrosionsschutz, Rohrleitungdiagnostik, Bautenschutz und Anlagebau\",\"breadcrumb\":{\"@id\":\"https:\/\/mss-gmbh.net\/#breadcrumb\"},\"inLanguage\":\"en-GB\",\"potentialAction\":[{\"@type\":\"ReadAction\",\"target\":[\"https:\/\/mss-gmbh.net\/\"]}]},{\"@type\":\"BreadcrumbList\",\"@id\":\"https:\/\/mss-gmbh.net\/#breadcrumb\",\"itemListElement\":[{\"@type\":\"ListItem\",\"position\":1,\"name\":\"Startseite\",\"item\":\"https:\/\/mss-gmbh.net\/\"},{\"@type\":\"ListItem\",\"position\":2,\"name\":\"Startseite\"}]},{\"@type\":\"WebSite\",\"@id\":\"https:\/\/mss-gmbh.net\/#website\",\"url\":\"https:\/\/mss-gmbh.net\/\",\"name\":\"MINECO\",\"description\":\"\",\"potentialAction\":[{\"@type\":\"SearchAction\",\"target\":{\"@type\":\"EntryPoint\",\"urlTemplate\":\"https:\/\/mss-gmbh.net\/?s={search_term_string}\"},\"query-input\":{\"@type\":\"PropertyValueSpecification\",\"valueRequired\":true,\"valueName\":\"search_term_string\"}}],\"inLanguage\":\"en-GB\"}]}<\/script>\n<!-- \/ Yoast SEO plugin. -->","yoast_head_json":{"title":"MSS GmbH - Mineral Supply Service","description":"MSS GmbH - Mineral Supply Service. Internationaler Anbieter f\u00fcr Systeml\u00f6sungen in den Bereichen Korrosionsschutz, Rohrleitungdiagnostik, Bautenschutz und Anlagebau","robots":{"index":"index","follow":"follow","max-snippet":"max-snippet:-1","max-image-preview":"max-image-preview:large","max-video-preview":"max-video-preview:-1"},"canonical":"https:\/\/mss-gmbh.net\/en\/","og_locale":"en_GB","og_type":"article","og_title":"MSS GmbH - Mineral Supply Service","og_description":"MSS GmbH - Mineral Supply Service. Internationaler Anbieter f\u00fcr Systeml\u00f6sungen in den Bereichen Korrosionsschutz, Rohrleitungdiagnostik, Bautenschutz und Anlagebau","og_url":"https:\/\/mss-gmbh.net\/en\/","og_site_name":"MSS GmbH","article_publisher":"https:\/\/www.facebook.com\/mineco.eu\/","article_modified_time":"2020-12-09T11:07:17+00:00","twitter_card":"summary_large_image","schema":{"@context":"https:\/\/schema.org","@graph":[{"@type":"WebPage","@id":"https:\/\/mss-gmbh.net\/","url":"https:\/\/mss-gmbh.net\/","name":"MSS GmbH - Mineral Supply Service","isPartOf":{"@id":"https:\/\/mss-gmbh.net\/#website"},"datePublished":"2017-08-08T08:12:31+00:00","dateModified":"2020-12-09T11:07:17+00:00","description":"MSS GmbH - Mineral Supply Service. Internationaler Anbieter f\u00fcr Systeml\u00f6sungen in den Bereichen Korrosionsschutz, Rohrleitungdiagnostik, Bautenschutz und Anlagebau","breadcrumb":{"@id":"https:\/\/mss-gmbh.net\/#breadcrumb"},"inLanguage":"en-GB","potentialAction":[{"@type":"ReadAction","target":["https:\/\/mss-gmbh.net\/"]}]},{"@type":"BreadcrumbList","@id":"https:\/\/mss-gmbh.net\/#breadcrumb","itemListElement":[{"@type":"ListItem","position":1,"name":"Startseite","item":"https:\/\/mss-gmbh.net\/"},{"@type":"ListItem","position":2,"name":"Startseite"}]},{"@type":"WebSite","@id":"https:\/\/mss-gmbh.net\/#website","url":"https:\/\/mss-gmbh.net\/","name":"MINECO","description":"","potentialAction":[{"@type":"SearchAction","target":{"@type":"EntryPoint","urlTemplate":"https:\/\/mss-gmbh.net\/?s={search_term_string}"},"query-input":{"@type":"PropertyValueSpecification","valueRequired":true,"valueName":"search_term_string"}}],"inLanguage":"en-GB"}]}},"_links":{"self":[{"href":"https:\/\/mss-gmbh.net\/en\/wp-json\/wp\/v2\/pages\/36534","targetHints":{"allow":["GET"]}}],"collection":[{"href":"https:\/\/mss-gmbh.net\/en\/wp-json\/wp\/v2\/pages"}],"about":[{"href":"https:\/\/mss-gmbh.net\/en\/wp-json\/wp\/v2\/types\/page"}],"author":[{"embeddable":true,"href":"https:\/\/mss-gmbh.net\/en\/wp-json\/wp\/v2\/users\/4"}],"replies":[{"embeddable":true,"href":"https:\/\/mss-gmbh.net\/en\/wp-json\/wp\/v2\/comments?post=36534"}],"version-history":[{"count":154,"href":"https:\/\/mss-gmbh.net\/en\/wp-json\/wp\/v2\/pages\/36534\/revisions"}],"predecessor-version":[{"id":38079,"href":"https:\/\/mss-gmbh.net\/en\/wp-json\/wp\/v2\/pages\/36534\/revisions\/38079"}],"wp:attachment":[{"href":"https:\/\/mss-gmbh.net\/en\/wp-json\/wp\/v2\/media?parent=36534"}],"curies":[{"name":"wp","href":"https:\/\/api.w.org\/{rel}","templated":true}]}}